{"id":13223,"date":"2026-02-27T00:17:02","date_gmt":"2026-02-27T00:17:02","guid":{"rendered":"https:\/\/nordicmart.andreevmaster.com\/product\/songmics-rullvagn-i-plast-vit\/"},"modified":"2026-02-27T08:10:26","modified_gmt":"2026-02-27T08:10:26","slug":"songmics-rullvagn-i-plast-vit","status":"publish","type":"product","link":"https:\/\/nordicmart.andreevmaster.com\/sv\/produkt\/songmics-rullvagn-i-plast-vit\/","title":{"rendered":"SONGMICS Rullvagn i plast Vit"},"content":{"rendered":"<p>Mycket f\u00f6rvaringsutrymme som tar liten plats: Med m\u00e5tten 36,5 x 28 x 86 cm har rullvagnen 4 f\u00f6rvaringsfack som \u00e4r v\u00e4l f\u00f6rdelade p\u00e5 hyllan. S\u00e5 kan olika k\u00f6ksredskap, livsmedel, kosmetika, leksaker eller f\u00f6rvaring p\u00e5 kontoret f\u00e5 sin plats. Slitningar p\u00e5 sidov\u00e4ggarna i f\u00f6rvaringsfacken ger hyllan en lekfull design. Robust och barnsligt enkelt: Hyllan \u00e4r tillverkad av vit PP-plast och \u00e4r barnsligt enkel att montera, men \u00e4nd\u00e5 mycket stabil och robust. Den kan enkelt skjutas och dras p\u00e5 sina 4 universalhjul. Den har en b\u00e4rkraft p\u00e5 20 kg. L\u00e4tt att reng\u00f6ra och montera: En illustrerad bruksanvisning f\u00f6rklarar tydligt hur hyllan monteras. Delarna s\u00e4tts enkelt ihop, vilket g\u00e5r utan verktyg och p\u00e5 n\u00e5gra minuter. Vid flytt eller n\u00e4r den inte anv\u00e4nds kan hyllan lika snabbt monteras is\u00e4r igen. Produktdetaljer: F\u00e4rg: vit Material: PP-plast Produktm\u00e5tt: 36,5 x 28 x 86 cm (B x H x D) Vikt: 1,7 kg Belastbarhet: 20 kg Leveransomfattning: 1 x rullvagn 1 x instruktioner (DE, EN, FR, ES, IT) SONGMICS Anm\u00e4rkningar: F\u00f6r att fogarna ska h\u00e5lla ihop ordentligt och hyllan inte skadas b\u00f6r du INTE montera och demontera produkten flera g\u00e5nger.Skydda produkten fr\u00e5n v\u00e4rmek\u00e4llor f\u00f6r att undvika skador.<\/p>\n","protected":false},"excerpt":{"rendered":"<p>SONGMICS Rullvagn i plast Allroundvagn med hjul f\u00f6r k\u00f6k, kontor, badrum Vit med 4 hyllplan 86 cm h\u00f6g KSC04WT<\/p>\n","protected":false},"featured_media":41392,"comment_status":"open","ping_status":"closed","template":"","meta":[],"product_brand":[],"product_cat":[33],"product_tag":[],"class_list":{"0":"post-13223","1":"product","2":"type-product","3":"status-publish","4":"has-post-thumbnail","6":"product_cat-okategoriserad","8":"first","9":"instock","10":"shipping-taxable","11":"purchasable","12":"product-type-simple"},"_links":{"self":[{"href":"https:\/\/nordicmart.andreevmaster.com\/sv\/wp-json\/wp\/v2\/product\/13223","targetHints":{"allow":["GET"]}}],"collection":[{"href":"https:\/\/nordicmart.andreevmaster.com\/sv\/wp-json\/wp\/v2\/product"}],"about":[{"href":"https:\/\/nordicmart.andreevmaster.com\/sv\/wp-json\/wp\/v2\/types\/product"}],"replies":[{"embeddable":true,"href":"https:\/\/nordicmart.andreevmaster.com\/sv\/wp-json\/wp\/v2\/comments?post=13223"}],"wp:featuredmedia":[{"embeddable":true,"href":"https:\/\/nordicmart.andreevmaster.com\/sv\/wp-json\/wp\/v2\/media\/41392"}],"wp:attachment":[{"href":"https:\/\/nordicmart.andreevmaster.com\/sv\/wp-json\/wp\/v2\/media?parent=13223"}],"wp:term":[{"taxonomy":"product_brand","embeddable":true,"href":"https:\/\/nordicmart.andreevmaster.com\/sv\/wp-json\/wp\/v2\/product_brand?post=13223"},{"taxonomy":"product_cat","embeddable":true,"href":"https:\/\/nordicmart.andreevmaster.com\/sv\/wp-json\/wp\/v2\/product_cat?post=13223"},{"taxonomy":"product_tag","embeddable":true,"href":"https:\/\/nordicmart.andreevmaster.com\/sv\/wp-json\/wp\/v2\/product_tag?post=13223"}],"curies":[{"name":"wp","href":"https:\/\/api.w.org\/{rel}","templated":true}]}}