{"id":13220,"date":"2026-02-27T00:17:01","date_gmt":"2026-02-27T00:17:01","guid":{"rendered":"https:\/\/nordicmart.andreevmaster.com\/product\/songmics-koksvagn-med-hjul\/"},"modified":"2026-02-27T08:10:25","modified_gmt":"2026-02-27T08:10:25","slug":"songmics-koksvagn-med-hjul","status":"publish","type":"product","link":"https:\/\/nordicmart.andreevmaster.com\/sv\/produkt\/songmics-koksvagn-med-hjul\/","title":{"rendered":"SONGMICS k\u00f6ksvagn med hjul"},"content":{"rendered":"<p>Denna vagn i PP-plast \u00e4r visuellt tilltalande i elegant vitt och praktisk med 4 hyllor, vilket g\u00f6r att den passar perfekt i olika sammanhang. Tack vare de 4 universalhjulen garanterar den utm\u00e4rkt flexibilitet\/r\u00f6rlighet, s\u00e5 att du snabbt och enkelt kommer \u00e5t de saker du beh\u00f6ver.  Produktdetaljer:  &#8211; F\u00e4rg: vit &#8211; Material: PP-plast &#8211; Produktm\u00e5tt: 27,5 x 74,5 x 32,5 cm (B x H x D) &#8211; Avst\u00e5nd: 21 cm &#8211; Vikt: 1,95 kg &#8211; Belastbarhet: 20 kg Leveransomfattning:- 1 x rullvagn &#8211; 1 x bruksanvisning (DE, EN, FR, ES, IT) Anvisningar: &#8211; Placera inte f\u00f6r tunga f\u00f6rem\u00e5l p\u00e5 produkten. F\u00f6r att uppn\u00e5 en l\u00e5ng livsl\u00e4ngd, undvik att montera och demontera produkten flera g\u00e5nger. &#8211; Produkten b\u00f6r skyddas fr\u00e5n v\u00e4rmek\u00e4llor.<\/p>\n","protected":false},"excerpt":{"rendered":"<p>SONGMICS rullvagn, rullhylla av plast PP, universalvagn, platsbesparande f\u00f6r k\u00f6k, badrum, f\u00f6rvaring, k\u00f6ksvagn, k\u00f6kshylla med hjul, badrumshylla, badrums vagn KSC02WT<\/p>\n","protected":false},"featured_media":41389,"comment_status":"open","ping_status":"closed","template":"","meta":[],"product_brand":[],"product_cat":[33],"product_tag":[],"class_list":{"0":"post-13220","1":"product","2":"type-product","3":"status-publish","4":"has-post-thumbnail","6":"product_cat-okategoriserad","8":"first","9":"instock","10":"shipping-taxable","11":"purchasable","12":"product-type-simple"},"_links":{"self":[{"href":"https:\/\/nordicmart.andreevmaster.com\/sv\/wp-json\/wp\/v2\/product\/13220","targetHints":{"allow":["GET"]}}],"collection":[{"href":"https:\/\/nordicmart.andreevmaster.com\/sv\/wp-json\/wp\/v2\/product"}],"about":[{"href":"https:\/\/nordicmart.andreevmaster.com\/sv\/wp-json\/wp\/v2\/types\/product"}],"replies":[{"embeddable":true,"href":"https:\/\/nordicmart.andreevmaster.com\/sv\/wp-json\/wp\/v2\/comments?post=13220"}],"wp:featuredmedia":[{"embeddable":true,"href":"https:\/\/nordicmart.andreevmaster.com\/sv\/wp-json\/wp\/v2\/media\/41389"}],"wp:attachment":[{"href":"https:\/\/nordicmart.andreevmaster.com\/sv\/wp-json\/wp\/v2\/media?parent=13220"}],"wp:term":[{"taxonomy":"product_brand","embeddable":true,"href":"https:\/\/nordicmart.andreevmaster.com\/sv\/wp-json\/wp\/v2\/product_brand?post=13220"},{"taxonomy":"product_cat","embeddable":true,"href":"https:\/\/nordicmart.andreevmaster.com\/sv\/wp-json\/wp\/v2\/product_cat?post=13220"},{"taxonomy":"product_tag","embeddable":true,"href":"https:\/\/nordicmart.andreevmaster.com\/sv\/wp-json\/wp\/v2\/product_tag?post=13220"}],"curies":[{"name":"wp","href":"https:\/\/api.w.org\/{rel}","templated":true}]}}