{"id":13219,"date":"2026-02-27T00:17:01","date_gmt":"2026-02-27T00:17:01","guid":{"rendered":"https:\/\/nordicmart.andreevmaster.com\/product\/songmics-litet-badrumshyllor-pa-hjul-3-fack\/"},"modified":"2026-02-27T08:10:25","modified_gmt":"2026-02-27T08:10:25","slug":"songmics-litet-badrumshyllor-pa-hjul-3-fack","status":"publish","type":"product","link":"https:\/\/nordicmart.andreevmaster.com\/sv\/produkt\/songmics-litet-badrumshyllor-pa-hjul-3-fack\/","title":{"rendered":"SONGMICS Litet badrumshyllor p\u00e5 hjul 3 fack"},"content":{"rendered":"<p>Denna rullvagn i PP-plast har ett elegant vitt utseende. 3 hyllor passar perfekt f\u00f6r olika \u00e4ndam\u00e5l. Tack vare de 4 universalhjulen har den utm\u00e4rkt r\u00f6rlighet. Med vagnen f\u00e5r du ordning och kommer snabbt \u00e5t dina saker. Produktdetaljer: &#8211; F\u00e4rg: vit &#8211; Material: PP-plast &#8211; Belastningskapacitet: 18 kg &#8211; Produktm\u00e5tt: 45 x 70 x 32 cm &#8211; Avst\u00e5nd: 33,3 cm, 23,3 cm  &#8211; Vikt: 2,4 kg Leveransomfattning: &#8211; 1 x rullvagn &#8211; 1 x bruksanvisning (DE, EN, FR, ES, IT) Anvisningar: &#8211; Placera inte f\u00f6r tunga f\u00f6rem\u00e5l p\u00e5 produkten. F\u00f6r att skydda fogarna\/delarna b\u00f6r du inte montera och demontera produkten flera g\u00e5nger. &#8211; Produkten b\u00f6r skyddas fr\u00e5n v\u00e4rmek\u00e4llor.<\/p>\n","protected":false},"excerpt":{"rendered":"<p>SONGMICS rullvagn PP universalvagn, f\u00f6r k\u00f6k, badrum, f\u00f6rvaring, k\u00f6ksvagn, k\u00f6kshylla med hjul, badrumshylla, badrums vagn, 3 f\u00f6rvaringsfack, vit KSC01WT<\/p>\n","protected":false},"featured_media":41388,"comment_status":"open","ping_status":"closed","template":"","meta":[],"product_brand":[],"product_cat":[33],"product_tag":[],"class_list":{"0":"post-13219","1":"product","2":"type-product","3":"status-publish","4":"has-post-thumbnail","6":"product_cat-okategoriserad","8":"first","9":"instock","10":"shipping-taxable","11":"purchasable","12":"product-type-simple"},"_links":{"self":[{"href":"https:\/\/nordicmart.andreevmaster.com\/sv\/wp-json\/wp\/v2\/product\/13219","targetHints":{"allow":["GET"]}}],"collection":[{"href":"https:\/\/nordicmart.andreevmaster.com\/sv\/wp-json\/wp\/v2\/product"}],"about":[{"href":"https:\/\/nordicmart.andreevmaster.com\/sv\/wp-json\/wp\/v2\/types\/product"}],"replies":[{"embeddable":true,"href":"https:\/\/nordicmart.andreevmaster.com\/sv\/wp-json\/wp\/v2\/comments?post=13219"}],"wp:featuredmedia":[{"embeddable":true,"href":"https:\/\/nordicmart.andreevmaster.com\/sv\/wp-json\/wp\/v2\/media\/41388"}],"wp:attachment":[{"href":"https:\/\/nordicmart.andreevmaster.com\/sv\/wp-json\/wp\/v2\/media?parent=13219"}],"wp:term":[{"taxonomy":"product_brand","embeddable":true,"href":"https:\/\/nordicmart.andreevmaster.com\/sv\/wp-json\/wp\/v2\/product_brand?post=13219"},{"taxonomy":"product_cat","embeddable":true,"href":"https:\/\/nordicmart.andreevmaster.com\/sv\/wp-json\/wp\/v2\/product_cat?post=13219"},{"taxonomy":"product_tag","embeddable":true,"href":"https:\/\/nordicmart.andreevmaster.com\/sv\/wp-json\/wp\/v2\/product_tag?post=13219"}],"curies":[{"name":"wp","href":"https:\/\/api.w.org\/{rel}","templated":true}]}}