{"id":13216,"date":"2026-02-27T00:17:00","date_gmt":"2026-02-27T00:17:00","guid":{"rendered":"https:\/\/nordicmart.andreevmaster.com\/product\/songmics-nischhylla-pa-hjul-med-4-hyllplan-vit\/"},"modified":"2026-02-27T08:10:24","modified_gmt":"2026-02-27T08:10:24","slug":"songmics-nischhylla-pa-hjul-med-4-hyllplan-vit","status":"publish","type":"product","link":"https:\/\/nordicmart.andreevmaster.com\/sv\/produkt\/songmics-nischhylla-pa-hjul-med-4-hyllplan-vit\/","title":{"rendered":"SONGMICS nischhylla p\u00e5 hjul med 4 hyllplan, vit"},"content":{"rendered":"<p>Bredvid din disk: Placera kryddor, s\u00e5ser, matoljor och andra ofta anv\u00e4nda matlagningsingredienser p\u00e5 detta k\u00f6kshyllsystem och skjut in det i den lilla nischen bredvid din disk. P\u00e5 s\u00e5 s\u00e4tt har du salt, peppar och olivolja till hands n\u00e4r du ska l\u00e4gga sista handen vid maten.Bredvid badkaret: Fyll detta praktiska badrumshyllplan med badskum, schampo och handdukar, rulla det bredvid badkaret och hoppa i ett varmt bubbelbad! Bredvid tv\u00e4ttmaskinen: Placera tv\u00e4tt- och reng\u00f6ringsmedel p\u00e5 denna flexibla rullvagn och skjut in den bredvid tv\u00e4ttmaskinen. Tv\u00e4tt blir bara h\u00e4lften s\u00e5 anstr\u00e4ngande. Produktdetaljer:F\u00e4rg: Vit Material: Rostfritt st\u00e5l, PP (polypropen) Total storlek: 40 x 13 x 93 cm (L x B x H) Vikt: 1,3 kg Max. statisk belastningskapacitet per niv\u00e5: 5 kg Leveransomfattning: 1 x rullvagn 6 x krokar 1 x bruksanvisning (DE, EN, DE, FR, ES, IT) SONGMICS Anm\u00e4rkningar:F\u00f6rvara tyngre f\u00f6rem\u00e5l p\u00e5 den nedre hyllan och placera eller h\u00e4ng f\u00f6rem\u00e5l j\u00e4mnt f\u00f6rdelat p\u00e5 varje niv\u00e5 f\u00f6r att undvika att vagnen v\u00e4lter.<\/p>\n","protected":false},"excerpt":{"rendered":"<p>SONGMICS rullvagn med 4 hyllplan, k\u00f6ksvagn, nischhylla p\u00e5 hjul, med handtag, k\u00f6kshylla, badrumshylla, 40 x 13 x 93 cm, vit KSC018W01<\/p>\n","protected":false},"featured_media":41385,"comment_status":"open","ping_status":"closed","template":"","meta":[],"product_brand":[],"product_cat":[33],"product_tag":[],"class_list":{"0":"post-13216","1":"product","2":"type-product","3":"status-publish","4":"has-post-thumbnail","6":"product_cat-okategoriserad","8":"first","9":"instock","10":"shipping-taxable","11":"purchasable","12":"product-type-simple"},"_links":{"self":[{"href":"https:\/\/nordicmart.andreevmaster.com\/sv\/wp-json\/wp\/v2\/product\/13216","targetHints":{"allow":["GET"]}}],"collection":[{"href":"https:\/\/nordicmart.andreevmaster.com\/sv\/wp-json\/wp\/v2\/product"}],"about":[{"href":"https:\/\/nordicmart.andreevmaster.com\/sv\/wp-json\/wp\/v2\/types\/product"}],"replies":[{"embeddable":true,"href":"https:\/\/nordicmart.andreevmaster.com\/sv\/wp-json\/wp\/v2\/comments?post=13216"}],"wp:featuredmedia":[{"embeddable":true,"href":"https:\/\/nordicmart.andreevmaster.com\/sv\/wp-json\/wp\/v2\/media\/41385"}],"wp:attachment":[{"href":"https:\/\/nordicmart.andreevmaster.com\/sv\/wp-json\/wp\/v2\/media?parent=13216"}],"wp:term":[{"taxonomy":"product_brand","embeddable":true,"href":"https:\/\/nordicmart.andreevmaster.com\/sv\/wp-json\/wp\/v2\/product_brand?post=13216"},{"taxonomy":"product_cat","embeddable":true,"href":"https:\/\/nordicmart.andreevmaster.com\/sv\/wp-json\/wp\/v2\/product_cat?post=13216"},{"taxonomy":"product_tag","embeddable":true,"href":"https:\/\/nordicmart.andreevmaster.com\/sv\/wp-json\/wp\/v2\/product_tag?post=13216"}],"curies":[{"name":"wp","href":"https:\/\/api.w.org\/{rel}","templated":true}]}}