{"id":13215,"date":"2026-02-27T00:17:00","date_gmt":"2026-02-27T00:17:00","guid":{"rendered":"https:\/\/nordicmart.andreevmaster.com\/product\/songmics-rullvagn-med-4-nivaer\/"},"modified":"2026-02-27T08:10:24","modified_gmt":"2026-02-27T08:10:24","slug":"songmics-rullvagn-med-4-nivaer","status":"publish","type":"product","link":"https:\/\/nordicmart.andreevmaster.com\/sv\/produkt\/songmics-rullvagn-med-4-nivaer\/","title":{"rendered":"SONGMICS rullvagn med 4 niv\u00e5er"},"content":{"rendered":"<p>Bredvid din disk: Placera kryddor, s\u00e5ser, matoljor och andra vanliga matlagningsingredienser p\u00e5 denna k\u00f6kshylla och skjut in den i den lilla nischen bredvid din disk. P\u00e5 s\u00e5 s\u00e4tt har du salt, peppar och olivolja till hands n\u00e4r du ska l\u00e4gga sista handen vid maten.Bredvid badkaret: Fyll denna praktiska badrumsreol med badskum, schampo och handdukar, rulla den bredvid badkaret och hoppa i ett varmt bubbelbad! Bredvid tv\u00e4ttmaskinen: Placera tv\u00e4tt- och reng\u00f6ringsmedel p\u00e5 denna flexibla rullvagn och skjut in den bredvid tv\u00e4ttmaskinen. Att tv\u00e4tta kl\u00e4der blir bara h\u00e4lften s\u00e5 anstr\u00e4ngande. Produktdetaljer: &#8211; F\u00e4rg: Svart &#8211; Material: Rostfritt st\u00e5l, PP (polypropen) &#8211; Total storlek: 40 x 13,5 x 93 cm (L x B x H) &#8211; Vikt: 1,3 kg &#8211; Max. statisk belastningskapacitet per niv\u00e5: 5 kg Leveransomfattning:- 1 x rullvagn &#8211; 6 x krokar &#8211; 1 x bruksanvisning SONGMICS Anm\u00e4rkningar: &#8211; F\u00f6rvara tyngre f\u00f6rem\u00e5l p\u00e5 den nedre hyllan och placera eller h\u00e4ng f\u00f6rem\u00e5l j\u00e4mnt p\u00e5 varje niv\u00e5 f\u00f6r att undvika att vagnen v\u00e4lter. &#8211; Tryck inte direkt med h\u00e4nderna p\u00e5 r\u00f6r\u00e4ndarna n\u00e4r du monterar vagnen f\u00f6r att undvika skador.<\/p>\n","protected":false},"excerpt":{"rendered":"<p>SONGMICS rullvagn med 4 hyllplan, k\u00f6ksvagn, nischhylla p\u00e5 hjul, med handtag, k\u00f6kshylla, badrumshylla, 40 x 13 x 93 cm, vit KSC018W01<\/p>\n","protected":false},"featured_media":41384,"comment_status":"open","ping_status":"closed","template":"","meta":[],"product_brand":[],"product_cat":[33],"product_tag":[],"class_list":{"0":"post-13215","1":"product","2":"type-product","3":"status-publish","4":"has-post-thumbnail","6":"product_cat-okategoriserad","8":"first","9":"instock","10":"shipping-taxable","11":"purchasable","12":"product-type-simple"},"_links":{"self":[{"href":"https:\/\/nordicmart.andreevmaster.com\/sv\/wp-json\/wp\/v2\/product\/13215","targetHints":{"allow":["GET"]}}],"collection":[{"href":"https:\/\/nordicmart.andreevmaster.com\/sv\/wp-json\/wp\/v2\/product"}],"about":[{"href":"https:\/\/nordicmart.andreevmaster.com\/sv\/wp-json\/wp\/v2\/types\/product"}],"replies":[{"embeddable":true,"href":"https:\/\/nordicmart.andreevmaster.com\/sv\/wp-json\/wp\/v2\/comments?post=13215"}],"wp:featuredmedia":[{"embeddable":true,"href":"https:\/\/nordicmart.andreevmaster.com\/sv\/wp-json\/wp\/v2\/media\/41384"}],"wp:attachment":[{"href":"https:\/\/nordicmart.andreevmaster.com\/sv\/wp-json\/wp\/v2\/media?parent=13215"}],"wp:term":[{"taxonomy":"product_brand","embeddable":true,"href":"https:\/\/nordicmart.andreevmaster.com\/sv\/wp-json\/wp\/v2\/product_brand?post=13215"},{"taxonomy":"product_cat","embeddable":true,"href":"https:\/\/nordicmart.andreevmaster.com\/sv\/wp-json\/wp\/v2\/product_cat?post=13215"},{"taxonomy":"product_tag","embeddable":true,"href":"https:\/\/nordicmart.andreevmaster.com\/sv\/wp-json\/wp\/v2\/product_tag?post=13215"}],"curies":[{"name":"wp","href":"https:\/\/api.w.org\/{rel}","templated":true}]}}