{"id":13214,"date":"2026-02-27T00:16:59","date_gmt":"2026-02-27T00:16:59","guid":{"rendered":"https:\/\/nordicmart.andreevmaster.com\/product\/songmics-rullvagn-med-3-nivaer\/"},"modified":"2026-02-27T08:10:24","modified_gmt":"2026-02-27T08:10:24","slug":"songmics-rullvagn-med-3-nivaer","status":"publish","type":"product","link":"https:\/\/nordicmart.andreevmaster.com\/sv\/produkt\/songmics-rullvagn-med-3-nivaer\/","title":{"rendered":"SONGMICS rullvagn med 3 niv\u00e5er"},"content":{"rendered":"<p>Har n\u00e5gra f\u00f6rem\u00e5l som du anv\u00e4nde ig\u00e5r redan f\u00f6rsvunnit idag och du m\u00e5ste l\u00e4gga mycket tid p\u00e5 att leta efter dem? Oroa dig inte, denna rullvagn fr\u00e5n SONGMICS hj\u00e4lper dig att f\u00e5 slut p\u00e5 det irriterande g\u00f6mspelet! Allt inom r\u00e4ckh\u00e5ll: Utrustad med 3 h\u00f6gkvalitativa PP-plastfack och st\u00f6dd av robusta aluminiumr\u00f6r, erbjuder denna rullvagn tillr\u00e4ckligt med utrymme f\u00f6r alla f\u00f6rem\u00e5l som \u00e4nnu inte har hittat en fast plats i ditt hem. Denna m\u00e5ngsidiga vagn klarar ocks\u00e5 deras vikt utan problem. Dessutom passar serveringsvagnen tack vare sin kompakta storlek perfekt i badrummet f\u00f6r f\u00f6rvaring av sk\u00f6nhetsprodukter, i k\u00f6ket f\u00f6r f\u00f6rvaring av k\u00f6ksredskap eller p\u00e5 kontoret f\u00f6r f\u00f6rvaring av dokument. Om du vill ha ofta anv\u00e4nda f\u00f6rem\u00e5l alltid till hands \u00e4r denna produkt fr\u00e5n SONGMICS precis r\u00e4tt f\u00f6r dig! Produktdetaljer:- F\u00e4rg: Vit &#8211; Material: PP (polypropen), aluminium &#8211; Storlek: 38 x 22 x 72 cm (L x B x H) &#8211; Vikt: 2,7 kg &#8211; Max. statisk belastningskapacitet totalt: 30 kg &#8211; Max. statisk belastningskapacitet per hylla: 10 kg Leveransomfattning:- 1 x rullvagn &#8211; 6 x krokar &#8211; 1 x bricka &#8211; 1 x f\u00f6rvaringsl\u00e5da med 3 fack &#8211; 1 x bruksanvisning SONGMICS Anvisningar: &#8211; Montera produkten endast enligt anvisningarna i denna bruksanvisning. Demontera den inte med v\u00e5ld. &#8211; Varje hylla t\u00e5l en belastning p\u00e5 upp till 10 kg. F\u00f6rvara inte tyngre f\u00f6rem\u00e5l p\u00e5 produkten. &#8211; Tryck inte direkt med h\u00e4nderna p\u00e5 r\u00f6r\u00e4ndarna under monteringen f\u00f6r att undvika skador.<\/p>\n","protected":false},"excerpt":{"rendered":"<p>SONGMICS rullvagn med 3 niv\u00e5er, k\u00f6ksvagn, nischhylla p\u00e5 hjul, badrumshylla med 6 avtagbara krokar, ett litet bricka och en beh\u00e5llare, f\u00f6r vardagsrummet, 38 x 22 x 72 cm, vit KSC011W01<\/p>\n","protected":false},"featured_media":41383,"comment_status":"open","ping_status":"closed","template":"","meta":[],"product_brand":[],"product_cat":[33],"product_tag":[],"class_list":{"0":"post-13214","1":"product","2":"type-product","3":"status-publish","4":"has-post-thumbnail","6":"product_cat-okategoriserad","8":"first","9":"instock","10":"shipping-taxable","11":"purchasable","12":"product-type-simple"},"_links":{"self":[{"href":"https:\/\/nordicmart.andreevmaster.com\/sv\/wp-json\/wp\/v2\/product\/13214","targetHints":{"allow":["GET"]}}],"collection":[{"href":"https:\/\/nordicmart.andreevmaster.com\/sv\/wp-json\/wp\/v2\/product"}],"about":[{"href":"https:\/\/nordicmart.andreevmaster.com\/sv\/wp-json\/wp\/v2\/types\/product"}],"replies":[{"embeddable":true,"href":"https:\/\/nordicmart.andreevmaster.com\/sv\/wp-json\/wp\/v2\/comments?post=13214"}],"wp:featuredmedia":[{"embeddable":true,"href":"https:\/\/nordicmart.andreevmaster.com\/sv\/wp-json\/wp\/v2\/media\/41383"}],"wp:attachment":[{"href":"https:\/\/nordicmart.andreevmaster.com\/sv\/wp-json\/wp\/v2\/media?parent=13214"}],"wp:term":[{"taxonomy":"product_brand","embeddable":true,"href":"https:\/\/nordicmart.andreevmaster.com\/sv\/wp-json\/wp\/v2\/product_brand?post=13214"},{"taxonomy":"product_cat","embeddable":true,"href":"https:\/\/nordicmart.andreevmaster.com\/sv\/wp-json\/wp\/v2\/product_cat?post=13214"},{"taxonomy":"product_tag","embeddable":true,"href":"https:\/\/nordicmart.andreevmaster.com\/sv\/wp-json\/wp\/v2\/product_tag?post=13214"}],"curies":[{"name":"wp","href":"https:\/\/api.w.org\/{rel}","templated":true}]}}