{"id":13210,"date":"2026-02-27T00:16:58","date_gmt":"2026-02-27T00:16:58","guid":{"rendered":"https:\/\/nordicmart.andreevmaster.com\/product\/songmics-rullvagn-med-4-hyllplan-och-6-krokar-pastellrosa\/"},"modified":"2026-02-27T08:10:23","modified_gmt":"2026-02-27T08:10:23","slug":"songmics-rullvagn-med-4-hyllplan-och-6-krokar-pastellrosa","status":"publish","type":"product","link":"https:\/\/nordicmart.andreevmaster.com\/sv\/produkt\/songmics-rullvagn-med-4-hyllplan-och-6-krokar-pastellrosa\/","title":{"rendered":"SONGMICS rullvagn med 4 hyllplan och 6 krokar pastellrosa"},"content":{"rendered":"<p>SONGMICS rullvagn, k\u00f6ksvagn med 4 niv\u00e5er, k\u00f6kshylla, nischhylla p\u00e5 hjul, badrumshylla, platsbesparande, 40 x 13,5 x 86 cm, vit KSC08WT<br \/>\nF\u00e4rg: Pastellrosa<br \/>\nMaterial: PP-plast (polypropen), rostfria st\u00e5lr\u00f6r<br \/>\nStorlek: 14,4 x 42 x 86 cm (D x B x H)<br \/>\nAvst\u00e5nd mellan hyllorna: 25,4 cm<br \/>\nVikt: 1,3 kg<br \/>\nMax. statisk belastningskapacitet f\u00f6r varje hylla: 5 kg<br \/>\nMax. statisk belastningskapacitet totalt: 20 kg<\/p>\n","protected":false},"excerpt":{"rendered":"<p>SONGMICS rullvagn, k\u00f6ksvagn med 4 niv\u00e5er, k\u00f6kshylla, nischhylla p\u00e5 hjul, badrumshylla, platsbesparande, 40 x 13,5 x 86 cm, vit KSC08WT<\/p>\n","protected":false},"featured_media":41379,"comment_status":"open","ping_status":"closed","template":"","meta":[],"product_brand":[],"product_cat":[33],"product_tag":[],"class_list":{"0":"post-13210","1":"product","2":"type-product","3":"status-publish","4":"has-post-thumbnail","6":"product_cat-okategoriserad","8":"first","9":"instock","10":"shipping-taxable","11":"purchasable","12":"product-type-simple"},"_links":{"self":[{"href":"https:\/\/nordicmart.andreevmaster.com\/sv\/wp-json\/wp\/v2\/product\/13210","targetHints":{"allow":["GET"]}}],"collection":[{"href":"https:\/\/nordicmart.andreevmaster.com\/sv\/wp-json\/wp\/v2\/product"}],"about":[{"href":"https:\/\/nordicmart.andreevmaster.com\/sv\/wp-json\/wp\/v2\/types\/product"}],"replies":[{"embeddable":true,"href":"https:\/\/nordicmart.andreevmaster.com\/sv\/wp-json\/wp\/v2\/comments?post=13210"}],"wp:featuredmedia":[{"embeddable":true,"href":"https:\/\/nordicmart.andreevmaster.com\/sv\/wp-json\/wp\/v2\/media\/41379"}],"wp:attachment":[{"href":"https:\/\/nordicmart.andreevmaster.com\/sv\/wp-json\/wp\/v2\/media?parent=13210"}],"wp:term":[{"taxonomy":"product_brand","embeddable":true,"href":"https:\/\/nordicmart.andreevmaster.com\/sv\/wp-json\/wp\/v2\/product_brand?post=13210"},{"taxonomy":"product_cat","embeddable":true,"href":"https:\/\/nordicmart.andreevmaster.com\/sv\/wp-json\/wp\/v2\/product_cat?post=13210"},{"taxonomy":"product_tag","embeddable":true,"href":"https:\/\/nordicmart.andreevmaster.com\/sv\/wp-json\/wp\/v2\/product_tag?post=13210"}],"curies":[{"name":"wp","href":"https:\/\/api.w.org\/{rel}","templated":true}]}}