{"id":13209,"date":"2026-02-27T00:16:58","date_gmt":"2026-02-27T00:16:58","guid":{"rendered":"https:\/\/nordicmart.andreevmaster.com\/product\/songmics-rullvagn-med-4-hyllplan-gra\/"},"modified":"2026-02-27T08:10:23","modified_gmt":"2026-02-27T08:10:23","slug":"songmics-rullvagn-med-4-hyllplan-gra","status":"publish","type":"product","link":"https:\/\/nordicmart.andreevmaster.com\/sv\/produkt\/songmics-rullvagn-med-4-hyllplan-gra\/","title":{"rendered":"SONGMICS rullvagn med 4 hyllplan Gr\u00e5"},"content":{"rendered":"<p>Har n\u00e5gra f\u00f6rem\u00e5l som du anv\u00e4nde ig\u00e5r redan f\u00f6rsvunnit idag och du m\u00e5ste l\u00e4gga mycket tid p\u00e5 att leta efter dem? Oroa dig inte, denna rullvagn fr\u00e5n SONGMICS hj\u00e4lper dig att f\u00e5 slut p\u00e5 detta irriterande g\u00f6mspel!   Allt inom r\u00e4ckh\u00e5ll Utrustad med 4 h\u00f6gkvalitativa PP-plasthyllor och st\u00f6dd av robusta metallr\u00f6r, erbjuder denna rullvagn tillr\u00e4ckligt med utrymme f\u00f6r alla f\u00f6rem\u00e5l som \u00e4nnu inte har hittat en fast plats i ditt hem. Denna m\u00e5ngsidiga vagn klarar ocks\u00e5 deras vikt utan problem. Tack vare sin kompakta storlek (40 x 12,5 x 86 cm) passar serveringsvagnen dessutom perfekt i badrummet f\u00f6r f\u00f6rvaring av sk\u00f6nhetsprodukter, i k\u00f6ket f\u00f6r f\u00f6rvaring av k\u00f6ksredskap eller p\u00e5 kontoret f\u00f6r f\u00f6rvaring av dokument.   Om du vill ha ofta anv\u00e4nda f\u00f6rem\u00e5l n\u00e4ra till hands \u00e4r denna produkt fr\u00e5n SONGMICS precis r\u00e4tt f\u00f6r dig!   Produktdetaljer: &#8211; F\u00e4rg: Gr\u00e5 &#8211; Material: PP (polypropen), metallr\u00f6r &#8211; Total storlek: 40 x 12,5 x 86 cm (L x B x H) &#8211; Vikt: 1,3 kg &#8211; Max. statisk belastningskapacitet: 20 kg (5 kg per niv\u00e5) Leveransomfattning:- 1 x rullvagn &#8211; 3 x krokar &#8211; 1 x bruksanvisning (DE, EN, DE, FR, ES, IT) SONGMICS Anm\u00e4rkningar: &#8211; Montera produkten endast enligt beskrivningen i denna bruksanvisning. Demontera den inte med v\u00e5ld. &#8211; Varje hylla t\u00e5l en belastning p\u00e5 upp till 5 kg. F\u00f6rvara inte tyngre f\u00f6rem\u00e5l p\u00e5 produkten.<\/p>\n","protected":false},"excerpt":{"rendered":"<p>SONGMICS rullvagn, k\u00f6ksvagn med 4 niv\u00e5er, k\u00f6kshylla, nischhylla p\u00e5 hjul, badrumshylla, platsbesparande, 40 x 13,5 x 86 cm, vit KSC08WT<\/p>\n","protected":false},"featured_media":41378,"comment_status":"open","ping_status":"closed","template":"","meta":[],"product_brand":[],"product_cat":[33],"product_tag":[],"class_list":{"0":"post-13209","1":"product","2":"type-product","3":"status-publish","4":"has-post-thumbnail","6":"product_cat-okategoriserad","8":"first","9":"instock","10":"shipping-taxable","11":"purchasable","12":"product-type-simple"},"_links":{"self":[{"href":"https:\/\/nordicmart.andreevmaster.com\/sv\/wp-json\/wp\/v2\/product\/13209","targetHints":{"allow":["GET"]}}],"collection":[{"href":"https:\/\/nordicmart.andreevmaster.com\/sv\/wp-json\/wp\/v2\/product"}],"about":[{"href":"https:\/\/nordicmart.andreevmaster.com\/sv\/wp-json\/wp\/v2\/types\/product"}],"replies":[{"embeddable":true,"href":"https:\/\/nordicmart.andreevmaster.com\/sv\/wp-json\/wp\/v2\/comments?post=13209"}],"wp:featuredmedia":[{"embeddable":true,"href":"https:\/\/nordicmart.andreevmaster.com\/sv\/wp-json\/wp\/v2\/media\/41378"}],"wp:attachment":[{"href":"https:\/\/nordicmart.andreevmaster.com\/sv\/wp-json\/wp\/v2\/media?parent=13209"}],"wp:term":[{"taxonomy":"product_brand","embeddable":true,"href":"https:\/\/nordicmart.andreevmaster.com\/sv\/wp-json\/wp\/v2\/product_brand?post=13209"},{"taxonomy":"product_cat","embeddable":true,"href":"https:\/\/nordicmart.andreevmaster.com\/sv\/wp-json\/wp\/v2\/product_cat?post=13209"},{"taxonomy":"product_tag","embeddable":true,"href":"https:\/\/nordicmart.andreevmaster.com\/sv\/wp-json\/wp\/v2\/product_tag?post=13209"}],"curies":[{"name":"wp","href":"https:\/\/api.w.org\/{rel}","templated":true}]}}