{"id":13204,"date":"2026-02-27T00:16:57","date_gmt":"2026-02-27T00:16:57","guid":{"rendered":"https:\/\/nordicmart.andreevmaster.com\/product\/songmics-soppasar-15-20-liter-med-dragband-3-x-40-stycken\/"},"modified":"2026-02-27T08:10:22","modified_gmt":"2026-02-27T08:10:22","slug":"songmics-soppasar-15-20-liter-med-dragband-3-x-40-stycken","status":"publish","type":"product","link":"https:\/\/nordicmart.andreevmaster.com\/sv\/produkt\/songmics-soppasar-15-20-liter-med-dragband-3-x-40-stycken\/","title":{"rendered":"SONGMICS sopp\u00e5sar 15\u201320 liter med dragband 3 x 40 stycken"},"content":{"rendered":"<p>SONGMICS sopp\u00e5sar med dragband, sopp\u00e5sar f\u00f6r 15-20 liters soptunnor, sopp\u00e5sar f\u00f6r k\u00f6kssoptunnor, kod 020A01, 2 rullar, totalt 80 stycken, vita KRB020A02<br \/>\nF\u00e4rg: Vit<br \/>\nMaterial: 15 \u03bcm tjock polyetenplast<br \/>\nStorlek per p\u00e5se: 42 x 60 cm (B x H)<br \/>\nKapacitet per p\u00e5se: 15\u201320 liter<br \/>\nTotalvikt: 1,1 kg<br \/>\nMax. statisk belastningskapacitet per p\u00e5se: 12 kg<br \/>\nMax. statisk belastningskapacitet f\u00f6r dragbandet: 10 kg<\/p>\n","protected":false},"excerpt":{"rendered":"<p>SONGMICS sopp\u00e5sar med dragband, sopp\u00e5sar f\u00f6r 15-20 liters soptunnor, sopp\u00e5sar f\u00f6r k\u00f6kssoptunnor, kod 020A01, 2 rullar, totalt 80 stycken, vita KRB020A02<\/p>\n","protected":false},"featured_media":41374,"comment_status":"open","ping_status":"closed","template":"","meta":[],"product_brand":[],"product_cat":[33],"product_tag":[],"class_list":{"0":"post-13204","1":"product","2":"type-product","3":"status-publish","4":"has-post-thumbnail","6":"product_cat-okategoriserad","8":"first","9":"instock","10":"shipping-taxable","11":"purchasable","12":"product-type-simple"},"_links":{"self":[{"href":"https:\/\/nordicmart.andreevmaster.com\/sv\/wp-json\/wp\/v2\/product\/13204","targetHints":{"allow":["GET"]}}],"collection":[{"href":"https:\/\/nordicmart.andreevmaster.com\/sv\/wp-json\/wp\/v2\/product"}],"about":[{"href":"https:\/\/nordicmart.andreevmaster.com\/sv\/wp-json\/wp\/v2\/types\/product"}],"replies":[{"embeddable":true,"href":"https:\/\/nordicmart.andreevmaster.com\/sv\/wp-json\/wp\/v2\/comments?post=13204"}],"wp:featuredmedia":[{"embeddable":true,"href":"https:\/\/nordicmart.andreevmaster.com\/sv\/wp-json\/wp\/v2\/media\/41374"}],"wp:attachment":[{"href":"https:\/\/nordicmart.andreevmaster.com\/sv\/wp-json\/wp\/v2\/media?parent=13204"}],"wp:term":[{"taxonomy":"product_brand","embeddable":true,"href":"https:\/\/nordicmart.andreevmaster.com\/sv\/wp-json\/wp\/v2\/product_brand?post=13204"},{"taxonomy":"product_cat","embeddable":true,"href":"https:\/\/nordicmart.andreevmaster.com\/sv\/wp-json\/wp\/v2\/product_cat?post=13204"},{"taxonomy":"product_tag","embeddable":true,"href":"https:\/\/nordicmart.andreevmaster.com\/sv\/wp-json\/wp\/v2\/product_tag?post=13204"}],"curies":[{"name":"wp","href":"https:\/\/api.w.org\/{rel}","templated":true}]}}