{"id":13201,"date":"2026-02-27T00:16:56","date_gmt":"2026-02-27T00:16:56","guid":{"rendered":"https:\/\/nordicmart.andreevmaster.com\/product\/songmics-soppasar-med-dragband-vita\/"},"modified":"2026-02-27T08:10:21","modified_gmt":"2026-02-27T08:10:21","slug":"songmics-soppasar-med-dragband-vita","status":"publish","type":"product","link":"https:\/\/nordicmart.andreevmaster.com\/sv\/produkt\/songmics-soppasar-med-dragband-vita\/","title":{"rendered":"SONGMICS sopp\u00e5sar med dragband, vita"},"content":{"rendered":"<p>Inte f\u00f6r stora, inte f\u00f6r sm\u00e5 \u2013 precis lagom: Tycker du att det \u00e4r sv\u00e5rt att v\u00e4lja r\u00e4tt modell bland det stora utbudet av olika sopp\u00e5sar till din soptunna? Vi hj\u00e4lper dig! Dessa sopp\u00e5sar \u00e4r speciellt utformade f\u00f6r SONGMICS 60-liters dubbla soptunnor och 30-liters soptunnor. \u00c4ntligen beh\u00f6ver du inte l\u00e4ngre l\u00e4gga ner mycket tid p\u00e5 att hitta passande sopp\u00e5sar! Hur underl\u00e4ttar dessa p\u00e5sar k\u00f6ksarbetet? De \u00e4r utvecklade f\u00f6r SONGMICS dubbla soptunnor med 60 liters kapacitet och soptunnor med 30 liters kapacitet och passar perfekt i dem. Den optimala storleken f\u00f6rhindrar att p\u00e5sarna glider eller hindrar locket fr\u00e5n att st\u00e4ngas i omr\u00e5det kring soptunnans \u00f6vre kant.De praktiska handtagen (dragband) hj\u00e4lper dig att st\u00e4nga sopp\u00e5sen och transportera den utan problem. B\u00e5de p\u00e5sar och handtag \u00e4r tillverkade av robust, rivfast HDPE-plast. Tack vare den robusta plasten och de v\u00e4lbearbetade s\u00f6mmarna \u00e4r dessa p\u00e5sar vattent\u00e4ta och t\u00e5liga.P\u00e5sarna har ingen obehaglig lukt. Produktdetaljer: F\u00e4rg: Vit Material: HDPE (h\u00f6gdensitetspolyeten) Storlek per p\u00e5se: 52 x 74 cm (L x H) Storlek per rulle: 8 x 23 cm (\u00d8 x H)Kapacitet per p\u00e5se: 30 LGotalt vikt: 1,5 kgLeveransomfattning:2 x rulle sopp\u00e5sar (totalt 90 stycken)SONGMICS Anm\u00e4rkningar:H\u00e5ll produkten borta fr\u00e5n barn och husdjur. Kv\u00e4vningsrisk! Vi avr\u00e5der fr\u00e5n att anv\u00e4nda produkten f\u00f6r f\u00f6rvaring av livsmedel. H\u00e5ll produkten borta fr\u00e5n v\u00e4rmek\u00e4llor.<\/p>\n","protected":false},"excerpt":{"rendered":"<p>SONGMICS sopp\u00e5sar med dragband, 30 l sopp\u00e5sar, f\u00f6r 60 l dubbla soptunnor, kod 30A, 1 rulle, totalt 45 stycken, med b\u00e4rhandtag, robusta och vattent\u00e4ta, f\u00f6r k\u00f6ket, vita KRB30A<\/p>\n","protected":false},"featured_media":41371,"comment_status":"open","ping_status":"closed","template":"","meta":[],"product_brand":[],"product_cat":[33],"product_tag":[],"class_list":{"0":"post-13201","1":"product","2":"type-product","3":"status-publish","4":"has-post-thumbnail","6":"product_cat-okategoriserad","8":"first","9":"instock","10":"shipping-taxable","11":"purchasable","12":"product-type-simple"},"_links":{"self":[{"href":"https:\/\/nordicmart.andreevmaster.com\/sv\/wp-json\/wp\/v2\/product\/13201","targetHints":{"allow":["GET"]}}],"collection":[{"href":"https:\/\/nordicmart.andreevmaster.com\/sv\/wp-json\/wp\/v2\/product"}],"about":[{"href":"https:\/\/nordicmart.andreevmaster.com\/sv\/wp-json\/wp\/v2\/types\/product"}],"replies":[{"embeddable":true,"href":"https:\/\/nordicmart.andreevmaster.com\/sv\/wp-json\/wp\/v2\/comments?post=13201"}],"wp:featuredmedia":[{"embeddable":true,"href":"https:\/\/nordicmart.andreevmaster.com\/sv\/wp-json\/wp\/v2\/media\/41371"}],"wp:attachment":[{"href":"https:\/\/nordicmart.andreevmaster.com\/sv\/wp-json\/wp\/v2\/media?parent=13201"}],"wp:term":[{"taxonomy":"product_brand","embeddable":true,"href":"https:\/\/nordicmart.andreevmaster.com\/sv\/wp-json\/wp\/v2\/product_brand?post=13201"},{"taxonomy":"product_cat","embeddable":true,"href":"https:\/\/nordicmart.andreevmaster.com\/sv\/wp-json\/wp\/v2\/product_cat?post=13201"},{"taxonomy":"product_tag","embeddable":true,"href":"https:\/\/nordicmart.andreevmaster.com\/sv\/wp-json\/wp\/v2\/product_tag?post=13201"}],"curies":[{"name":"wp","href":"https:\/\/api.w.org\/{rel}","templated":true}]}}