{"id":13200,"date":"2026-02-27T00:16:56","date_gmt":"2026-02-27T00:16:56","guid":{"rendered":"https:\/\/nordicmart.andreevmaster.com\/product\/songmics-30-liters-soppasar-med-dragband-totalt-180-stycken\/"},"modified":"2026-02-27T08:10:21","modified_gmt":"2026-02-27T08:10:21","slug":"songmics-30-liters-soppasar-med-dragband-totalt-180-stycken","status":"publish","type":"product","link":"https:\/\/nordicmart.andreevmaster.com\/sv\/produkt\/songmics-30-liters-soppasar-med-dragband-totalt-180-stycken\/","title":{"rendered":"SONGMICS 30-liters sopp\u00e5sar med dragband, totalt 180 stycken"},"content":{"rendered":"<p>SONGMICS sopp\u00e5sar med dragband, sopp\u00e5sar f\u00f6r 30 liters soptunnor, sopp\u00e5sar, kod 30A, passform, 4 rullar, 180 stycken, vita KRB430A01<br \/>\nF\u00e4rg: Vit<br \/>\nMaterial: Plast<br \/>\nStorlek per p\u00e5se: 74 x 53 cm (L x B)<br \/>\nRullens storlek: 8 x 23 cm (\u00d8 x H)<br \/>\nKapacitet per p\u00e5se: 30 liter<br \/>\nTotalvikt: 3,2 kg<\/p>\n","protected":false},"excerpt":{"rendered":"<p>SONGMICS sopp\u00e5sar med dragband, sopp\u00e5sar f\u00f6r 30 liters soptunnor, sopp\u00e5sar, kod 30A, passform, 4 rullar, 180 stycken, vita KRB430A01<\/p>\n","protected":false},"featured_media":41370,"comment_status":"open","ping_status":"closed","template":"","meta":[],"product_brand":[],"product_cat":[33],"product_tag":[],"class_list":{"0":"post-13200","1":"product","2":"type-product","3":"status-publish","4":"has-post-thumbnail","6":"product_cat-okategoriserad","8":"first","9":"instock","10":"shipping-taxable","11":"purchasable","12":"product-type-simple"},"_links":{"self":[{"href":"https:\/\/nordicmart.andreevmaster.com\/sv\/wp-json\/wp\/v2\/product\/13200","targetHints":{"allow":["GET"]}}],"collection":[{"href":"https:\/\/nordicmart.andreevmaster.com\/sv\/wp-json\/wp\/v2\/product"}],"about":[{"href":"https:\/\/nordicmart.andreevmaster.com\/sv\/wp-json\/wp\/v2\/types\/product"}],"replies":[{"embeddable":true,"href":"https:\/\/nordicmart.andreevmaster.com\/sv\/wp-json\/wp\/v2\/comments?post=13200"}],"wp:featuredmedia":[{"embeddable":true,"href":"https:\/\/nordicmart.andreevmaster.com\/sv\/wp-json\/wp\/v2\/media\/41370"}],"wp:attachment":[{"href":"https:\/\/nordicmart.andreevmaster.com\/sv\/wp-json\/wp\/v2\/media?parent=13200"}],"wp:term":[{"taxonomy":"product_brand","embeddable":true,"href":"https:\/\/nordicmart.andreevmaster.com\/sv\/wp-json\/wp\/v2\/product_brand?post=13200"},{"taxonomy":"product_cat","embeddable":true,"href":"https:\/\/nordicmart.andreevmaster.com\/sv\/wp-json\/wp\/v2\/product_cat?post=13200"},{"taxonomy":"product_tag","embeddable":true,"href":"https:\/\/nordicmart.andreevmaster.com\/sv\/wp-json\/wp\/v2\/product_tag?post=13200"}],"curies":[{"name":"wp","href":"https:\/\/api.w.org\/{rel}","templated":true}]}}