{"id":13197,"date":"2026-02-27T00:16:56","date_gmt":"2026-02-27T00:16:56","guid":{"rendered":"https:\/\/nordicmart.andreevmaster.com\/product\/songmics-soppasar-45-55-liter-med-dragband-40-stycken\/"},"modified":"2026-02-27T08:10:21","modified_gmt":"2026-02-27T08:10:21","slug":"songmics-soppasar-45-55-liter-med-dragband-40-stycken","status":"publish","type":"product","link":"https:\/\/nordicmart.andreevmaster.com\/sv\/produkt\/songmics-soppasar-45-55-liter-med-dragband-40-stycken\/","title":{"rendered":"SONGMICS sopp\u00e5sar 45\u201355 liter med dragband 40 stycken"},"content":{"rendered":"<p>SONGMICS sopp\u00e5sar med dragband, sopp\u00e5sar f\u00f6r 45-55 liters soptunnor, sopp\u00e5sar f\u00f6r k\u00f6kssoptunnor, kod 055A01, 1 rulle, 40 stycken, vita KRB055A01<br \/>\nF\u00e4rg: Vit<br \/>\nMaterial: 25 \u03bcm tjock polyetenplast<br \/>\nStorlek per p\u00e5se: 63,5 x 78 cm (B x H)<br \/>\nKapacitet per p\u00e5se: 45\u201355 liter<br \/>\nTotalvikt: 1,1 kg<br \/>\nMax. statisk belastningskapacitet per p\u00e5se: 25 kg<br \/>\nMax. statisk belastningskapacitet f\u00f6r dragbandet: 10 kg<\/p>\n","protected":false},"excerpt":{"rendered":"<p>SONGMICS sopp\u00e5sar med dragband, sopp\u00e5sar f\u00f6r 45-55 liters soptunnor, sopp\u00e5sar f\u00f6r k\u00f6kssoptunnor, kod 055A01, 1 rulle, 40 stycken, vita KRB055A01<\/p>\n","protected":false},"featured_media":41367,"comment_status":"open","ping_status":"closed","template":"","meta":[],"product_brand":[],"product_cat":[33],"product_tag":[],"class_list":{"0":"post-13197","1":"product","2":"type-product","3":"status-publish","4":"has-post-thumbnail","6":"product_cat-okategoriserad","8":"first","9":"instock","10":"shipping-taxable","11":"purchasable","12":"product-type-simple"},"_links":{"self":[{"href":"https:\/\/nordicmart.andreevmaster.com\/sv\/wp-json\/wp\/v2\/product\/13197","targetHints":{"allow":["GET"]}}],"collection":[{"href":"https:\/\/nordicmart.andreevmaster.com\/sv\/wp-json\/wp\/v2\/product"}],"about":[{"href":"https:\/\/nordicmart.andreevmaster.com\/sv\/wp-json\/wp\/v2\/types\/product"}],"replies":[{"embeddable":true,"href":"https:\/\/nordicmart.andreevmaster.com\/sv\/wp-json\/wp\/v2\/comments?post=13197"}],"wp:featuredmedia":[{"embeddable":true,"href":"https:\/\/nordicmart.andreevmaster.com\/sv\/wp-json\/wp\/v2\/media\/41367"}],"wp:attachment":[{"href":"https:\/\/nordicmart.andreevmaster.com\/sv\/wp-json\/wp\/v2\/media?parent=13197"}],"wp:term":[{"taxonomy":"product_brand","embeddable":true,"href":"https:\/\/nordicmart.andreevmaster.com\/sv\/wp-json\/wp\/v2\/product_brand?post=13197"},{"taxonomy":"product_cat","embeddable":true,"href":"https:\/\/nordicmart.andreevmaster.com\/sv\/wp-json\/wp\/v2\/product_cat?post=13197"},{"taxonomy":"product_tag","embeddable":true,"href":"https:\/\/nordicmart.andreevmaster.com\/sv\/wp-json\/wp\/v2\/product_tag?post=13197"}],"curies":[{"name":"wp","href":"https:\/\/api.w.org\/{rel}","templated":true}]}}