{"id":13196,"date":"2026-02-27T00:16:55","date_gmt":"2026-02-27T00:16:55","guid":{"rendered":"https:\/\/nordicmart.andreevmaster.com\/product\/songmics-sopsackar-med-dragband-sopsackar-for-50-liters-soptunnor-sopsackar-for-kokssoptunnor-kod-050a01-3-rullar-totalt-120-stycken\/"},"modified":"2026-02-27T08:10:21","modified_gmt":"2026-02-27T08:10:21","slug":"songmics-sopsackar-med-dragband-sopsackar-for-50-liters-soptunnor-sopsackar-for-kokssoptunnor-kod-050a01-3-rullar-totalt-120-stycken","status":"publish","type":"product","link":"https:\/\/nordicmart.andreevmaster.com\/sv\/produkt\/songmics-sopsackar-med-dragband-sopsackar-for-50-liters-soptunnor-sopsackar-for-kokssoptunnor-kod-050a01-3-rullar-totalt-120-stycken\/","title":{"rendered":"SONGMICS Sops\u00e4ckar med dragband, sops\u00e4ckar f\u00f6r 50 liters soptunnor, sops\u00e4ckar f\u00f6r k\u00f6kssoptunnor, kod 050A01, 3 rullar, totalt 120 stycken"},"content":{"rendered":"<p>Passar perfekt: Dessa sopp\u00e5sar \u00e4r designade f\u00f6r SONGMICS 50 liters soptunnor s\u00e5 att de passar perfekt. Varje p\u00e5se \u00e4r 59 x 74 cm stor n\u00e4r den \u00e4r ihopvikt.<\/p>\n<p>Hur underl\u00e4ttar dessa p\u00e5sar k\u00f6ksarbetet?<\/p>\n<p>H\u00f6g belastningsf\u00f6rm\u00e5ga: Sops\u00e4ckarna med dragband \u00e4r tillverkade av h\u00f6gkvalitativ plast och \u00e4r rivh\u00e5llfasta. Varje p\u00e5se t\u00e5l upp till 25 kg och dragbandet upp till 10 kg.<br \/>\nInget avrivande beh\u00f6vs: Dessa sopp\u00e5sar \u00e4r separerade s\u00e5 att du enkelt kan ta ut dem fr\u00e5n rullen.<br \/>\nL\u00e4tta att st\u00e4nga och sl\u00e4nga: Tack vare det praktiska dragbandet kan du enkelt st\u00e4nga och transportera sopp\u00e5sarna.<br \/>\nS\u00e4kert grepp: Sops\u00e4ckarna kan s\u00e4kert dras \u00f6ver kanten p\u00e5 soptunnan s\u00e5 att de inte glider.<br \/>\nLuktfria: Sops\u00e4ckarna har inga obehagliga lukter och \u00e4r perfekta f\u00f6r personer som \u00e4r k\u00e4nsliga f\u00f6r lukter.<br \/>\nProduktdetaljer:<\/p>\n<p>F\u00e4rg: Vit<br \/>\nMaterial: 25 \u03bcm tjock polyetenplast<br \/>\nStorlek per p\u00e5se: 59 x 74 cm (B x H)<br \/>\nKapacitet per p\u00e5se: 50 liter<br \/>\nTotalvikt: 2,9 kg<br \/>\nMax. statisk belastningskapacitet per p\u00e5se: 25 kg<br \/>\nMax. statisk belastningskapacitet f\u00f6r dragbandet: 10 kg<br \/>\nLeveransomfattning:<\/p>\n<p>3 x rulle sopp\u00e5sar (totalt 120 stycken)<br \/>\nSONGMICS Anm\u00e4rkningar:<\/p>\n<p>Om sopp\u00e5sen fastnar i soptunnan, ta f\u00f6rsiktigt ut den f\u00f6r att undvika att p\u00e5sen g\u00e5r s\u00f6nder.<br \/>\nF\u00f6r att \u00f6ppna f\u00f6rpackningsp\u00e5sen med sopp\u00e5sar, riv f\u00f6rsiktigt av den perforerade remsan till h\u00f6ger om symbolen \u201dOpen\u201d.<br \/>\nH\u00e5ll sopp\u00e5sarna borta fr\u00e5n barn och husdjur f\u00f6r att undvika eventuella skador, s\u00e5som kv\u00e4vningsrisk.<br \/>\nVi avr\u00e5der fr\u00e5n att anv\u00e4nda sopp\u00e5sar f\u00f6r f\u00f6rvaring av livsmedel.<\/p>\n","protected":false},"excerpt":{"rendered":"<p>Passar perfekt: Dessa sopp\u00e5sar \u00e4r designade f\u00f6r SONGMICS 50 liters soptunnor s\u00e5 att de passar perfekt. Varje p\u00e5se \u00e4r 59 x 74 cm stor n\u00e4r den \u00e4r ihopvikt. Hur underl\u00e4ttar dessa p\u00e5sar k\u00f6ksarbetet? H\u00f6g belastningsf\u00f6rm\u00e5ga: Sops\u00e4ckarna med dragband \u00e4r tillverkade av h\u00f6gkvalitativ plast och \u00e4r rivh\u00e5llfasta. Varje p\u00e5se t\u00e5l upp till 25 kg och dragbandet [&hellip;]<\/p>\n","protected":false},"featured_media":41366,"comment_status":"open","ping_status":"closed","template":"","meta":[],"product_brand":[],"product_cat":[33],"product_tag":[],"class_list":{"0":"post-13196","1":"product","2":"type-product","3":"status-publish","4":"has-post-thumbnail","6":"product_cat-okategoriserad","8":"first","9":"instock","10":"shipping-taxable","11":"purchasable","12":"product-type-simple"},"_links":{"self":[{"href":"https:\/\/nordicmart.andreevmaster.com\/sv\/wp-json\/wp\/v2\/product\/13196","targetHints":{"allow":["GET"]}}],"collection":[{"href":"https:\/\/nordicmart.andreevmaster.com\/sv\/wp-json\/wp\/v2\/product"}],"about":[{"href":"https:\/\/nordicmart.andreevmaster.com\/sv\/wp-json\/wp\/v2\/types\/product"}],"replies":[{"embeddable":true,"href":"https:\/\/nordicmart.andreevmaster.com\/sv\/wp-json\/wp\/v2\/comments?post=13196"}],"wp:featuredmedia":[{"embeddable":true,"href":"https:\/\/nordicmart.andreevmaster.com\/sv\/wp-json\/wp\/v2\/media\/41366"}],"wp:attachment":[{"href":"https:\/\/nordicmart.andreevmaster.com\/sv\/wp-json\/wp\/v2\/media?parent=13196"}],"wp:term":[{"taxonomy":"product_brand","embeddable":true,"href":"https:\/\/nordicmart.andreevmaster.com\/sv\/wp-json\/wp\/v2\/product_brand?post=13196"},{"taxonomy":"product_cat","embeddable":true,"href":"https:\/\/nordicmart.andreevmaster.com\/sv\/wp-json\/wp\/v2\/product_cat?post=13196"},{"taxonomy":"product_tag","embeddable":true,"href":"https:\/\/nordicmart.andreevmaster.com\/sv\/wp-json\/wp\/v2\/product_tag?post=13196"}],"curies":[{"name":"wp","href":"https:\/\/api.w.org\/{rel}","templated":true}]}}