{"id":13194,"date":"2026-02-27T00:16:55","date_gmt":"2026-02-27T00:16:55","guid":{"rendered":"https:\/\/nordicmart.andreevmaster.com\/product\/songmics-soppasar-30-l-med-dragband-totalt-80-stycken-kramvita\/"},"modified":"2026-02-27T08:10:20","modified_gmt":"2026-02-27T08:10:20","slug":"songmics-soppasar-30-l-med-dragband-totalt-80-stycken-kramvita","status":"publish","type":"product","link":"https:\/\/nordicmart.andreevmaster.com\/sv\/produkt\/songmics-soppasar-30-l-med-dragband-totalt-80-stycken-kramvita\/","title":{"rendered":"SONGMICS sopp\u00e5sar 30 L med dragband, totalt 80 stycken, kr\u00e4mvita"},"content":{"rendered":"<p>SONGMICS sopp\u00e5sar 20 L, sopp\u00e5sar med dragband, totalt 80 stycken, kod L, h\u00f6g belastningskapacitet, snabb\u00e5tkomstbox, kr\u00e4mvit KRB021A02<br \/>\nF\u00e4rg: kr\u00e4mvit<br \/>\nMaterial: 20 \u03bcm tjock MDPE-plast (medeldensitetspolyeten)<br \/>\nStorlek per p\u00e5se: 51 x 74 cm (B x H)<br \/>\nTotalvikt: 1,4 kg<br \/>\nKapacitet per p\u00e5se: 30 liter<br \/>\nMax. statisk belastningskapacitet per p\u00e5se: 10 kg<\/p>\n","protected":false},"excerpt":{"rendered":"<p>SONGMICS sopp\u00e5sar 20 L, sopp\u00e5sar med dragband, totalt 80 stycken, kod L, h\u00f6g belastningskapacitet, snabb\u00e5tkomstbox, kr\u00e4mvit KRB021A02<\/p>\n","protected":false},"featured_media":41364,"comment_status":"open","ping_status":"closed","template":"","meta":[],"product_brand":[],"product_cat":[33],"product_tag":[],"class_list":{"0":"post-13194","1":"product","2":"type-product","3":"status-publish","4":"has-post-thumbnail","6":"product_cat-okategoriserad","8":"first","9":"instock","10":"shipping-taxable","11":"purchasable","12":"product-type-simple"},"_links":{"self":[{"href":"https:\/\/nordicmart.andreevmaster.com\/sv\/wp-json\/wp\/v2\/product\/13194","targetHints":{"allow":["GET"]}}],"collection":[{"href":"https:\/\/nordicmart.andreevmaster.com\/sv\/wp-json\/wp\/v2\/product"}],"about":[{"href":"https:\/\/nordicmart.andreevmaster.com\/sv\/wp-json\/wp\/v2\/types\/product"}],"replies":[{"embeddable":true,"href":"https:\/\/nordicmart.andreevmaster.com\/sv\/wp-json\/wp\/v2\/comments?post=13194"}],"wp:featuredmedia":[{"embeddable":true,"href":"https:\/\/nordicmart.andreevmaster.com\/sv\/wp-json\/wp\/v2\/media\/41364"}],"wp:attachment":[{"href":"https:\/\/nordicmart.andreevmaster.com\/sv\/wp-json\/wp\/v2\/media?parent=13194"}],"wp:term":[{"taxonomy":"product_brand","embeddable":true,"href":"https:\/\/nordicmart.andreevmaster.com\/sv\/wp-json\/wp\/v2\/product_brand?post=13194"},{"taxonomy":"product_cat","embeddable":true,"href":"https:\/\/nordicmart.andreevmaster.com\/sv\/wp-json\/wp\/v2\/product_cat?post=13194"},{"taxonomy":"product_tag","embeddable":true,"href":"https:\/\/nordicmart.andreevmaster.com\/sv\/wp-json\/wp\/v2\/product_tag?post=13194"}],"curies":[{"name":"wp","href":"https:\/\/api.w.org\/{rel}","templated":true}]}}