{"id":13191,"date":"2026-02-27T00:16:54","date_gmt":"2026-02-27T00:16:54","guid":{"rendered":"https:\/\/nordicmart.andreevmaster.com\/product\/songmics-soppasar-25-liter-med-dragband-40-st\/"},"modified":"2026-02-27T08:10:20","modified_gmt":"2026-02-27T08:10:20","slug":"songmics-soppasar-25-liter-med-dragband-40-st","status":"publish","type":"product","link":"https:\/\/nordicmart.andreevmaster.com\/sv\/produkt\/songmics-soppasar-25-liter-med-dragband-40-st\/","title":{"rendered":"SONGMICS sopp\u00e5sar 25 liter med dragband 40 st"},"content":{"rendered":"<p>SONGMICS sopp\u00e5sar med dragband, sopp\u00e5sar f\u00f6r 25 liters soptunna, sopp\u00e5sar f\u00f6r k\u00f6kssoptunna, kod 025A01, 1 rulle, 40 stycken, vit KRB025A01<br \/>\nF\u00e4rg: Vit<br \/>\nMaterial: 20 \u03bcm tjock polyetenplast<br \/>\nStorlek per p\u00e5se: 49,5 x 62 cm (B x H)<br \/>\nKapacitet per p\u00e5se: 25 liter<br \/>\nTotalvikt: 0,6 kg<br \/>\nMax. statisk belastningskapacitet per p\u00e5se: 20 kg<br \/>\nMax. statisk belastningskapacitet f\u00f6r dragbandet: 10 kg<\/p>\n","protected":false},"excerpt":{"rendered":"<p>SONGMICS sopp\u00e5sar med dragband, sopp\u00e5sar f\u00f6r 25 liters soptunna, sopp\u00e5sar f\u00f6r k\u00f6kssoptunna, kod 025A01, 1 rulle, 40 stycken, vit KRB025A01<\/p>\n","protected":false},"featured_media":41361,"comment_status":"open","ping_status":"closed","template":"","meta":[],"product_brand":[],"product_cat":[33],"product_tag":[],"class_list":{"0":"post-13191","1":"product","2":"type-product","3":"status-publish","4":"has-post-thumbnail","6":"product_cat-okategoriserad","8":"first","9":"instock","10":"shipping-taxable","11":"purchasable","12":"product-type-simple"},"_links":{"self":[{"href":"https:\/\/nordicmart.andreevmaster.com\/sv\/wp-json\/wp\/v2\/product\/13191","targetHints":{"allow":["GET"]}}],"collection":[{"href":"https:\/\/nordicmart.andreevmaster.com\/sv\/wp-json\/wp\/v2\/product"}],"about":[{"href":"https:\/\/nordicmart.andreevmaster.com\/sv\/wp-json\/wp\/v2\/types\/product"}],"replies":[{"embeddable":true,"href":"https:\/\/nordicmart.andreevmaster.com\/sv\/wp-json\/wp\/v2\/comments?post=13191"}],"wp:featuredmedia":[{"embeddable":true,"href":"https:\/\/nordicmart.andreevmaster.com\/sv\/wp-json\/wp\/v2\/media\/41361"}],"wp:attachment":[{"href":"https:\/\/nordicmart.andreevmaster.com\/sv\/wp-json\/wp\/v2\/media?parent=13191"}],"wp:term":[{"taxonomy":"product_brand","embeddable":true,"href":"https:\/\/nordicmart.andreevmaster.com\/sv\/wp-json\/wp\/v2\/product_brand?post=13191"},{"taxonomy":"product_cat","embeddable":true,"href":"https:\/\/nordicmart.andreevmaster.com\/sv\/wp-json\/wp\/v2\/product_cat?post=13191"},{"taxonomy":"product_tag","embeddable":true,"href":"https:\/\/nordicmart.andreevmaster.com\/sv\/wp-json\/wp\/v2\/product_tag?post=13191"}],"curies":[{"name":"wp","href":"https:\/\/api.w.org\/{rel}","templated":true}]}}