{"id":13184,"date":"2026-02-27T00:16:52","date_gmt":"2026-02-27T00:16:52","guid":{"rendered":"https:\/\/nordicmart.andreevmaster.com\/product\/songmics-soppasar-8-liter-med-dragband-2-x-45-stycken\/"},"modified":"2026-02-27T08:10:18","modified_gmt":"2026-02-27T08:10:18","slug":"songmics-soppasar-8-liter-med-dragband-2-x-45-stycken","status":"publish","type":"product","link":"https:\/\/nordicmart.andreevmaster.com\/sv\/produkt\/songmics-soppasar-8-liter-med-dragband-2-x-45-stycken\/","title":{"rendered":"SONGMICS sopp\u00e5sar 8 liter med dragband 2 x 45 stycken"},"content":{"rendered":"<p>SONGMICS sopp\u00e5sar med dragband, 8 l sopp\u00e5sar, f\u00f6r 3-i-1 soptunna, kod 008A, 2 rullar, totalt 90 stycken, med b\u00e4rhandtag, vattent\u00e4ta, f\u00f6r k\u00f6k, vita KRB008A02<br \/>\nF\u00e4rg: Vit<br \/>\nMaterial: HDPE (h\u00f6gdensitetspolyeten)<br \/>\nStorlek per p\u00e5se: 37 x 42 cm (L x H)<br \/>\nStorlek per rulle: 6,8 x 15 cm (\u00d8 x H)<br \/>\nVolym per p\u00e5se: 8 l<br \/>\nTotalvikt: 1 kg<\/p>\n","protected":false},"excerpt":{"rendered":"<p>SONGMICS sopp\u00e5sar med dragband, 8 l sopp\u00e5sar, f\u00f6r 3-i-1 soptunna, kod 008A, 2 rullar, totalt 90 stycken, med b\u00e4rhandtag, vattent\u00e4ta, f\u00f6r k\u00f6k, vita KRB008A02<\/p>\n","protected":false},"featured_media":41354,"comment_status":"open","ping_status":"closed","template":"","meta":[],"product_brand":[],"product_cat":[33],"product_tag":[],"class_list":{"0":"post-13184","1":"product","2":"type-product","3":"status-publish","4":"has-post-thumbnail","6":"product_cat-okategoriserad","8":"first","9":"instock","10":"shipping-taxable","11":"purchasable","12":"product-type-simple"},"_links":{"self":[{"href":"https:\/\/nordicmart.andreevmaster.com\/sv\/wp-json\/wp\/v2\/product\/13184","targetHints":{"allow":["GET"]}}],"collection":[{"href":"https:\/\/nordicmart.andreevmaster.com\/sv\/wp-json\/wp\/v2\/product"}],"about":[{"href":"https:\/\/nordicmart.andreevmaster.com\/sv\/wp-json\/wp\/v2\/types\/product"}],"replies":[{"embeddable":true,"href":"https:\/\/nordicmart.andreevmaster.com\/sv\/wp-json\/wp\/v2\/comments?post=13184"}],"wp:featuredmedia":[{"embeddable":true,"href":"https:\/\/nordicmart.andreevmaster.com\/sv\/wp-json\/wp\/v2\/media\/41354"}],"wp:attachment":[{"href":"https:\/\/nordicmart.andreevmaster.com\/sv\/wp-json\/wp\/v2\/media?parent=13184"}],"wp:term":[{"taxonomy":"product_brand","embeddable":true,"href":"https:\/\/nordicmart.andreevmaster.com\/sv\/wp-json\/wp\/v2\/product_brand?post=13184"},{"taxonomy":"product_cat","embeddable":true,"href":"https:\/\/nordicmart.andreevmaster.com\/sv\/wp-json\/wp\/v2\/product_cat?post=13184"},{"taxonomy":"product_tag","embeddable":true,"href":"https:\/\/nordicmart.andreevmaster.com\/sv\/wp-json\/wp\/v2\/product_tag?post=13184"}],"curies":[{"name":"wp","href":"https:\/\/api.w.org\/{rel}","templated":true}]}}