{"id":13183,"date":"2026-02-27T00:16:52","date_gmt":"2026-02-27T00:16:52","guid":{"rendered":"https:\/\/nordicmart.andreevmaster.com\/product\/sangkladesset-kudde-40x60-cm-och-tacke-100x135-cm\/"},"modified":"2026-02-27T08:10:18","modified_gmt":"2026-02-27T08:10:18","slug":"sangkladesset-kudde-40x60-cm-och-tacke-100x135-cm","status":"publish","type":"product","link":"https:\/\/nordicmart.andreevmaster.com\/sv\/produkt\/sangkladesset-kudde-40x60-cm-och-tacke-100x135-cm\/","title":{"rendered":"S\u00e4ngkl\u00e4desset \u2013 Kudde (40&#215;60 cm) och t\u00e4cke (100&#215;135 cm)"},"content":{"rendered":"<p>S\u00e4ngkl\u00e4dessetet \u2013 kudde och t\u00e4cke med mikrofiber\u00f6verdrag och silikonfiberfyllning \u2013 \u00e4r den perfekta l\u00f6sningen f\u00f6r ditt barns bekv\u00e4ma s\u00f6mn. Mikrofiber\u00f6verdraget, tillverkat av mjuka och andningsbara polyesterfibrer, har en behaglig yta som inte samlar damm eller kvalster, vilket g\u00f6r det idealiskt f\u00f6r allergiker. Fyllningen av silikonfiber garanterar elasticitet, l\u00e4tthet och exceptionell fluffighet, samtidigt som den \u00e4r motst\u00e5ndskraftig mot deformation, vilket garanterar l\u00e5ng h\u00e5llbarhet.<br \/>\nDetaljer:<br \/>\n\u2022 Garanterar en bekv\u00e4m s\u00f6mnmilj\u00f6<br \/>\n\u2022 Slitstark och l\u00e4ttsk\u00f6tt<br \/>\n\u2022 L\u00e4mplig f\u00f6r allergiker<br \/>\n\u2022 Motst\u00e5ndskraftig mot deformation<br \/>\n\u2022 Idealisk f\u00f6r anv\u00e4ndning \u00e5ret runt <\/p>\n<p>Material:<br \/>\n\u2022 Mikrofiber\u00f6verdrag: polyesterfibrer<br \/>\n\u2022 Fyllning med en vikt p\u00e5 250 g, idealisk f\u00f6r anv\u00e4ndning \u00e5ret runt <\/p>\n<p>B\u00e5da materialen \u00e4r \u00d6KO-Tex Standard 100-certifierade, vilket garanterar att de \u00e4r fria fr\u00e5n skadliga \u00e4mnen och s\u00e4kra f\u00f6r barn. <\/p>\n<p>Storlek:<br \/>\n\u2022 Kudde: 40 cm x 60 cm<br \/>\n\u2022 T\u00e4cke: 100 cm x 135 cm <\/p>\n<p>Sk\u00f6tselr\u00e5d:<br \/>\n\u2022 Maskintv\u00e4tt 60 \u00b0C<br \/>\n\u2022 Torktumla p\u00e5 skonsamt program<\/p>\n","protected":false},"excerpt":{"rendered":"<p>S\u00e4ngkl\u00e4dessetet \u2013 kudde och t\u00e4cke med mikrofiber\u00f6verdrag och silikonfiberfyllning \u2013 \u00e4r den perfekta l\u00f6sningen f\u00f6r ditt barns bekv\u00e4ma s\u00f6mn. Mikrofiber\u00f6verdraget, tillverkat av mjuka och andningsbara polyesterfibrer, har en behaglig yta som inte samlar damm eller kvalster, vilket g\u00f6r det idealiskt f\u00f6r allergiker. Fyllningen av silikonfiber garanterar elasticitet, l\u00e4tthet och exceptionell fluffighet, samtidigt som den \u00e4r [&hellip;]<\/p>\n","protected":false},"featured_media":0,"comment_status":"open","ping_status":"closed","template":"","meta":[],"product_brand":[],"product_cat":[33],"product_tag":[],"class_list":{"0":"post-13183","1":"product","2":"type-product","3":"status-publish","5":"product_cat-okategoriserad","7":"first","8":"instock","9":"shipping-taxable","10":"purchasable","11":"product-type-simple"},"_links":{"self":[{"href":"https:\/\/nordicmart.andreevmaster.com\/sv\/wp-json\/wp\/v2\/product\/13183","targetHints":{"allow":["GET"]}}],"collection":[{"href":"https:\/\/nordicmart.andreevmaster.com\/sv\/wp-json\/wp\/v2\/product"}],"about":[{"href":"https:\/\/nordicmart.andreevmaster.com\/sv\/wp-json\/wp\/v2\/types\/product"}],"replies":[{"embeddable":true,"href":"https:\/\/nordicmart.andreevmaster.com\/sv\/wp-json\/wp\/v2\/comments?post=13183"}],"wp:attachment":[{"href":"https:\/\/nordicmart.andreevmaster.com\/sv\/wp-json\/wp\/v2\/media?parent=13183"}],"wp:term":[{"taxonomy":"product_brand","embeddable":true,"href":"https:\/\/nordicmart.andreevmaster.com\/sv\/wp-json\/wp\/v2\/product_brand?post=13183"},{"taxonomy":"product_cat","embeddable":true,"href":"https:\/\/nordicmart.andreevmaster.com\/sv\/wp-json\/wp\/v2\/product_cat?post=13183"},{"taxonomy":"product_tag","embeddable":true,"href":"https:\/\/nordicmart.andreevmaster.com\/sv\/wp-json\/wp\/v2\/product_tag?post=13183"}],"curies":[{"name":"wp","href":"https:\/\/api.w.org\/{rel}","templated":true}]}}