{"id":13182,"date":"2026-02-27T00:16:52","date_gmt":"2026-02-27T00:16:52","guid":{"rendered":"https:\/\/nordicmart.andreevmaster.com\/product\/moses-korg-meeko\/"},"modified":"2026-02-27T08:10:18","modified_gmt":"2026-02-27T08:10:18","slug":"moses-korg-meeko","status":"publish","type":"product","link":"https:\/\/nordicmart.andreevmaster.com\/sv\/produkt\/moses-korg-meeko\/","title":{"rendered":"Moses korg Meeko"},"content":{"rendered":"<p>Setet inneh\u00e5ller: moseskorg, madrass <\/p>\n<p>Produktens egenskaper: <\/p>\n<p>&#8211; alternativ till spj\u00e4ls\u00e4ng och vagga under barnets f\u00f6rsta m\u00e5nader,<br \/>\n &#8211; ger barnet en k\u00e4nsla av trygghet och s\u00e4kerhet,<br \/>\n &#8211; tack vare handtagen kan korgen enkelt b\u00e4ras runt och du kan alltid ha ditt barn n\u00e4ra dig (OBS: det \u00e4r inte till\u00e5tet att b\u00e4ra korgen med ett barn i),<br \/>\n &#8211; korgen \u00e4r handv\u00e4vd, 100 % naturlig och milj\u00f6v\u00e4nlig,<br \/>\n &#8211; en madrass med skumfyllning och avtagbart \u00f6verdrag som har antiallergiska egenskaper och \u00e4r resistent mot m\u00f6gel, svamp och mal,<br \/>\n &#8211; naturliga, extremt luftiga och mjuka muslintextilier med fyllning ing\u00e5r,<br \/>\n &#8211; du kan k\u00f6pa stativ och muslinfyllning till korgen, <\/p>\n<p>&#8211; b\u00e5de korgen och madrassen s\u00e4kerst\u00e4ller tillr\u00e4cklig luftcirkulation. <\/p>\n<p>Korgens maximala belastning: <\/p>\n<p>9 kg eller tills barnet b\u00f6rjar v\u00e4nda sig fr\u00e5n sida till sida eller sitta upp utan hj\u00e4lp <\/p>\n<p>Tyg och finish:<br \/>\n &#8211; korg med handtag: majsskal<br \/>\n &#8211; madrass: polyuretanskum, avtagbart polyester\u00f6verdrag<\/p>\n<p>M\u00e5tt (cm): <\/p>\n<p>&#8211; korg: 86x43x26<br \/>\n -madrass: 72x25Textilier<\/p>\n<p>F\u00e4rg: <\/p>\n<p>&#8211; korg med handtag: naturligt majsskal <\/p>\n<p>Anv\u00e4ndarhandbok:<br \/>\n\u2022 B\u00e4r eller flytta inte korgen med barnet i. Korgen ska alltid b\u00e4ras tom.<br \/>\n\u2022 Korgen ska placeras p\u00e5 stativet som ing\u00e5r i satsen eller p\u00e5 en stabil och plan yta. \u2022 L\u00e5t inte barn leka i n\u00e4rheten av korgen utan uppsikt.<br \/>\n\u2022 Anv\u00e4nds under f\u00f6r\u00e4ldrarnas uppsikt.<br \/>\n\u2022 Reng\u00f6r med en fuktig trasa och torka omedelbart.  <\/p>\n<p>Korgen kan anv\u00e4ndas tills barnet v\u00e4ger 9 kg eller tills det kan v\u00e4nda sig fr\u00e5n sida till sida eller sitta upp utan hj\u00e4lp.<\/p>\n","protected":false},"excerpt":{"rendered":"<p>Setet inneh\u00e5ller: moseskorg, madrass Produktens egenskaper: &#8211; alternativ till spj\u00e4ls\u00e4ng och vagga under barnets f\u00f6rsta m\u00e5nader, &#8211; ger barnet en k\u00e4nsla av trygghet och s\u00e4kerhet, &#8211; tack vare handtagen kan korgen enkelt b\u00e4ras runt och du kan alltid ha ditt barn n\u00e4ra dig (OBS: det \u00e4r inte till\u00e5tet att b\u00e4ra korgen med ett barn i), [&hellip;]<\/p>\n","protected":false},"featured_media":0,"comment_status":"open","ping_status":"closed","template":"","meta":[],"product_brand":[],"product_cat":[33],"product_tag":[],"class_list":{"0":"post-13182","1":"product","2":"type-product","3":"status-publish","5":"product_cat-okategoriserad","7":"first","8":"instock","9":"shipping-taxable","10":"purchasable","11":"product-type-simple"},"_links":{"self":[{"href":"https:\/\/nordicmart.andreevmaster.com\/sv\/wp-json\/wp\/v2\/product\/13182","targetHints":{"allow":["GET"]}}],"collection":[{"href":"https:\/\/nordicmart.andreevmaster.com\/sv\/wp-json\/wp\/v2\/product"}],"about":[{"href":"https:\/\/nordicmart.andreevmaster.com\/sv\/wp-json\/wp\/v2\/types\/product"}],"replies":[{"embeddable":true,"href":"https:\/\/nordicmart.andreevmaster.com\/sv\/wp-json\/wp\/v2\/comments?post=13182"}],"wp:attachment":[{"href":"https:\/\/nordicmart.andreevmaster.com\/sv\/wp-json\/wp\/v2\/media?parent=13182"}],"wp:term":[{"taxonomy":"product_brand","embeddable":true,"href":"https:\/\/nordicmart.andreevmaster.com\/sv\/wp-json\/wp\/v2\/product_brand?post=13182"},{"taxonomy":"product_cat","embeddable":true,"href":"https:\/\/nordicmart.andreevmaster.com\/sv\/wp-json\/wp\/v2\/product_cat?post=13182"},{"taxonomy":"product_tag","embeddable":true,"href":"https:\/\/nordicmart.andreevmaster.com\/sv\/wp-json\/wp\/v2\/product_tag?post=13182"}],"curies":[{"name":"wp","href":"https:\/\/api.w.org\/{rel}","templated":true}]}}