{"id":13181,"date":"2026-02-27T00:16:52","date_gmt":"2026-02-27T00:16:52","guid":{"rendered":"https:\/\/nordicmart.andreevmaster.com\/product\/barnfilt-i-bomull-med-risvav-rosig\/"},"modified":"2026-02-27T08:10:18","modified_gmt":"2026-02-27T08:10:18","slug":"barnfilt-i-bomull-med-risvav-rosig","status":"publish","type":"product","link":"https:\/\/nordicmart.andreevmaster.com\/sv\/produkt\/barnfilt-i-bomull-med-risvav-rosig\/","title":{"rendered":"Barnfilt i bomull med risv\u00e4v  Rosig"},"content":{"rendered":"<p>** ** **Bomullsfilt med risv\u00e4v**<br \/>\nFilten fr\u00e5n Coctail Party-kollektionen \u00e4r tillverkad av 100 % bomull med Oeko-Tex-certifikat, vilket g\u00f6r den mycket mjuk och behaglig och inte irriterar barnets hud. Den har ocks\u00e5 andningsbara egenskaper som skyddar barnet fr\u00e5n \u00f6verhettning. Filten \u00e4r perfekt f\u00f6r spj\u00e4ls\u00e4ng, barnvagn eller bilbarnstol. Kan anv\u00e4ndas \u00e5ret runt.<br \/>\nFiltarna \u00e4r tillverkade och designade i Polen. Noggrant utvalda material och garnmetoder garanterar h\u00f6gsta kvalitet.<br \/>\n**Storlek:**<br \/>\n80&#215;100 cm<br \/>\n**Material:**<br \/>\n100 % bomull med Oeko-Tex-certifikat<br \/>\n**Skapa din egen cocktail, du kan v\u00e4lja mellan:**<br \/>\n&#8211; rosig                             &#8211; vallmo<br \/>\n&#8211; bubble gum                  &#8211; bl\u00e5b\u00e4r<br \/>\n&#8211; mj\u00f6lk                             &#8211; honung<br \/>\n&#8211; avokado<\/p>\n<p>**Rekommendationer:**<br \/>\n&#8211; tv\u00e4tta i max 40 grader med milt tv\u00e4ttmedel<br \/>\n&#8211; blek inte<br \/>\n&#8211; torktumla inte, helst plantorkning f\u00f6r att bibeh\u00e5lla formen<br \/>\n&#8211; stryk<\/p>\n","protected":false},"excerpt":{"rendered":"<p>** ** **Bomullsfilt med risv\u00e4v** Filten fr\u00e5n Coctail Party-kollektionen \u00e4r tillverkad av 100 % bomull med Oeko-Tex-certifikat, vilket g\u00f6r den mycket mjuk och behaglig och inte irriterar barnets hud. Den har ocks\u00e5 andningsbara egenskaper som skyddar barnet fr\u00e5n \u00f6verhettning. Filten \u00e4r perfekt f\u00f6r spj\u00e4ls\u00e4ng, barnvagn eller bilbarnstol. Kan anv\u00e4ndas \u00e5ret runt. Filtarna \u00e4r tillverkade och [&hellip;]<\/p>\n","protected":false},"featured_media":0,"comment_status":"open","ping_status":"closed","template":"","meta":[],"product_brand":[],"product_cat":[33],"product_tag":[],"class_list":{"0":"post-13181","1":"product","2":"type-product","3":"status-publish","5":"product_cat-okategoriserad","7":"first","8":"instock","9":"shipping-taxable","10":"purchasable","11":"product-type-simple"},"_links":{"self":[{"href":"https:\/\/nordicmart.andreevmaster.com\/sv\/wp-json\/wp\/v2\/product\/13181","targetHints":{"allow":["GET"]}}],"collection":[{"href":"https:\/\/nordicmart.andreevmaster.com\/sv\/wp-json\/wp\/v2\/product"}],"about":[{"href":"https:\/\/nordicmart.andreevmaster.com\/sv\/wp-json\/wp\/v2\/types\/product"}],"replies":[{"embeddable":true,"href":"https:\/\/nordicmart.andreevmaster.com\/sv\/wp-json\/wp\/v2\/comments?post=13181"}],"wp:attachment":[{"href":"https:\/\/nordicmart.andreevmaster.com\/sv\/wp-json\/wp\/v2\/media?parent=13181"}],"wp:term":[{"taxonomy":"product_brand","embeddable":true,"href":"https:\/\/nordicmart.andreevmaster.com\/sv\/wp-json\/wp\/v2\/product_brand?post=13181"},{"taxonomy":"product_cat","embeddable":true,"href":"https:\/\/nordicmart.andreevmaster.com\/sv\/wp-json\/wp\/v2\/product_cat?post=13181"},{"taxonomy":"product_tag","embeddable":true,"href":"https:\/\/nordicmart.andreevmaster.com\/sv\/wp-json\/wp\/v2\/product_tag?post=13181"}],"curies":[{"name":"wp","href":"https:\/\/api.w.org\/{rel}","templated":true}]}}