{"id":13180,"date":"2026-02-27T00:16:51","date_gmt":"2026-02-27T00:16:51","guid":{"rendered":"https:\/\/nordicmart.andreevmaster.com\/product\/barnfilt-i-bomullsrisvav-honey\/"},"modified":"2026-02-27T08:10:18","modified_gmt":"2026-02-27T08:10:18","slug":"barnfilt-i-bomullsrisvav-honey","status":"publish","type":"product","link":"https:\/\/nordicmart.andreevmaster.com\/sv\/produkt\/barnfilt-i-bomullsrisvav-honey\/","title":{"rendered":"Barnfilt i bomullsrisv\u00e4v Honey"},"content":{"rendered":"<p>Filtarna fr\u00e5n Coctail Party-kollektionen \u00e4r tillverkade av 100 % bomull med Oeko-Tex-certifikat och \u00e4r mycket mjuka och behagliga att ta p\u00e5, vilket g\u00f6r att de inte irriterar barnets hud. Tyget \u00e4r ocks\u00e5 mycket andningsbart, vilket skyddar ditt barn fr\u00e5n \u00f6verhettning. Perfekt f\u00f6r spj\u00e4ls\u00e4ng, barnvagn eller bilbarnstol. F\u00f6r anv\u00e4ndning \u00e5ret runt.<\/p>\n<p>Filtarna \u00e4r designade och sydda i Polen. Noggrant utvalt material och v\u00e4vning garanterar h\u00f6g kvalitet. <\/p>\n<p>**Material:**<br \/>\n&#8211; 100 % bomull med Oeko-TEX Standard 100-certifikat. <\/p>\n<p>**M\u00e5tt:**<br \/>\n80&#215;100 cm. <\/p>\n<p>Avsedd f\u00f6r barn upp till 5 \u00e5r. Anv\u00e4nds under f\u00f6r\u00e4ldrars uppsikt. <\/p>\n<p>**Skapa din egen f\u00e4rgskala genom att v\u00e4lja mellan:**<br \/>\n&#8211; rosig<br \/>\n&#8211; vallmo<br \/>\n&#8211; bubble gum<br \/>\n&#8211; bl\u00e5b\u00e4r<br \/>\n&#8211; mj\u00f6lk<br \/>\n&#8211; honung<br \/>\n&#8211; avokado<\/p>\n","protected":false},"excerpt":{"rendered":"<p>Filtarna fr\u00e5n Coctail Party-kollektionen \u00e4r tillverkade av 100 % bomull med Oeko-Tex-certifikat och \u00e4r mycket mjuka och behagliga att ta p\u00e5, vilket g\u00f6r att de inte irriterar barnets hud. Tyget \u00e4r ocks\u00e5 mycket andningsbart, vilket skyddar ditt barn fr\u00e5n \u00f6verhettning. Perfekt f\u00f6r spj\u00e4ls\u00e4ng, barnvagn eller bilbarnstol. F\u00f6r anv\u00e4ndning \u00e5ret runt. Filtarna \u00e4r designade och sydda [&hellip;]<\/p>\n","protected":false},"featured_media":0,"comment_status":"open","ping_status":"closed","template":"","meta":[],"product_brand":[],"product_cat":[33],"product_tag":[],"class_list":{"0":"post-13180","1":"product","2":"type-product","3":"status-publish","5":"product_cat-okategoriserad","7":"first","8":"instock","9":"shipping-taxable","10":"purchasable","11":"product-type-simple"},"_links":{"self":[{"href":"https:\/\/nordicmart.andreevmaster.com\/sv\/wp-json\/wp\/v2\/product\/13180","targetHints":{"allow":["GET"]}}],"collection":[{"href":"https:\/\/nordicmart.andreevmaster.com\/sv\/wp-json\/wp\/v2\/product"}],"about":[{"href":"https:\/\/nordicmart.andreevmaster.com\/sv\/wp-json\/wp\/v2\/types\/product"}],"replies":[{"embeddable":true,"href":"https:\/\/nordicmart.andreevmaster.com\/sv\/wp-json\/wp\/v2\/comments?post=13180"}],"wp:attachment":[{"href":"https:\/\/nordicmart.andreevmaster.com\/sv\/wp-json\/wp\/v2\/media?parent=13180"}],"wp:term":[{"taxonomy":"product_brand","embeddable":true,"href":"https:\/\/nordicmart.andreevmaster.com\/sv\/wp-json\/wp\/v2\/product_brand?post=13180"},{"taxonomy":"product_cat","embeddable":true,"href":"https:\/\/nordicmart.andreevmaster.com\/sv\/wp-json\/wp\/v2\/product_cat?post=13180"},{"taxonomy":"product_tag","embeddable":true,"href":"https:\/\/nordicmart.andreevmaster.com\/sv\/wp-json\/wp\/v2\/product_tag?post=13180"}],"curies":[{"name":"wp","href":"https:\/\/api.w.org\/{rel}","templated":true}]}}