{"id":13172,"date":"2026-02-27T00:16:50","date_gmt":"2026-02-27T00:16:50","guid":{"rendered":"https:\/\/nordicmart.andreevmaster.com\/product\/vasagle-kokshylla-stativhylla-bagarhylla-med-krokar-och-hyllplan\/"},"modified":"2026-02-27T08:10:16","modified_gmt":"2026-02-27T08:10:16","slug":"vasagle-kokshylla-stativhylla-bagarhylla-med-krokar-och-hyllplan","status":"publish","type":"product","link":"https:\/\/nordicmart.andreevmaster.com\/sv\/produkt\/vasagle-kokshylla-stativhylla-bagarhylla-med-krokar-och-hyllplan\/","title":{"rendered":"VASAGLE k\u00f6kshylla, stativhylla, bagarhylla med krokar och hyllplan"},"content":{"rendered":"<p>VASAGLE k\u00f6kshylla, stativhylla med 2 metallkorgar, bagarhylla med krokar och hyllplan, mikrov\u00e5gsugnshylla<br \/>\nSpecifikationer:<br \/>\n&#8211; M\u00e5tt: 35 x 80 x 93,5 cm (D x B x H)<br \/>\n&#8211; Vikt: 12,3 kg<br \/>\n&#8211; Max. statisk b\u00e4rf\u00f6rm\u00e5ga f\u00f6r arbetsytan: 39 kg<br \/>\n&#8211; Max. statisk b\u00e4rf\u00f6rm\u00e5ga f\u00f6r den nedre stora hyllan: 39 kg<br \/>\n&#8211; Max. statisk b\u00e4rf\u00f6rm\u00e5ga f\u00f6r den nedre lilla hyllan: 32 kg<br \/>\n&#8211; Max. statisk b\u00e4rf\u00f6rm\u00e5ga f\u00f6r gallerhyllan: 32 kg<br \/>\n&#8211; Max. statisk b\u00e4rf\u00f6rm\u00e5ga per gallerhylla: 5 kg<br \/>\n&#8211; Material: sp\u00e5nskiva, st\u00e5l<br \/>\n&#8211; F\u00e4rger: antracitgr\u00e5-bl\u00e4ck svart<\/p>\n","protected":false},"excerpt":{"rendered":"<p>VASAGLE k\u00f6kshylla, stativhylla med 2 metallkorgar, bagarhylla med krokar och hyllplan, mikrov\u00e5gsugnshylla<\/p>\n","protected":false},"featured_media":41348,"comment_status":"open","ping_status":"closed","template":"","meta":[],"product_brand":[],"product_cat":[33],"product_tag":[],"class_list":{"0":"post-13172","1":"product","2":"type-product","3":"status-publish","4":"has-post-thumbnail","6":"product_cat-okategoriserad","8":"first","9":"instock","10":"shipping-taxable","11":"purchasable","12":"product-type-simple"},"_links":{"self":[{"href":"https:\/\/nordicmart.andreevmaster.com\/sv\/wp-json\/wp\/v2\/product\/13172","targetHints":{"allow":["GET"]}}],"collection":[{"href":"https:\/\/nordicmart.andreevmaster.com\/sv\/wp-json\/wp\/v2\/product"}],"about":[{"href":"https:\/\/nordicmart.andreevmaster.com\/sv\/wp-json\/wp\/v2\/types\/product"}],"replies":[{"embeddable":true,"href":"https:\/\/nordicmart.andreevmaster.com\/sv\/wp-json\/wp\/v2\/comments?post=13172"}],"wp:featuredmedia":[{"embeddable":true,"href":"https:\/\/nordicmart.andreevmaster.com\/sv\/wp-json\/wp\/v2\/media\/41348"}],"wp:attachment":[{"href":"https:\/\/nordicmart.andreevmaster.com\/sv\/wp-json\/wp\/v2\/media?parent=13172"}],"wp:term":[{"taxonomy":"product_brand","embeddable":true,"href":"https:\/\/nordicmart.andreevmaster.com\/sv\/wp-json\/wp\/v2\/product_brand?post=13172"},{"taxonomy":"product_cat","embeddable":true,"href":"https:\/\/nordicmart.andreevmaster.com\/sv\/wp-json\/wp\/v2\/product_cat?post=13172"},{"taxonomy":"product_tag","embeddable":true,"href":"https:\/\/nordicmart.andreevmaster.com\/sv\/wp-json\/wp\/v2\/product_tag?post=13172"}],"curies":[{"name":"wp","href":"https:\/\/api.w.org\/{rel}","templated":true}]}}