{"id":13155,"date":"2026-02-27T00:16:46","date_gmt":"2026-02-27T00:16:46","guid":{"rendered":"https:\/\/nordicmart.andreevmaster.com\/product\/vasagle-kokshylla-med-tradkurvar-i-industriell-stil\/"},"modified":"2026-02-27T08:10:14","modified_gmt":"2026-02-27T08:10:14","slug":"vasagle-kokshylla-med-tradkurvar-i-industriell-stil","status":"publish","type":"product","link":"https:\/\/nordicmart.andreevmaster.com\/sv\/produkt\/vasagle-kokshylla-med-tradkurvar-i-industriell-stil\/","title":{"rendered":"VASAGLE k\u00f6kshylla med tr\u00e5dkurvar i industriell stil"},"content":{"rendered":"<p>Produktdetaljer: &#8211; F\u00e4rg: Vintage\/m\u00f6rkbrun &#8211; Material: Sp\u00e5nskiva, j\u00e4rn &#8211; Storlek: 80 x 35 x 95 cm (L x B x H) &#8211; Vikt: 11,8 kg &#8211; Max. statisk belastningskapacitet per hyllplan: 20 kg &#8211; Max. statisk belastningskapacitet per tr\u00e5dkurv: 10 kg Leveransomfattning:- 1 x k\u00f6kshylla &#8211; 6 x krokar &#8211; 1 x monterings tillbeh\u00f6r &#8211; 1 x instruktioner (DE, EN, IT, FR, ES) VASAGLE Anm\u00e4rkningar: &#8211; H\u00e5ll barn borta fr\u00e5n arbetsomr\u00e5det under monteringen. Leveransen inneh\u00e5ller m\u00e5nga sm\u00e5delar som kan vara livsfarliga om de sv\u00e4ljs eller inhaleras. &#8211; L\u00e5t inte barn kl\u00e4ttra p\u00e5 produkten. &#8211; H\u00e5ll produkten borta fr\u00e5n vassa och spetsiga f\u00f6rem\u00e5l samt fr\u00e4tande kemikalier f\u00f6r att undvika skador p\u00e5 ytan. &#8211; Den maximala statiska belastningskapaciteten \u00e4r 80 kg. Placera inte tyngre f\u00f6rem\u00e5l p\u00e5 produkten.<\/p>\n","protected":false},"excerpt":{"rendered":"<p>VASAGLE k\u00f6kshylla, stativhylla med 2 metallkorgar, bagarhylla med krokar och hyllplan, mikrov\u00e5gsugnshylla, 80 x 35 x 95 cm, industriell design, vintage, m\u00f6rkbrun KKS96X<\/p>\n","protected":false},"featured_media":41331,"comment_status":"open","ping_status":"closed","template":"","meta":[],"product_brand":[],"product_cat":[33],"product_tag":[],"class_list":{"0":"post-13155","1":"product","2":"type-product","3":"status-publish","4":"has-post-thumbnail","6":"product_cat-okategoriserad","8":"first","9":"instock","10":"shipping-taxable","11":"purchasable","12":"product-type-simple"},"_links":{"self":[{"href":"https:\/\/nordicmart.andreevmaster.com\/sv\/wp-json\/wp\/v2\/product\/13155","targetHints":{"allow":["GET"]}}],"collection":[{"href":"https:\/\/nordicmart.andreevmaster.com\/sv\/wp-json\/wp\/v2\/product"}],"about":[{"href":"https:\/\/nordicmart.andreevmaster.com\/sv\/wp-json\/wp\/v2\/types\/product"}],"replies":[{"embeddable":true,"href":"https:\/\/nordicmart.andreevmaster.com\/sv\/wp-json\/wp\/v2\/comments?post=13155"}],"wp:featuredmedia":[{"embeddable":true,"href":"https:\/\/nordicmart.andreevmaster.com\/sv\/wp-json\/wp\/v2\/media\/41331"}],"wp:attachment":[{"href":"https:\/\/nordicmart.andreevmaster.com\/sv\/wp-json\/wp\/v2\/media?parent=13155"}],"wp:term":[{"taxonomy":"product_brand","embeddable":true,"href":"https:\/\/nordicmart.andreevmaster.com\/sv\/wp-json\/wp\/v2\/product_brand?post=13155"},{"taxonomy":"product_cat","embeddable":true,"href":"https:\/\/nordicmart.andreevmaster.com\/sv\/wp-json\/wp\/v2\/product_cat?post=13155"},{"taxonomy":"product_tag","embeddable":true,"href":"https:\/\/nordicmart.andreevmaster.com\/sv\/wp-json\/wp\/v2\/product_tag?post=13155"}],"curies":[{"name":"wp","href":"https:\/\/api.w.org\/{rel}","templated":true}]}}