{"id":13153,"date":"2026-02-27T00:16:45","date_gmt":"2026-02-27T00:16:45","guid":{"rendered":"https:\/\/nordicmart.andreevmaster.com\/product\/vasagle-kokshylla-i-industriell-stil\/"},"modified":"2026-02-27T08:10:13","modified_gmt":"2026-02-27T08:10:13","slug":"vasagle-kokshylla-i-industriell-stil","status":"publish","type":"product","link":"https:\/\/nordicmart.andreevmaster.com\/sv\/produkt\/vasagle-kokshylla-i-industriell-stil\/","title":{"rendered":"VASAGLE k\u00f6kshylla i industriell stil"},"content":{"rendered":"<p>Produktdetaljer: &#8211; F\u00e4rg: Sandbrun &#8211; Material: Sp\u00e5nskiva, st\u00e5l &#8211; Storlek: 90 x 40 x 84 cm (L x B x H) &#8211; Vikt: 16,4 kg &#8211; Max. total statisk belastningskapacitet: 80 kg Leveransomfattning: &#8211; 1 x k\u00f6kshylla &#8211; 1 x tillbeh\u00f6rsp\u00e5se &#8211; 1 x tippskydd &#8211; 1 x bruksanvisning (DE, EN, FR, ES, IT) VASAGLE Anm\u00e4rkningar: &#8211; Av hygieniska sk\u00e4l b\u00f6r du undvika direkt kontakt mellan livsmedel och tr\u00e5dkorgen.<\/p>\n","protected":false},"excerpt":{"rendered":"<p>VASAGLE stabilt stativ, k\u00f6kshylla i metall, platsbesparande mikrov\u00e5gsugnshylla med st\u00e5lstativ och tr\u00e5dkorg, industriell design, tr\u00e4optik, vintagebrun-svart KKS90X<\/p>\n","protected":false},"featured_media":41329,"comment_status":"open","ping_status":"closed","template":"","meta":[],"product_brand":[],"product_cat":[33],"product_tag":[],"class_list":{"0":"post-13153","1":"product","2":"type-product","3":"status-publish","4":"has-post-thumbnail","6":"product_cat-okategoriserad","8":"first","9":"instock","10":"shipping-taxable","11":"purchasable","12":"product-type-simple"},"_links":{"self":[{"href":"https:\/\/nordicmart.andreevmaster.com\/sv\/wp-json\/wp\/v2\/product\/13153","targetHints":{"allow":["GET"]}}],"collection":[{"href":"https:\/\/nordicmart.andreevmaster.com\/sv\/wp-json\/wp\/v2\/product"}],"about":[{"href":"https:\/\/nordicmart.andreevmaster.com\/sv\/wp-json\/wp\/v2\/types\/product"}],"replies":[{"embeddable":true,"href":"https:\/\/nordicmart.andreevmaster.com\/sv\/wp-json\/wp\/v2\/comments?post=13153"}],"wp:featuredmedia":[{"embeddable":true,"href":"https:\/\/nordicmart.andreevmaster.com\/sv\/wp-json\/wp\/v2\/media\/41329"}],"wp:attachment":[{"href":"https:\/\/nordicmart.andreevmaster.com\/sv\/wp-json\/wp\/v2\/media?parent=13153"}],"wp:term":[{"taxonomy":"product_brand","embeddable":true,"href":"https:\/\/nordicmart.andreevmaster.com\/sv\/wp-json\/wp\/v2\/product_brand?post=13153"},{"taxonomy":"product_cat","embeddable":true,"href":"https:\/\/nordicmart.andreevmaster.com\/sv\/wp-json\/wp\/v2\/product_cat?post=13153"},{"taxonomy":"product_tag","embeddable":true,"href":"https:\/\/nordicmart.andreevmaster.com\/sv\/wp-json\/wp\/v2\/product_tag?post=13153"}],"curies":[{"name":"wp","href":"https:\/\/api.w.org\/{rel}","templated":true}]}}