{"id":13151,"date":"2026-02-27T00:16:45","date_gmt":"2026-02-27T00:16:45","guid":{"rendered":"https:\/\/nordicmart.andreevmaster.com\/product\/vasagle-rullbar-kokshylla-i-industriell-design\/"},"modified":"2026-02-27T08:10:13","modified_gmt":"2026-02-27T08:10:13","slug":"vasagle-rullbar-kokshylla-i-industriell-design","status":"publish","type":"product","link":"https:\/\/nordicmart.andreevmaster.com\/sv\/produkt\/vasagle-rullbar-kokshylla-i-industriell-design\/","title":{"rendered":"VASAGLE Rullbar k\u00f6kshylla i industriell design"},"content":{"rendered":"<p>Mat p\u00e5 hjulSkjut in h\u00e4rligt doftande matr\u00e4tter i matsalen och dra sedan \u00e5t bromsarna s\u00e5 att dina l\u00e4ckerheter inte rullar iv\u00e4g.Produktdetaljer:- F\u00e4rg: Vintage\/m\u00f6rkbrun- Material: Sp\u00e5nskiva, j\u00e4rn- Produktstorlek: 60 x 40 x 89 cm (L x B x H) &#8211; Storlek p\u00e5 \u00f6versta hyllplan: 60 x 40 cm (L x B) &#8211; Storlek p\u00e5 mellersta och nedersta hyllplan: 52 x 37,5 cm (L x B) &#8211; Vikt: 10,9 kg &#8211; Max. total statisk belastningskapacitet: 80 kg Leveransomfattning:- 1 x k\u00f6kshylla &#8211; 6 x S-krokar &#8211; 1 x monterings tillbeh\u00f6r &#8211; 1 x bruksanvisning (DE, EN, ES, FR, IT)<\/p>\n","protected":false},"excerpt":{"rendered":"<p>VASAGLE K\u00f6kshylla p\u00e5 hjul, serveringsvagn med 3 hyllplan, mikrov\u00e5gsugnshylla, f\u00f6r miniuppv\u00e4rmare, br\u00f6drost, vattenkokare, metall, med 6 krokar, industriell design, vintage, m\u00f6rkbrun KKS60XV1<\/p>\n","protected":false},"featured_media":41327,"comment_status":"open","ping_status":"closed","template":"","meta":[],"product_brand":[],"product_cat":[33],"product_tag":[],"class_list":{"0":"post-13151","1":"product","2":"type-product","3":"status-publish","4":"has-post-thumbnail","6":"product_cat-okategoriserad","8":"first","9":"instock","10":"shipping-taxable","11":"purchasable","12":"product-type-simple"},"_links":{"self":[{"href":"https:\/\/nordicmart.andreevmaster.com\/sv\/wp-json\/wp\/v2\/product\/13151","targetHints":{"allow":["GET"]}}],"collection":[{"href":"https:\/\/nordicmart.andreevmaster.com\/sv\/wp-json\/wp\/v2\/product"}],"about":[{"href":"https:\/\/nordicmart.andreevmaster.com\/sv\/wp-json\/wp\/v2\/types\/product"}],"replies":[{"embeddable":true,"href":"https:\/\/nordicmart.andreevmaster.com\/sv\/wp-json\/wp\/v2\/comments?post=13151"}],"wp:featuredmedia":[{"embeddable":true,"href":"https:\/\/nordicmart.andreevmaster.com\/sv\/wp-json\/wp\/v2\/media\/41327"}],"wp:attachment":[{"href":"https:\/\/nordicmart.andreevmaster.com\/sv\/wp-json\/wp\/v2\/media?parent=13151"}],"wp:term":[{"taxonomy":"product_brand","embeddable":true,"href":"https:\/\/nordicmart.andreevmaster.com\/sv\/wp-json\/wp\/v2\/product_brand?post=13151"},{"taxonomy":"product_cat","embeddable":true,"href":"https:\/\/nordicmart.andreevmaster.com\/sv\/wp-json\/wp\/v2\/product_cat?post=13151"},{"taxonomy":"product_tag","embeddable":true,"href":"https:\/\/nordicmart.andreevmaster.com\/sv\/wp-json\/wp\/v2\/product_tag?post=13151"}],"curies":[{"name":"wp","href":"https:\/\/api.w.org\/{rel}","templated":true}]}}