{"id":13150,"date":"2026-02-27T00:16:44","date_gmt":"2026-02-27T00:16:44","guid":{"rendered":"https:\/\/nordicmart.andreevmaster.com\/product\/kokshylla-pa-hjul-serveringsvagn-med-3-hyllor-mikrovagsugnshylla-for-miniuugn-brodrost-metallram-med-6-krokar-industriell-design-rustik-brun-kks60xv1\/"},"modified":"2026-02-27T08:10:13","modified_gmt":"2026-02-27T08:10:13","slug":"kokshylla-pa-hjul-serveringsvagn-med-3-hyllor-mikrovagsugnshylla-for-miniuugn-brodrost-metallram-med-6-krokar-industriell-design-rustik-brun-kks60xv1","status":"publish","type":"product","link":"https:\/\/nordicmart.andreevmaster.com\/sv\/produkt\/kokshylla-pa-hjul-serveringsvagn-med-3-hyllor-mikrovagsugnshylla-for-miniuugn-brodrost-metallram-med-6-krokar-industriell-design-rustik-brun-kks60xv1\/","title":{"rendered":"K\u00f6kshylla p\u00e5 hjul, serveringsvagn med 3 hyllor, mikrov\u00e5gsugnshylla, f\u00f6r miniuugn, br\u00f6drost, metallram med 6 krokar, industriell design, rustik brun KKS60XV1"},"content":{"rendered":"<p>K\u00d6KSKOORDINATOR: Om br\u00f6drostar och vattenkokare m\u00e5ste flyttas ner p\u00e5 golvet f\u00f6r att f\u00e5 plats \u00e4r det h\u00f6g tid att skaffa denna k\u00f6kshylla med tre hyllor p\u00e5 54 x 37,5 cm. Placera din mikrov\u00e5gsugn p\u00e5 den \u00f6versta niv\u00e5n.MOBILT K\u00d6K: Denna vagn rullar genom ditt k\u00f6k p\u00e5 fyra robusta hjul och ser till att kryddor, oljor och s\u00e5ser finns precis bredvid spisen. L\u00e5s de tv\u00e5 bromsarna p\u00e5 den mobila vagnen f\u00f6r att f\u00f6rhindra att ingredienserna rullar iv\u00e4g. Jo, det finns det! F\u00f6rutom hyllan skickar vi ocks\u00e5 med 6 S-formade krokar som \u00e4r perfekta f\u00f6r att h\u00e4nga upp grytlappar eller torka handdukar p\u00e5. <\/p>\n<p>INGET \u00c4R ENKLARE \u00c4N DET! Koppla ihop de robusta 20 x 40 mm metallst\u00e4ngerna och skruva fast hyllorna. P\u00e5 bara 15 minutter har du en robust hylde till flere form\u00e5l i ditt k\u00f6k eller p\u00e5 kontoret.<\/p>\n<p>HAR DU STADIG SP\u00d8RGSM\u00c5L? I s\u00e5 fall kan du kontakta vores venlige kundeservice. Fork\u00e6l dit k\u00f8kken med denne attraktive serveringsvogn fra vores ALINRU-kollektion!Mat p\u00e5 hjul Skjut in l\u00e4ckert doftande mat i matsalen och dra sedan \u00e5t bromsarna f\u00f6r att f\u00f6rhindra att dina delikatesser hamnar i avloppet. Produktdetaljer: &#8211; F\u00e4rg: vintage\/m\u00f6rkbrun &#8211; Material: sp\u00e5nskiva, j\u00e4rn &#8211; Produktstorlek: 60 x 40 x 89 cm (L x B x H)- Storlek p\u00e5 \u00f6versta hyllan: 60 x 40 cm (L x B)- Storlek p\u00e5 mellersta och nedersta hyllan: 52 x 37,5 cm (L x B)- Vikt: 10,9 kg- Max. samlad statisk belastningskapacitet: 80 kgLeveransomfattning:- 1 x k\u00f6kshylla- 6 x S-Hakena- 1 x monteringsutrustning- 1 x bruksanvisning (DE, EN, ES, FR, IT)<\/p>\n","protected":false},"excerpt":{"rendered":"<p>K\u00d6KSKOORDINATOR: Om br\u00f6drostar och vattenkokare m\u00e5ste flyttas ner p\u00e5 golvet f\u00f6r att f\u00e5 plats \u00e4r det h\u00f6g tid att skaffa denna k\u00f6kshylla med tre hyllor p\u00e5 54 x 37,5 cm. Placera din mikrov\u00e5gsugn p\u00e5 den \u00f6versta niv\u00e5n.MOBILT K\u00d6K: Denna vagn rullar genom ditt k\u00f6k p\u00e5 fyra robusta hjul och ser till att kryddor, oljor och [&hellip;]<\/p>\n","protected":false},"featured_media":0,"comment_status":"open","ping_status":"closed","template":"","meta":[],"product_brand":[],"product_cat":[33],"product_tag":[],"class_list":{"0":"post-13150","1":"product","2":"type-product","3":"status-publish","5":"product_cat-okategoriserad","7":"first","8":"instock","9":"shipping-taxable","10":"product-type-simple"},"_links":{"self":[{"href":"https:\/\/nordicmart.andreevmaster.com\/sv\/wp-json\/wp\/v2\/product\/13150","targetHints":{"allow":["GET"]}}],"collection":[{"href":"https:\/\/nordicmart.andreevmaster.com\/sv\/wp-json\/wp\/v2\/product"}],"about":[{"href":"https:\/\/nordicmart.andreevmaster.com\/sv\/wp-json\/wp\/v2\/types\/product"}],"replies":[{"embeddable":true,"href":"https:\/\/nordicmart.andreevmaster.com\/sv\/wp-json\/wp\/v2\/comments?post=13150"}],"wp:attachment":[{"href":"https:\/\/nordicmart.andreevmaster.com\/sv\/wp-json\/wp\/v2\/media?parent=13150"}],"wp:term":[{"taxonomy":"product_brand","embeddable":true,"href":"https:\/\/nordicmart.andreevmaster.com\/sv\/wp-json\/wp\/v2\/product_brand?post=13150"},{"taxonomy":"product_cat","embeddable":true,"href":"https:\/\/nordicmart.andreevmaster.com\/sv\/wp-json\/wp\/v2\/product_cat?post=13150"},{"taxonomy":"product_tag","embeddable":true,"href":"https:\/\/nordicmart.andreevmaster.com\/sv\/wp-json\/wp\/v2\/product_tag?post=13150"}],"curies":[{"name":"wp","href":"https:\/\/api.w.org\/{rel}","templated":true}]}}