{"id":13146,"date":"2026-02-27T00:16:43","date_gmt":"2026-02-27T00:16:43","guid":{"rendered":"https:\/\/nordicmart.andreevmaster.com\/product\/vasagle-kokshylla-i-industriell-design\/"},"modified":"2026-02-27T08:10:12","modified_gmt":"2026-02-27T08:10:12","slug":"vasagle-kokshylla-i-industriell-design","status":"publish","type":"product","link":"https:\/\/nordicmart.andreevmaster.com\/sv\/produkt\/vasagle-kokshylla-i-industriell-design\/","title":{"rendered":"VASAGLE k\u00f6kshylla i industriell design"},"content":{"rendered":"<p>Produktdetaljer: &#8211; F\u00e4rg: M\u00f6rkbrun\/vintage &#8211; Material: Sp\u00e5nskiva med melaminfan\u00e9r, j\u00e4rn &#8211; Totala m\u00e5tt: 84 x 40 x 170 cm (L x B x H) &#8211; Vikt: 18 kg- Max. statisk belastningskapacitet per hylla i tr\u00e4optik: 30 kg- Max. statisk belastningskapacitet f\u00f6r gallerhyllan: 20 kg- Max. statisk belastningskapacitet per krok: 3 kg- Max. statisk belastningskapacitet f\u00f6r den lilla hyllan i det \u00f6vre omr\u00e5det: 10 kgLeveransomfattning:- 1 x k\u00f6kshylla &#8211; 10 x krokar &#8211; 2 x tippskydd &#8211; 1 x tillbeh\u00f6rsp\u00e5se &#8211; 1 x bruksanvisning (DE, EN, FR, ES, IT) VASAGLE Anvisningar: &#8211; Uts\u00e4tt inte produkten f\u00f6r direkt solljus. &#8211; Produkten f\u00e5r inte komma i kontakt med vassa eller spetsiga f\u00f6rem\u00e5l. &#8211; Placera inga tunga f\u00f6rem\u00e5l p\u00e5 produkten. &#8211; F\u00e4st produkten p\u00e5 v\u00e4ggen med det medf\u00f6ljande tippskyddet.<\/p>\n","protected":false},"excerpt":{"rendered":"<p>VASAGLE k\u00f6kshylla i industriell design, stativhylla f\u00f6r k\u00f6ket, hyllplan i tr\u00e4optik, 10 krokar, gallerhylla i metall, f\u00f6r mikrov\u00e5gsugn, porslin, 84 x 40 x 170 cm, vintage, m\u00f6rkbrun KKS17BX<\/p>\n","protected":false},"featured_media":41323,"comment_status":"open","ping_status":"closed","template":"","meta":[],"product_brand":[],"product_cat":[33],"product_tag":[],"class_list":{"0":"post-13146","1":"product","2":"type-product","3":"status-publish","4":"has-post-thumbnail","6":"product_cat-okategoriserad","8":"first","9":"instock","10":"shipping-taxable","11":"purchasable","12":"product-type-simple"},"_links":{"self":[{"href":"https:\/\/nordicmart.andreevmaster.com\/sv\/wp-json\/wp\/v2\/product\/13146","targetHints":{"allow":["GET"]}}],"collection":[{"href":"https:\/\/nordicmart.andreevmaster.com\/sv\/wp-json\/wp\/v2\/product"}],"about":[{"href":"https:\/\/nordicmart.andreevmaster.com\/sv\/wp-json\/wp\/v2\/types\/product"}],"replies":[{"embeddable":true,"href":"https:\/\/nordicmart.andreevmaster.com\/sv\/wp-json\/wp\/v2\/comments?post=13146"}],"wp:featuredmedia":[{"embeddable":true,"href":"https:\/\/nordicmart.andreevmaster.com\/sv\/wp-json\/wp\/v2\/media\/41323"}],"wp:attachment":[{"href":"https:\/\/nordicmart.andreevmaster.com\/sv\/wp-json\/wp\/v2\/media?parent=13146"}],"wp:term":[{"taxonomy":"product_brand","embeddable":true,"href":"https:\/\/nordicmart.andreevmaster.com\/sv\/wp-json\/wp\/v2\/product_brand?post=13146"},{"taxonomy":"product_cat","embeddable":true,"href":"https:\/\/nordicmart.andreevmaster.com\/sv\/wp-json\/wp\/v2\/product_cat?post=13146"},{"taxonomy":"product_tag","embeddable":true,"href":"https:\/\/nordicmart.andreevmaster.com\/sv\/wp-json\/wp\/v2\/product_tag?post=13146"}],"curies":[{"name":"wp","href":"https:\/\/api.w.org\/{rel}","templated":true}]}}