{"id":13139,"date":"2026-02-27T00:16:42","date_gmt":"2026-02-27T00:16:42","guid":{"rendered":"https:\/\/nordicmart.andreevmaster.com\/product\/vasagle-kokshylla-med-2-metallkorgar-i-greige-svart\/"},"modified":"2026-02-27T08:10:11","modified_gmt":"2026-02-27T08:10:11","slug":"vasagle-kokshylla-med-2-metallkorgar-i-greige-svart","status":"publish","type":"product","link":"https:\/\/nordicmart.andreevmaster.com\/sv\/produkt\/vasagle-kokshylla-med-2-metallkorgar-i-greige-svart\/","title":{"rendered":"VASAGLE k\u00f6kshylla med 2 metallkorgar i greige-svart"},"content":{"rendered":"<p>VASAGLE k\u00f6kshylla, stativhylla med 2 metallkorgar, bagarhylla med krokar och hyllplan, mikrov\u00e5gsugnshylla<br \/>\nF\u00e4rg: Greige-svart<br \/>\nMaterial: sp\u00e5nskiva, st\u00e5l<br \/>\nStorlek: 35 x 80 x 95 cm (D x B x H)<br \/>\nVikt: 11,8 kg<br \/>\nMax. statisk belastningskapacitet per hyllplan: 20 kg<br \/>\nMax. statisk belastningskapacitet per gallerkorg: 10 kg<\/p>\n","protected":false},"excerpt":{"rendered":"<p>VASAGLE k\u00f6kshylla, stativhylla med 2 metallkorgar, bagarhylla med krokar och hyllplan, mikrov\u00e5gsugnshylla<\/p>\n","protected":false},"featured_media":41316,"comment_status":"open","ping_status":"closed","template":"","meta":[],"product_brand":[],"product_cat":[33],"product_tag":[],"class_list":{"0":"post-13139","1":"product","2":"type-product","3":"status-publish","4":"has-post-thumbnail","6":"product_cat-okategoriserad","8":"first","9":"instock","10":"shipping-taxable","11":"purchasable","12":"product-type-simple"},"_links":{"self":[{"href":"https:\/\/nordicmart.andreevmaster.com\/sv\/wp-json\/wp\/v2\/product\/13139","targetHints":{"allow":["GET"]}}],"collection":[{"href":"https:\/\/nordicmart.andreevmaster.com\/sv\/wp-json\/wp\/v2\/product"}],"about":[{"href":"https:\/\/nordicmart.andreevmaster.com\/sv\/wp-json\/wp\/v2\/types\/product"}],"replies":[{"embeddable":true,"href":"https:\/\/nordicmart.andreevmaster.com\/sv\/wp-json\/wp\/v2\/comments?post=13139"}],"wp:featuredmedia":[{"embeddable":true,"href":"https:\/\/nordicmart.andreevmaster.com\/sv\/wp-json\/wp\/v2\/media\/41316"}],"wp:attachment":[{"href":"https:\/\/nordicmart.andreevmaster.com\/sv\/wp-json\/wp\/v2\/media?parent=13139"}],"wp:term":[{"taxonomy":"product_brand","embeddable":true,"href":"https:\/\/nordicmart.andreevmaster.com\/sv\/wp-json\/wp\/v2\/product_brand?post=13139"},{"taxonomy":"product_cat","embeddable":true,"href":"https:\/\/nordicmart.andreevmaster.com\/sv\/wp-json\/wp\/v2\/product_cat?post=13139"},{"taxonomy":"product_tag","embeddable":true,"href":"https:\/\/nordicmart.andreevmaster.com\/sv\/wp-json\/wp\/v2\/product_tag?post=13139"}],"curies":[{"name":"wp","href":"https:\/\/api.w.org\/{rel}","templated":true}]}}