{"id":13135,"date":"2026-02-27T00:16:41","date_gmt":"2026-02-27T00:16:41","guid":{"rendered":"https:\/\/nordicmart.andreevmaster.com\/product\/vasagle-kokshylla-pa-hjul-metallram-i-ebenholtsfarg-svart\/"},"modified":"2026-02-27T08:10:10","modified_gmt":"2026-02-27T08:10:10","slug":"vasagle-kokshylla-pa-hjul-metallram-i-ebenholtsfarg-svart","status":"publish","type":"product","link":"https:\/\/nordicmart.andreevmaster.com\/sv\/produkt\/vasagle-kokshylla-pa-hjul-metallram-i-ebenholtsfarg-svart\/","title":{"rendered":"VASAGLE k\u00f6kshylla p\u00e5 hjul Metallram i ebenholtsf\u00e4rg-svart"},"content":{"rendered":"<p>VASAGLE K\u00f6kshylla p\u00e5 hjul, serveringsvagn med 3 hyllplan, mikrov\u00e5gsugnshylla, f\u00f6r miniuppv\u00e4rmare, br\u00f6drost, vattenkokare, metall, med 6 krokar, industriell design, vintage, m\u00f6rkbrun KKS60XV1<br \/>\nF\u00e4rg: Ebenholtsf\u00e4rgad-svart<br \/>\nMaterial: sp\u00e5nskiva, st\u00e5l<br \/>\nStorlek: 40 x 60 x 89 cm (D x B x H)<br \/>\nVikt: 10,9 kg<br \/>\nMax. statisk totalbelastning: 80 kg<\/p>\n","protected":false},"excerpt":{"rendered":"<p>VASAGLE K\u00f6kshylla p\u00e5 hjul, serveringsvagn med 3 hyllplan, mikrov\u00e5gsugnshylla, f\u00f6r miniuppv\u00e4rmare, br\u00f6drost, vattenkokare, metall, med 6 krokar, industriell design, vintage, m\u00f6rkbrun KKS60XV1<\/p>\n","protected":false},"featured_media":41312,"comment_status":"open","ping_status":"closed","template":"","meta":[],"product_brand":[],"product_cat":[33],"product_tag":[],"class_list":{"0":"post-13135","1":"product","2":"type-product","3":"status-publish","4":"has-post-thumbnail","6":"product_cat-okategoriserad","8":"first","9":"instock","10":"shipping-taxable","11":"purchasable","12":"product-type-simple"},"_links":{"self":[{"href":"https:\/\/nordicmart.andreevmaster.com\/sv\/wp-json\/wp\/v2\/product\/13135","targetHints":{"allow":["GET"]}}],"collection":[{"href":"https:\/\/nordicmart.andreevmaster.com\/sv\/wp-json\/wp\/v2\/product"}],"about":[{"href":"https:\/\/nordicmart.andreevmaster.com\/sv\/wp-json\/wp\/v2\/types\/product"}],"replies":[{"embeddable":true,"href":"https:\/\/nordicmart.andreevmaster.com\/sv\/wp-json\/wp\/v2\/comments?post=13135"}],"wp:featuredmedia":[{"embeddable":true,"href":"https:\/\/nordicmart.andreevmaster.com\/sv\/wp-json\/wp\/v2\/media\/41312"}],"wp:attachment":[{"href":"https:\/\/nordicmart.andreevmaster.com\/sv\/wp-json\/wp\/v2\/media?parent=13135"}],"wp:term":[{"taxonomy":"product_brand","embeddable":true,"href":"https:\/\/nordicmart.andreevmaster.com\/sv\/wp-json\/wp\/v2\/product_brand?post=13135"},{"taxonomy":"product_cat","embeddable":true,"href":"https:\/\/nordicmart.andreevmaster.com\/sv\/wp-json\/wp\/v2\/product_cat?post=13135"},{"taxonomy":"product_tag","embeddable":true,"href":"https:\/\/nordicmart.andreevmaster.com\/sv\/wp-json\/wp\/v2\/product_tag?post=13135"}],"curies":[{"name":"wp","href":"https:\/\/api.w.org\/{rel}","templated":true}]}}