{"id":13131,"date":"2026-02-27T00:16:40","date_gmt":"2026-02-27T00:16:40","guid":{"rendered":"https:\/\/nordicmart.andreevmaster.com\/product\/vasagle-kokshylla-i-industriell-design-ekfargad-vit\/"},"modified":"2026-02-27T08:10:10","modified_gmt":"2026-02-27T08:10:10","slug":"vasagle-kokshylla-i-industriell-design-ekfargad-vit","status":"publish","type":"product","link":"https:\/\/nordicmart.andreevmaster.com\/sv\/produkt\/vasagle-kokshylla-i-industriell-design-ekfargad-vit\/","title":{"rendered":"VASAGLE k\u00f6kshylla i industriell design ekf\u00e4rgad-vit"},"content":{"rendered":"<p>VASAGLE k\u00f6kshylla, stativhylla f\u00f6r k\u00f6k, mikrov\u00e5gsugnshylla, st\u00e5ende, 6 hyllplan och 6 krokar, f\u00f6r mikrov\u00e5gsugn, st\u00e5lram, industriell design<br \/>\nF\u00e4rg: Eikf\u00e4rgad-vit<br \/>\nMaterial: sp\u00e5nskiva, st\u00e5l<br \/>\nStorlek: 40 x 100 x 167 cm (D x B x H)<br \/>\nVikt: 25,8 kg<br \/>\nMax. statisk belastningskapacitet f\u00f6r varje \u00f6vre hylla: 18 kg<br \/>\nMax. statisk belastningskapacitet f\u00f6r den mellersta arbetsytan: 52 kg<br \/>\nMax. statisk belastningskapacitet f\u00f6r varje nedre hylla: 52 kg<\/p>\n","protected":false},"excerpt":{"rendered":"<p>VASAGLE k\u00f6kshylla, stativhylla f\u00f6r k\u00f6k, mikrov\u00e5gsugnshylla, st\u00e5ende, 6 hyllplan och 6 krokar, f\u00f6r mikrov\u00e5gsugn, st\u00e5lram, industriell design<\/p>\n","protected":false},"featured_media":41308,"comment_status":"open","ping_status":"closed","template":"","meta":[],"product_brand":[],"product_cat":[33],"product_tag":[],"class_list":{"0":"post-13131","1":"product","2":"type-product","3":"status-publish","4":"has-post-thumbnail","6":"product_cat-okategoriserad","8":"first","9":"instock","10":"shipping-taxable","11":"purchasable","12":"product-type-simple"},"_links":{"self":[{"href":"https:\/\/nordicmart.andreevmaster.com\/sv\/wp-json\/wp\/v2\/product\/13131","targetHints":{"allow":["GET"]}}],"collection":[{"href":"https:\/\/nordicmart.andreevmaster.com\/sv\/wp-json\/wp\/v2\/product"}],"about":[{"href":"https:\/\/nordicmart.andreevmaster.com\/sv\/wp-json\/wp\/v2\/types\/product"}],"replies":[{"embeddable":true,"href":"https:\/\/nordicmart.andreevmaster.com\/sv\/wp-json\/wp\/v2\/comments?post=13131"}],"wp:featuredmedia":[{"embeddable":true,"href":"https:\/\/nordicmart.andreevmaster.com\/sv\/wp-json\/wp\/v2\/media\/41308"}],"wp:attachment":[{"href":"https:\/\/nordicmart.andreevmaster.com\/sv\/wp-json\/wp\/v2\/media?parent=13131"}],"wp:term":[{"taxonomy":"product_brand","embeddable":true,"href":"https:\/\/nordicmart.andreevmaster.com\/sv\/wp-json\/wp\/v2\/product_brand?post=13131"},{"taxonomy":"product_cat","embeddable":true,"href":"https:\/\/nordicmart.andreevmaster.com\/sv\/wp-json\/wp\/v2\/product_cat?post=13131"},{"taxonomy":"product_tag","embeddable":true,"href":"https:\/\/nordicmart.andreevmaster.com\/sv\/wp-json\/wp\/v2\/product_tag?post=13131"}],"curies":[{"name":"wp","href":"https:\/\/api.w.org\/{rel}","templated":true}]}}