{"id":13124,"date":"2026-02-27T00:16:38","date_gmt":"2026-02-27T00:16:38","guid":{"rendered":"https:\/\/nordicmart.andreevmaster.com\/product\/vasagle-kokshylla-med-metallkorg-i-eikbeige-klassiskt-vitt\/"},"modified":"2026-02-27T08:10:09","modified_gmt":"2026-02-27T08:10:09","slug":"vasagle-kokshylla-med-metallkorg-i-eikbeige-klassiskt-vitt","status":"publish","type":"product","link":"https:\/\/nordicmart.andreevmaster.com\/sv\/produkt\/vasagle-kokshylla-med-metallkorg-i-eikbeige-klassiskt-vitt\/","title":{"rendered":"VASAGLE k\u00f6kshylla med metallkorg i eikbeige-klassiskt vitt"},"content":{"rendered":"<p>VASAGLE k\u00f6kshylla, stativhylla med metallkorg, bagarhylla med 6 S-krokar och hyllplan, mikrov\u00e5gsugnshylla, kryddhylla, f\u00f6r kastruller och stekpannor, industriell design, greige-svart KKS035B02<br \/>\nF\u00e4rg: Eikbeige-klassiskt vitt<br \/>\nMaterial: sp\u00e5nskiva, st\u00e5l<br \/>\nStorlek: 40 x 90 x 134 cm (D x B x H)<br \/>\nVikt: 15,7 kg<br \/>\nMax. statisk belastningskapacitet:<br \/>\n\u00d6vre hylla: 15 kg<br \/>\nYta: 25 kg<br \/>\nHyllplan i mitten och nedre delen: 15 kg<br \/>\nTr\u00e5dkorg: 5 kg<\/p>\n","protected":false},"excerpt":{"rendered":"<p>VASAGLE k\u00f6kshylla, stativhylla med metallkorg, bagarhylla med 6 S-krokar och hyllplan, mikrov\u00e5gsugnshylla, kryddhylla, f\u00f6r kastruller och stekpannor, industriell design, greige-svart KKS035B02<\/p>\n","protected":false},"featured_media":41301,"comment_status":"open","ping_status":"closed","template":"","meta":[],"product_brand":[],"product_cat":[33],"product_tag":[],"class_list":{"0":"post-13124","1":"product","2":"type-product","3":"status-publish","4":"has-post-thumbnail","6":"product_cat-okategoriserad","8":"first","9":"instock","10":"shipping-taxable","11":"purchasable","12":"product-type-simple"},"_links":{"self":[{"href":"https:\/\/nordicmart.andreevmaster.com\/sv\/wp-json\/wp\/v2\/product\/13124","targetHints":{"allow":["GET"]}}],"collection":[{"href":"https:\/\/nordicmart.andreevmaster.com\/sv\/wp-json\/wp\/v2\/product"}],"about":[{"href":"https:\/\/nordicmart.andreevmaster.com\/sv\/wp-json\/wp\/v2\/types\/product"}],"replies":[{"embeddable":true,"href":"https:\/\/nordicmart.andreevmaster.com\/sv\/wp-json\/wp\/v2\/comments?post=13124"}],"wp:featuredmedia":[{"embeddable":true,"href":"https:\/\/nordicmart.andreevmaster.com\/sv\/wp-json\/wp\/v2\/media\/41301"}],"wp:attachment":[{"href":"https:\/\/nordicmart.andreevmaster.com\/sv\/wp-json\/wp\/v2\/media?parent=13124"}],"wp:term":[{"taxonomy":"product_brand","embeddable":true,"href":"https:\/\/nordicmart.andreevmaster.com\/sv\/wp-json\/wp\/v2\/product_brand?post=13124"},{"taxonomy":"product_cat","embeddable":true,"href":"https:\/\/nordicmart.andreevmaster.com\/sv\/wp-json\/wp\/v2\/product_cat?post=13124"},{"taxonomy":"product_tag","embeddable":true,"href":"https:\/\/nordicmart.andreevmaster.com\/sv\/wp-json\/wp\/v2\/product_tag?post=13124"}],"curies":[{"name":"wp","href":"https:\/\/api.w.org\/{rel}","templated":true}]}}