{"id":13121,"date":"2026-02-27T00:16:37","date_gmt":"2026-02-27T00:16:37","guid":{"rendered":"https:\/\/nordicmart.andreevmaster.com\/product\/vasagle-industriellt-designat-kokshyllsystem-i-grabeige-och-svart\/"},"modified":"2026-02-27T08:10:08","modified_gmt":"2026-02-27T08:10:08","slug":"vasagle-industriellt-designat-kokshyllsystem-i-grabeige-och-svart","status":"publish","type":"product","link":"https:\/\/nordicmart.andreevmaster.com\/sv\/produkt\/vasagle-industriellt-designat-kokshyllsystem-i-grabeige-och-svart\/","title":{"rendered":"VASAGLE industriellt designat k\u00f6kshyllsystem i gr\u00e5beige och svart"},"content":{"rendered":"<p>Produktdetaljer: &#8211; F\u00e4rg: Greige-svart &#8211; Material: Sp\u00e5nskiva, st\u00e5l &#8211; Storlek: 90 x 40 x 132 cm (L x B x H) &#8211; Vikt: 15,7 kg &#8211; Max. statisk belastningskapacitet: &#8211; \u00d6vre hyllplan: 15 kg &#8211; Yta: 25 kg &#8211; Hyllplan i mitten och nedre delen: 15 kg &#8211; Tr\u00e5dkorg: 5 kg Leveransomfattning: &#8211; 1 x k\u00f6kshylla &#8211; 6 x krokar &#8211; 1 x tillbeh\u00f6rspaket &#8211; 1 x bruksanvisning (DE, EN, IT, FR, ES)VASAGLE Anm\u00e4rkningar: &#8211; Av s\u00e4kerhetssk\u00e4l \u00e4r det f\u00f6rbjudet f\u00f6r barn att kl\u00e4ttra p\u00e5 eller leka med produkten. &#8211; F\u00e4st produkten p\u00e5 v\u00e4ggen med den medf\u00f6ljande tippskyddet f\u00f6r att garantera s\u00e4ker anv\u00e4ndning. &#8211; Av hygieniska sk\u00e4l b\u00f6r livsmedel inte placeras direkt p\u00e5 ytan av metallkorgen.<\/p>\n","protected":false},"excerpt":{"rendered":"<p>VASAGLE k\u00f6kshylla, stativhylla med metallkorg, bagarhylla med 6 S-krokar och hyllplan, mikrov\u00e5gsugnshylla, kryddhylla, f\u00f6r kastruller och stekpannor, industriell design, greige-svart KKS035B02<\/p>\n","protected":false},"featured_media":41298,"comment_status":"open","ping_status":"closed","template":"","meta":[],"product_brand":[],"product_cat":[33],"product_tag":[],"class_list":{"0":"post-13121","1":"product","2":"type-product","3":"status-publish","4":"has-post-thumbnail","6":"product_cat-okategoriserad","8":"first","9":"instock","10":"shipping-taxable","11":"purchasable","12":"product-type-simple"},"_links":{"self":[{"href":"https:\/\/nordicmart.andreevmaster.com\/sv\/wp-json\/wp\/v2\/product\/13121","targetHints":{"allow":["GET"]}}],"collection":[{"href":"https:\/\/nordicmart.andreevmaster.com\/sv\/wp-json\/wp\/v2\/product"}],"about":[{"href":"https:\/\/nordicmart.andreevmaster.com\/sv\/wp-json\/wp\/v2\/types\/product"}],"replies":[{"embeddable":true,"href":"https:\/\/nordicmart.andreevmaster.com\/sv\/wp-json\/wp\/v2\/comments?post=13121"}],"wp:featuredmedia":[{"embeddable":true,"href":"https:\/\/nordicmart.andreevmaster.com\/sv\/wp-json\/wp\/v2\/media\/41298"}],"wp:attachment":[{"href":"https:\/\/nordicmart.andreevmaster.com\/sv\/wp-json\/wp\/v2\/media?parent=13121"}],"wp:term":[{"taxonomy":"product_brand","embeddable":true,"href":"https:\/\/nordicmart.andreevmaster.com\/sv\/wp-json\/wp\/v2\/product_brand?post=13121"},{"taxonomy":"product_cat","embeddable":true,"href":"https:\/\/nordicmart.andreevmaster.com\/sv\/wp-json\/wp\/v2\/product_cat?post=13121"},{"taxonomy":"product_tag","embeddable":true,"href":"https:\/\/nordicmart.andreevmaster.com\/sv\/wp-json\/wp\/v2\/product_tag?post=13121"}],"curies":[{"name":"wp","href":"https:\/\/api.w.org\/{rel}","templated":true}]}}