{"id":13117,"date":"2026-02-27T00:16:37","date_gmt":"2026-02-27T00:16:37","guid":{"rendered":"https:\/\/nordicmart.andreevmaster.com\/product\/vasagle-mikrovagsugnshylla-med-justerbara-hyllplan-guldfargad-ek-molnvit\/"},"modified":"2026-02-27T08:10:07","modified_gmt":"2026-02-27T08:10:07","slug":"vasagle-mikrovagsugnshylla-med-justerbara-hyllplan-guldfargad-ek-molnvit","status":"publish","type":"product","link":"https:\/\/nordicmart.andreevmaster.com\/sv\/produkt\/vasagle-mikrovagsugnshylla-med-justerbara-hyllplan-guldfargad-ek-molnvit\/","title":{"rendered":"VASAGLE mikrov\u00e5gsugnshylla med justerbara hyllplan guldf\u00e4rgad ek-molnvit"},"content":{"rendered":"<p>VASAGLE k\u00f6kshylla med eluttag, stativhylla, mikrov\u00e5gsugnshylla med justerbara hyllplan, tygl\u00e5da, 12 krokar, f\u00f6r mikrov\u00e5gsugn, hylla f\u00f6r k\u00f6k<br \/>\nF\u00e4rg: Guldf\u00e4rgad ek-molnvit<br \/>\nMaterial: Sp\u00e5nskiva, st\u00e5l<br \/>\nStorlek: 40,5 x 110 x 180,4 cm (D x B x H)<br \/>\nVikt: 28,1 kg<br \/>\nMax. statisk belastningskapacitet f\u00f6r arbetsplattan: 63,5 kg<br \/>\nMax. statisk belastningskapacitet per krok: 5 kg<br \/>\nMax. statisk belastningskapacitet totalt: 313,5 kg<\/p>\n","protected":false},"excerpt":{"rendered":"<p>VASAGLE k\u00f6kshylla med eluttag, stativhylla, mikrov\u00e5gsugnshylla med justerbara hyllplan, tygl\u00e5da, 12 krokar, f\u00f6r mikrov\u00e5gsugn, hylla f\u00f6r k\u00f6k<\/p>\n","protected":false},"featured_media":41294,"comment_status":"open","ping_status":"closed","template":"","meta":[],"product_brand":[],"product_cat":[33],"product_tag":[],"class_list":{"0":"post-13117","1":"product","2":"type-product","3":"status-publish","4":"has-post-thumbnail","6":"product_cat-okategoriserad","8":"first","9":"instock","10":"shipping-taxable","11":"purchasable","12":"product-type-simple"},"_links":{"self":[{"href":"https:\/\/nordicmart.andreevmaster.com\/sv\/wp-json\/wp\/v2\/product\/13117","targetHints":{"allow":["GET"]}}],"collection":[{"href":"https:\/\/nordicmart.andreevmaster.com\/sv\/wp-json\/wp\/v2\/product"}],"about":[{"href":"https:\/\/nordicmart.andreevmaster.com\/sv\/wp-json\/wp\/v2\/types\/product"}],"replies":[{"embeddable":true,"href":"https:\/\/nordicmart.andreevmaster.com\/sv\/wp-json\/wp\/v2\/comments?post=13117"}],"wp:featuredmedia":[{"embeddable":true,"href":"https:\/\/nordicmart.andreevmaster.com\/sv\/wp-json\/wp\/v2\/media\/41294"}],"wp:attachment":[{"href":"https:\/\/nordicmart.andreevmaster.com\/sv\/wp-json\/wp\/v2\/media?parent=13117"}],"wp:term":[{"taxonomy":"product_brand","embeddable":true,"href":"https:\/\/nordicmart.andreevmaster.com\/sv\/wp-json\/wp\/v2\/product_brand?post=13117"},{"taxonomy":"product_cat","embeddable":true,"href":"https:\/\/nordicmart.andreevmaster.com\/sv\/wp-json\/wp\/v2\/product_cat?post=13117"},{"taxonomy":"product_tag","embeddable":true,"href":"https:\/\/nordicmart.andreevmaster.com\/sv\/wp-json\/wp\/v2\/product_tag?post=13117"}],"curies":[{"name":"wp","href":"https:\/\/api.w.org\/{rel}","templated":true}]}}