{"id":13111,"date":"2026-02-27T00:16:35","date_gmt":"2026-02-27T00:16:35","guid":{"rendered":"https:\/\/nordicmart.andreevmaster.com\/product\/vasagle-stativhylla-med-koksrullhallare-och-12-krokar\/"},"modified":"2026-02-27T08:10:06","modified_gmt":"2026-02-27T08:10:06","slug":"vasagle-stativhylla-med-koksrullhallare-och-12-krokar","status":"publish","type":"product","link":"https:\/\/nordicmart.andreevmaster.com\/sv\/produkt\/vasagle-stativhylla-med-koksrullhallare-och-12-krokar\/","title":{"rendered":"VASAGLE stativhylla med k\u00f6ksrullh\u00e5llare och 12 krokar"},"content":{"rendered":"<p>VASAGLE k\u00f6kshylla, stativhylla, hylla, k\u00f6ksb\u00e4nk, k\u00f6ks\u00f6 med magnetlist f\u00f6r knivar, tr\u00e5dkorg, k\u00f6ksrullh\u00e5llare, 12 krokar, vintagebrun-svart KKS026B01<br \/>\nF\u00e4rg: Guldbrun-vit<br \/>\nMaterial: sp\u00e5nskiva, st\u00e5l<br \/>\nStorlek: 42 x 90 x 167,3 cm (D x B x H)<br \/>\nVikt: 21,3 kg<br \/>\nMax. statisk belastningskapacitet:<br \/>\n\u00d6vre skiva: 18 kg<br \/>\nArbetsyta: 54,5 kg<br \/>\nStort f\u00f6rvaringsutrymme i mitten: 36 kg<br \/>\nLitet f\u00f6rvaringsutrymme: 18 kg<br \/>\nStort f\u00f6rvaringsutrymme i nedre delen: 55 kg<br \/>\nTr\u00e5dkorg: 10 kg<br \/>\nKrokar: 5 kg vardera<br \/>\nK\u00f6ksrullsh\u00e5llare: 5 kg<br \/>\nMagnetlist f\u00f6r knivar: 3 kg<\/p>\n","protected":false},"excerpt":{"rendered":"<p>VASAGLE k\u00f6kshylla, stativhylla, hylla, k\u00f6ksb\u00e4nk, k\u00f6ks\u00f6 med magnetlist f\u00f6r knivar, tr\u00e5dkorg, k\u00f6ksrullh\u00e5llare, 12 krokar, vintagebrun-svart KKS026B01<\/p>\n","protected":false},"featured_media":41291,"comment_status":"open","ping_status":"closed","template":"","meta":[],"product_brand":[],"product_cat":[33],"product_tag":[],"class_list":{"0":"post-13111","1":"product","2":"type-product","3":"status-publish","4":"has-post-thumbnail","6":"product_cat-okategoriserad","8":"first","9":"instock","10":"shipping-taxable","11":"purchasable","12":"product-type-simple"},"_links":{"self":[{"href":"https:\/\/nordicmart.andreevmaster.com\/sv\/wp-json\/wp\/v2\/product\/13111","targetHints":{"allow":["GET"]}}],"collection":[{"href":"https:\/\/nordicmart.andreevmaster.com\/sv\/wp-json\/wp\/v2\/product"}],"about":[{"href":"https:\/\/nordicmart.andreevmaster.com\/sv\/wp-json\/wp\/v2\/types\/product"}],"replies":[{"embeddable":true,"href":"https:\/\/nordicmart.andreevmaster.com\/sv\/wp-json\/wp\/v2\/comments?post=13111"}],"wp:featuredmedia":[{"embeddable":true,"href":"https:\/\/nordicmart.andreevmaster.com\/sv\/wp-json\/wp\/v2\/media\/41291"}],"wp:attachment":[{"href":"https:\/\/nordicmart.andreevmaster.com\/sv\/wp-json\/wp\/v2\/media?parent=13111"}],"wp:term":[{"taxonomy":"product_brand","embeddable":true,"href":"https:\/\/nordicmart.andreevmaster.com\/sv\/wp-json\/wp\/v2\/product_brand?post=13111"},{"taxonomy":"product_cat","embeddable":true,"href":"https:\/\/nordicmart.andreevmaster.com\/sv\/wp-json\/wp\/v2\/product_cat?post=13111"},{"taxonomy":"product_tag","embeddable":true,"href":"https:\/\/nordicmart.andreevmaster.com\/sv\/wp-json\/wp\/v2\/product_tag?post=13111"}],"curies":[{"name":"wp","href":"https:\/\/api.w.org\/{rel}","templated":true}]}}