{"id":13110,"date":"2026-02-27T00:16:35","date_gmt":"2026-02-27T00:16:35","guid":{"rendered":"https:\/\/nordicmart.andreevmaster.com\/product\/vasagle-kokshylla-med-magnetlist-12-krokar-ebenholtsfargad-svart\/"},"modified":"2026-02-27T08:10:06","modified_gmt":"2026-02-27T08:10:06","slug":"vasagle-kokshylla-med-magnetlist-12-krokar-ebenholtsfargad-svart","status":"publish","type":"product","link":"https:\/\/nordicmart.andreevmaster.com\/sv\/produkt\/vasagle-kokshylla-med-magnetlist-12-krokar-ebenholtsfargad-svart\/","title":{"rendered":"VASAGLE k\u00f6kshylla med magnetlist 12 krokar ebenholtsf\u00e4rgad-svart"},"content":{"rendered":"<p>VASAGLE k\u00f6kshylla, stativhylla, hylla, k\u00f6ksb\u00e4nk, k\u00f6ks\u00f6 med magnetlist f\u00f6r knivar, tr\u00e5dkorg, k\u00f6ksrullh\u00e5llare, 12 krokar, vintagebrun-svart KKS026B01<br \/>\n&#8211; F\u00e4rg: ebenholtsf\u00e4rgad-svart<br \/>\n&#8211; Material: sp\u00e5nskiva, st\u00e5l<br \/>\n&#8211; Storlek: 42 x 90 x 167,3 cm (D x B x H)<br \/>\n&#8211; Vikt: 21,3 kg<br \/>\n&#8211; Max. statisk belastningskapacitet:<br \/>\n&#8211; \u00d6vre skiva: 18 kg<br \/>\n&#8211; Arbetsyta: 54,5 kg<br \/>\n&#8211; Stor hylla i mitten: 36 kg<br \/>\n&#8211; Litet f\u00f6rvaringsutrymme: 18 kg<br \/>\n&#8211; Stor hylla i nedre delen: 55 kg<br \/>\n&#8211; Tr\u00e5dkorg: 10 kg<br \/>\n&#8211; Krokar: 5 kg vardera<br \/>\n&#8211; K\u00f6ksrullh\u00e5llare: 5 kg<br \/>\n&#8211; Magnetlist f\u00f6r knivar: 3 kg<\/p>\n","protected":false},"excerpt":{"rendered":"<p>VASAGLE k\u00f6kshylla, stativhylla, hylla, k\u00f6ksb\u00e4nk, k\u00f6ks\u00f6 med magnetlist f\u00f6r knivar, tr\u00e5dkorg, k\u00f6ksrullh\u00e5llare, 12 krokar, vintagebrun-svart KKS026B01<\/p>\n","protected":false},"featured_media":41290,"comment_status":"open","ping_status":"closed","template":"","meta":[],"product_brand":[],"product_cat":[33],"product_tag":[],"class_list":{"0":"post-13110","1":"product","2":"type-product","3":"status-publish","4":"has-post-thumbnail","6":"product_cat-okategoriserad","8":"first","9":"instock","10":"shipping-taxable","11":"purchasable","12":"product-type-simple"},"_links":{"self":[{"href":"https:\/\/nordicmart.andreevmaster.com\/sv\/wp-json\/wp\/v2\/product\/13110","targetHints":{"allow":["GET"]}}],"collection":[{"href":"https:\/\/nordicmart.andreevmaster.com\/sv\/wp-json\/wp\/v2\/product"}],"about":[{"href":"https:\/\/nordicmart.andreevmaster.com\/sv\/wp-json\/wp\/v2\/types\/product"}],"replies":[{"embeddable":true,"href":"https:\/\/nordicmart.andreevmaster.com\/sv\/wp-json\/wp\/v2\/comments?post=13110"}],"wp:featuredmedia":[{"embeddable":true,"href":"https:\/\/nordicmart.andreevmaster.com\/sv\/wp-json\/wp\/v2\/media\/41290"}],"wp:attachment":[{"href":"https:\/\/nordicmart.andreevmaster.com\/sv\/wp-json\/wp\/v2\/media?parent=13110"}],"wp:term":[{"taxonomy":"product_brand","embeddable":true,"href":"https:\/\/nordicmart.andreevmaster.com\/sv\/wp-json\/wp\/v2\/product_brand?post=13110"},{"taxonomy":"product_cat","embeddable":true,"href":"https:\/\/nordicmart.andreevmaster.com\/sv\/wp-json\/wp\/v2\/product_cat?post=13110"},{"taxonomy":"product_tag","embeddable":true,"href":"https:\/\/nordicmart.andreevmaster.com\/sv\/wp-json\/wp\/v2\/product_tag?post=13110"}],"curies":[{"name":"wp","href":"https:\/\/api.w.org\/{rel}","templated":true}]}}