{"id":13101,"date":"2026-02-27T00:16:33","date_gmt":"2026-02-27T00:16:33","guid":{"rendered":"https:\/\/nordicmart.andreevmaster.com\/product\/vasagle-stativhylla-for-kok-industridesign-grabeige-svart\/"},"modified":"2026-02-27T08:10:05","modified_gmt":"2026-02-27T08:10:05","slug":"vasagle-stativhylla-for-kok-industridesign-grabeige-svart","status":"publish","type":"product","link":"https:\/\/nordicmart.andreevmaster.com\/sv\/produkt\/vasagle-stativhylla-for-kok-industridesign-grabeige-svart\/","title":{"rendered":"VASAGLE stativhylla f\u00f6r k\u00f6k Industridesign gr\u00e5beige-svart"},"content":{"rendered":"<p>VASAGLE k\u00f6kshylla, stativhylla med hyllplan, med 6 krokar och metallram, hylla f\u00f6r mikrov\u00e5gsugn, industriell design, 40 x 60 x 167 cm, vintagebrun-svart KKS024B01<br \/>\nF\u00e4rg: Greige-svart<br \/>\nMaterial: sp\u00e5nskiva, st\u00e5l<br \/>\nStorlek: 40 x 60 x 167 cm (D x B x H)<br \/>\nVikt: 16,1 kg<br \/>\nMax. statisk belastningskapacitet f\u00f6r varje \u00f6vre hylla: 10,4 kg<br \/>\nMax. statisk belastningskapacitet f\u00f6r den mellersta arbetsytan: 38,5 kg<br \/>\nMax. statisk belastningskapacitet f\u00f6r varje nedre hylla: 36,2 kg<\/p>\n","protected":false},"excerpt":{"rendered":"<p>VASAGLE k\u00f6kshylla, stativhylla med hyllplan, med 6 krokar och metallram, hylla f\u00f6r mikrov\u00e5gsugn, industriell design, 40 x 60 x 167 cm, vintagebrun-svart KKS024B01<\/p>\n","protected":false},"featured_media":41281,"comment_status":"open","ping_status":"closed","template":"","meta":[],"product_brand":[],"product_cat":[33],"product_tag":[],"class_list":{"0":"post-13101","1":"product","2":"type-product","3":"status-publish","4":"has-post-thumbnail","6":"product_cat-okategoriserad","8":"first","9":"instock","10":"shipping-taxable","11":"purchasable","12":"product-type-simple"},"_links":{"self":[{"href":"https:\/\/nordicmart.andreevmaster.com\/sv\/wp-json\/wp\/v2\/product\/13101","targetHints":{"allow":["GET"]}}],"collection":[{"href":"https:\/\/nordicmart.andreevmaster.com\/sv\/wp-json\/wp\/v2\/product"}],"about":[{"href":"https:\/\/nordicmart.andreevmaster.com\/sv\/wp-json\/wp\/v2\/types\/product"}],"replies":[{"embeddable":true,"href":"https:\/\/nordicmart.andreevmaster.com\/sv\/wp-json\/wp\/v2\/comments?post=13101"}],"wp:featuredmedia":[{"embeddable":true,"href":"https:\/\/nordicmart.andreevmaster.com\/sv\/wp-json\/wp\/v2\/media\/41281"}],"wp:attachment":[{"href":"https:\/\/nordicmart.andreevmaster.com\/sv\/wp-json\/wp\/v2\/media?parent=13101"}],"wp:term":[{"taxonomy":"product_brand","embeddable":true,"href":"https:\/\/nordicmart.andreevmaster.com\/sv\/wp-json\/wp\/v2\/product_brand?post=13101"},{"taxonomy":"product_cat","embeddable":true,"href":"https:\/\/nordicmart.andreevmaster.com\/sv\/wp-json\/wp\/v2\/product_cat?post=13101"},{"taxonomy":"product_tag","embeddable":true,"href":"https:\/\/nordicmart.andreevmaster.com\/sv\/wp-json\/wp\/v2\/product_tag?post=13101"}],"curies":[{"name":"wp","href":"https:\/\/api.w.org\/{rel}","templated":true}]}}