{"id":13100,"date":"2026-02-27T00:16:32","date_gmt":"2026-02-27T00:16:32","guid":{"rendered":"https:\/\/nordicmart.andreevmaster.com\/product\/vasagle-kokshylla-med-hyllplan-och-krokar\/"},"modified":"2026-02-27T08:10:05","modified_gmt":"2026-02-27T08:10:05","slug":"vasagle-kokshylla-med-hyllplan-och-krokar","status":"publish","type":"product","link":"https:\/\/nordicmart.andreevmaster.com\/sv\/produkt\/vasagle-kokshylla-med-hyllplan-och-krokar\/","title":{"rendered":"VASAGLE k\u00f6kshylla med hyllplan och krokar"},"content":{"rendered":"<p> &#8211; F\u00e4rg: Vintagebrun-svart &#8211; Material: Sp\u00e5nskiva, st\u00e5l &#8211; Storlek: 40 x 60 x 167 cm (D x B x H) &#8211; Vikt: 16,1 kg &#8211; Max. statisk belastningskapacitet f\u00f6r varje \u00f6vre hylla: 10 kg &#8211; Max. statisk belastningskapacitet f\u00f6r den mellersta arbetsytan: 38,5 kg &#8211; Max. statisk belastningskapacitet f\u00f6r varje nedre hylla: 36 kg Leveransomfattning: &#8211; 1 x k\u00f6kshylla &#8211; 6 x S-formade krokar &#8211; 1 x tippskydd &#8211; 1 x tillbeh\u00f6rspaket &#8211; 1 x bruksanvisning<\/p>\n","protected":false},"excerpt":{"rendered":"<p>VASAGLE k\u00f6kshylla, stativhylla med hyllplan, med 6 krokar och metallram, hylla f\u00f6r mikrov\u00e5gsugn, industriell design, 40 x 60 x 167 cm, vintagebrun-svart KKS024B01<\/p>\n","protected":false},"featured_media":41280,"comment_status":"open","ping_status":"closed","template":"","meta":[],"product_brand":[],"product_cat":[33],"product_tag":[],"class_list":{"0":"post-13100","1":"product","2":"type-product","3":"status-publish","4":"has-post-thumbnail","6":"product_cat-okategoriserad","8":"first","9":"instock","10":"shipping-taxable","11":"purchasable","12":"product-type-simple"},"_links":{"self":[{"href":"https:\/\/nordicmart.andreevmaster.com\/sv\/wp-json\/wp\/v2\/product\/13100","targetHints":{"allow":["GET"]}}],"collection":[{"href":"https:\/\/nordicmart.andreevmaster.com\/sv\/wp-json\/wp\/v2\/product"}],"about":[{"href":"https:\/\/nordicmart.andreevmaster.com\/sv\/wp-json\/wp\/v2\/types\/product"}],"replies":[{"embeddable":true,"href":"https:\/\/nordicmart.andreevmaster.com\/sv\/wp-json\/wp\/v2\/comments?post=13100"}],"wp:featuredmedia":[{"embeddable":true,"href":"https:\/\/nordicmart.andreevmaster.com\/sv\/wp-json\/wp\/v2\/media\/41280"}],"wp:attachment":[{"href":"https:\/\/nordicmart.andreevmaster.com\/sv\/wp-json\/wp\/v2\/media?parent=13100"}],"wp:term":[{"taxonomy":"product_brand","embeddable":true,"href":"https:\/\/nordicmart.andreevmaster.com\/sv\/wp-json\/wp\/v2\/product_brand?post=13100"},{"taxonomy":"product_cat","embeddable":true,"href":"https:\/\/nordicmart.andreevmaster.com\/sv\/wp-json\/wp\/v2\/product_cat?post=13100"},{"taxonomy":"product_tag","embeddable":true,"href":"https:\/\/nordicmart.andreevmaster.com\/sv\/wp-json\/wp\/v2\/product_tag?post=13100"}],"curies":[{"name":"wp","href":"https:\/\/api.w.org\/{rel}","templated":true}]}}