{"id":13099,"date":"2026-02-27T00:16:32","date_gmt":"2026-02-27T00:16:32","guid":{"rendered":"https:\/\/nordicmart.andreevmaster.com\/product\/vasagle-industridesignat-kokshylla-med-krokar\/"},"modified":"2026-02-27T08:10:04","modified_gmt":"2026-02-27T08:10:04","slug":"vasagle-industridesignat-kokshylla-med-krokar","status":"publish","type":"product","link":"https:\/\/nordicmart.andreevmaster.com\/sv\/produkt\/vasagle-industridesignat-kokshylla-med-krokar\/","title":{"rendered":"VASAGLE Industridesignat k\u00f6kshylla med krokar"},"content":{"rendered":"<p>Produktdetaljer: &#8211; F\u00e4rg: Vintagebrun-svart &#8211; Material: Sp\u00e5nskiva, st\u00e5l &#8211; Storlek: 60 x 40 x 127 cm (L x B x H) &#8211; Vikt: 12,2 kg &#8211; Max. statisk belastningskapacitet per nedre hylla: 20 kg &#8211; Max. statisk belastningskapacitet f\u00f6r den \u00f6versta hyllan: 10 kg  Leveransomfattning: &#8211; 1 x k\u00f6kshylla &#8211; 6 x S-formade krokar &#8211; 1 x tippskydd &#8211; 1 x tillbeh\u00f6rspaket &#8211; 1 x bruksanvisning VASAGLE Anm\u00e4rkningar: &#8211; Av s\u00e4kerhetssk\u00e4l \u00e4r det f\u00f6rbjudet f\u00f6r barn att kl\u00e4ttra p\u00e5 eller leka med produkten.- F\u00e4st produkten p\u00e5 v\u00e4ggen med det medf\u00f6ljande tippskyddet f\u00f6r att garantera s\u00e4ker anv\u00e4ndning. &#8211; Kontrollera noggrant att storleken p\u00e5 din mikrov\u00e5gsugn eller andra k\u00f6ksapparater \u00e4r l\u00e4mplig.<\/p>\n","protected":false},"excerpt":{"rendered":"<p>VASAGLE k\u00f6kshylla, stativhylla med 3 hyllplan, med 6 S-formade krokar, industriell design, f\u00f6r mikrov\u00e5gsugn, k\u00f6ksredskap, kryddor, kastruller och stekpannor, vintagebrun-svart KKS023B01<\/p>\n","protected":false},"featured_media":41279,"comment_status":"open","ping_status":"closed","template":"","meta":[],"product_brand":[],"product_cat":[33],"product_tag":[],"class_list":{"0":"post-13099","1":"product","2":"type-product","3":"status-publish","4":"has-post-thumbnail","6":"product_cat-okategoriserad","8":"first","9":"instock","10":"shipping-taxable","11":"purchasable","12":"product-type-simple"},"_links":{"self":[{"href":"https:\/\/nordicmart.andreevmaster.com\/sv\/wp-json\/wp\/v2\/product\/13099","targetHints":{"allow":["GET"]}}],"collection":[{"href":"https:\/\/nordicmart.andreevmaster.com\/sv\/wp-json\/wp\/v2\/product"}],"about":[{"href":"https:\/\/nordicmart.andreevmaster.com\/sv\/wp-json\/wp\/v2\/types\/product"}],"replies":[{"embeddable":true,"href":"https:\/\/nordicmart.andreevmaster.com\/sv\/wp-json\/wp\/v2\/comments?post=13099"}],"wp:featuredmedia":[{"embeddable":true,"href":"https:\/\/nordicmart.andreevmaster.com\/sv\/wp-json\/wp\/v2\/media\/41279"}],"wp:attachment":[{"href":"https:\/\/nordicmart.andreevmaster.com\/sv\/wp-json\/wp\/v2\/media?parent=13099"}],"wp:term":[{"taxonomy":"product_brand","embeddable":true,"href":"https:\/\/nordicmart.andreevmaster.com\/sv\/wp-json\/wp\/v2\/product_brand?post=13099"},{"taxonomy":"product_cat","embeddable":true,"href":"https:\/\/nordicmart.andreevmaster.com\/sv\/wp-json\/wp\/v2\/product_cat?post=13099"},{"taxonomy":"product_tag","embeddable":true,"href":"https:\/\/nordicmart.andreevmaster.com\/sv\/wp-json\/wp\/v2\/product_tag?post=13099"}],"curies":[{"name":"wp","href":"https:\/\/api.w.org\/{rel}","templated":true}]}}