{"id":13097,"date":"2026-02-27T00:16:31","date_gmt":"2026-02-27T00:16:31","guid":{"rendered":"https:\/\/nordicmart.andreevmaster.com\/product\/vasagle-kokshylla-med-6-hyllplan-och-6-krokar\/"},"modified":"2026-02-27T08:10:04","modified_gmt":"2026-02-27T08:10:04","slug":"vasagle-kokshylla-med-6-hyllplan-och-6-krokar","status":"publish","type":"product","link":"https:\/\/nordicmart.andreevmaster.com\/sv\/produkt\/vasagle-kokshylla-med-6-hyllplan-och-6-krokar\/","title":{"rendered":"VASAGLE k\u00f6kshylla med 6 hyllplan och 6 krokar"},"content":{"rendered":"<p>VASAGLE k\u00f6kshylla, stativhylla med hyllplan, med 6 krokar och metallram, industriell design, f\u00f6r mikrov\u00e5gsugn, k\u00f6ksredskap, 80 x 40 x 167 cm, vintagebrun-svart KKS019B01<br \/>\nF\u00e4rg: ekf\u00e4rgad-vit<br \/>\nMaterial: sp\u00e5nskiva, st\u00e5l<br \/>\nStorlek: 40 x 80 x 167 cm (D x B x H)<br \/>\nVikt: 21 kg<br \/>\nMax. statisk belastningskapacitet f\u00f6r varje \u00f6vre hylla: 13,6 kg<br \/>\nMax. statisk belastningskapacitet f\u00f6r den mellersta arbetsytan: 45,3 kg<br \/>\nMax. statisk belastningskapacitet f\u00f6r varje nedre hylla: 72,5 kg<\/p>\n","protected":false},"excerpt":{"rendered":"<p>VASAGLE k\u00f6kshylla, stativhylla med hyllplan, med 6 krokar och metallram, industriell design, f\u00f6r mikrov\u00e5gsugn, k\u00f6ksredskap, 80 x 40 x 167 cm, vintagebrun-svart KKS019B01<\/p>\n","protected":false},"featured_media":41277,"comment_status":"open","ping_status":"closed","template":"","meta":[],"product_brand":[],"product_cat":[33],"product_tag":[],"class_list":{"0":"post-13097","1":"product","2":"type-product","3":"status-publish","4":"has-post-thumbnail","6":"product_cat-okategoriserad","8":"first","9":"instock","10":"shipping-taxable","11":"purchasable","12":"product-type-simple"},"_links":{"self":[{"href":"https:\/\/nordicmart.andreevmaster.com\/sv\/wp-json\/wp\/v2\/product\/13097","targetHints":{"allow":["GET"]}}],"collection":[{"href":"https:\/\/nordicmart.andreevmaster.com\/sv\/wp-json\/wp\/v2\/product"}],"about":[{"href":"https:\/\/nordicmart.andreevmaster.com\/sv\/wp-json\/wp\/v2\/types\/product"}],"replies":[{"embeddable":true,"href":"https:\/\/nordicmart.andreevmaster.com\/sv\/wp-json\/wp\/v2\/comments?post=13097"}],"wp:featuredmedia":[{"embeddable":true,"href":"https:\/\/nordicmart.andreevmaster.com\/sv\/wp-json\/wp\/v2\/media\/41277"}],"wp:attachment":[{"href":"https:\/\/nordicmart.andreevmaster.com\/sv\/wp-json\/wp\/v2\/media?parent=13097"}],"wp:term":[{"taxonomy":"product_brand","embeddable":true,"href":"https:\/\/nordicmart.andreevmaster.com\/sv\/wp-json\/wp\/v2\/product_brand?post=13097"},{"taxonomy":"product_cat","embeddable":true,"href":"https:\/\/nordicmart.andreevmaster.com\/sv\/wp-json\/wp\/v2\/product_cat?post=13097"},{"taxonomy":"product_tag","embeddable":true,"href":"https:\/\/nordicmart.andreevmaster.com\/sv\/wp-json\/wp\/v2\/product_tag?post=13097"}],"curies":[{"name":"wp","href":"https:\/\/api.w.org\/{rel}","templated":true}]}}