{"id":13092,"date":"2026-02-27T00:16:30","date_gmt":"2026-02-27T00:16:30","guid":{"rendered":"https:\/\/nordicmart.andreevmaster.com\/product\/vasagle-kokshylla-40-x-80-x-1804-cm-guldfargad-ek-molnvit\/"},"modified":"2026-02-27T08:10:03","modified_gmt":"2026-02-27T08:10:03","slug":"vasagle-kokshylla-40-x-80-x-1804-cm-guldfargad-ek-molnvit","status":"publish","type":"product","link":"https:\/\/nordicmart.andreevmaster.com\/sv\/produkt\/vasagle-kokshylla-40-x-80-x-1804-cm-guldfargad-ek-molnvit\/","title":{"rendered":"VASAGLE k\u00f6kshylla 40 x 80 x 180,4 cm guldf\u00e4rgad ek-molnvit"},"content":{"rendered":"<p>VASAGLE k\u00f6kshylla med eluttag, stativhylla, 40 x 80 x 180,4 cm, bakhylla, justerbara hyllplan, tygl\u00e5da, 12 krokar, k\u00f6k, vintagebrun-bl\u00e4ck svart KKS015K03<br \/>\nF\u00e4rg: Guldf\u00e4rgad ek-molnvit<br \/>\nMaterial: Sp\u00e5nskiva, st\u00e5l<br \/>\nStorlek: 40 x 80 x 180,4 cm (D x B x H)<br \/>\nVikt: 22,8 kg<br \/>\nMax. statisk belastningskapacitet f\u00f6r arbetsplattan: 50 kg<br \/>\nMax. statisk belastningskapacitet per krok: 5 kg<br \/>\nMax. statisk belastningskapacitet totalt: 150 kg<\/p>\n","protected":false},"excerpt":{"rendered":"<p>VASAGLE k\u00f6kshylla med eluttag, stativhylla, 40 x 80 x 180,4 cm, bakhylla, justerbara hyllplan, tygl\u00e5da, 12 krokar, k\u00f6k, vintagebrun-bl\u00e4ck svart KKS015K03<\/p>\n","protected":false},"featured_media":0,"comment_status":"open","ping_status":"closed","template":"","meta":[],"product_brand":[],"product_cat":[33],"product_tag":[],"class_list":{"0":"post-13092","1":"product","2":"type-product","3":"status-publish","5":"product_cat-okategoriserad","7":"first","8":"instock","9":"shipping-taxable","10":"purchasable","11":"product-type-simple"},"_links":{"self":[{"href":"https:\/\/nordicmart.andreevmaster.com\/sv\/wp-json\/wp\/v2\/product\/13092","targetHints":{"allow":["GET"]}}],"collection":[{"href":"https:\/\/nordicmart.andreevmaster.com\/sv\/wp-json\/wp\/v2\/product"}],"about":[{"href":"https:\/\/nordicmart.andreevmaster.com\/sv\/wp-json\/wp\/v2\/types\/product"}],"replies":[{"embeddable":true,"href":"https:\/\/nordicmart.andreevmaster.com\/sv\/wp-json\/wp\/v2\/comments?post=13092"}],"wp:attachment":[{"href":"https:\/\/nordicmart.andreevmaster.com\/sv\/wp-json\/wp\/v2\/media?parent=13092"}],"wp:term":[{"taxonomy":"product_brand","embeddable":true,"href":"https:\/\/nordicmart.andreevmaster.com\/sv\/wp-json\/wp\/v2\/product_brand?post=13092"},{"taxonomy":"product_cat","embeddable":true,"href":"https:\/\/nordicmart.andreevmaster.com\/sv\/wp-json\/wp\/v2\/product_cat?post=13092"},{"taxonomy":"product_tag","embeddable":true,"href":"https:\/\/nordicmart.andreevmaster.com\/sv\/wp-json\/wp\/v2\/product_tag?post=13092"}],"curies":[{"name":"wp","href":"https:\/\/api.w.org\/{rel}","templated":true}]}}