{"id":13085,"date":"2026-02-27T00:16:29","date_gmt":"2026-02-27T00:16:29","guid":{"rendered":"https:\/\/nordicmart.andreevmaster.com\/product\/vasagle-3-stegs-kryddhylla-stalram-industriell-greige-svart\/"},"modified":"2026-02-27T08:10:02","modified_gmt":"2026-02-27T08:10:02","slug":"vasagle-3-stegs-kryddhylla-stalram-industriell-greige-svart","status":"publish","type":"product","link":"https:\/\/nordicmart.andreevmaster.com\/sv\/produkt\/vasagle-3-stegs-kryddhylla-stalram-industriell-greige-svart\/","title":{"rendered":"VASAGLE 3-stegs kryddhylla st\u00e5lram industriell greige-svart"},"content":{"rendered":"<p>VASAGLE k\u00f6kshylla med stor arbetsplatta, 3-stegs kryddhylla, st\u00e5lram, 60 x 100 x 90 cm, industriell, enkel montering<br \/>\nF\u00e4rg: Greige-svart<br \/>\nMaterial: sp\u00e5nskiva, st\u00e5l<br \/>\nStorlek: 60 x 100 x 90 cm (D x B x H)<br \/>\nVikt: 21,5 kg<br \/>\nMax. statisk belastningskapacitet per hylla: 30 kg<\/p>\n","protected":false},"excerpt":{"rendered":"<p>VASAGLE k\u00f6kshylla med stor arbetsplatta, 3-stegs kryddhylla, st\u00e5lram, 60 x 100 x 90 cm, industriell, enkel montering<\/p>\n","protected":false},"featured_media":41266,"comment_status":"open","ping_status":"closed","template":"","meta":[],"product_brand":[],"product_cat":[33],"product_tag":[],"class_list":{"0":"post-13085","1":"product","2":"type-product","3":"status-publish","4":"has-post-thumbnail","6":"product_cat-okategoriserad","8":"first","9":"instock","10":"shipping-taxable","11":"purchasable","12":"product-type-simple"},"_links":{"self":[{"href":"https:\/\/nordicmart.andreevmaster.com\/sv\/wp-json\/wp\/v2\/product\/13085","targetHints":{"allow":["GET"]}}],"collection":[{"href":"https:\/\/nordicmart.andreevmaster.com\/sv\/wp-json\/wp\/v2\/product"}],"about":[{"href":"https:\/\/nordicmart.andreevmaster.com\/sv\/wp-json\/wp\/v2\/types\/product"}],"replies":[{"embeddable":true,"href":"https:\/\/nordicmart.andreevmaster.com\/sv\/wp-json\/wp\/v2\/comments?post=13085"}],"wp:featuredmedia":[{"embeddable":true,"href":"https:\/\/nordicmart.andreevmaster.com\/sv\/wp-json\/wp\/v2\/media\/41266"}],"wp:attachment":[{"href":"https:\/\/nordicmart.andreevmaster.com\/sv\/wp-json\/wp\/v2\/media?parent=13085"}],"wp:term":[{"taxonomy":"product_brand","embeddable":true,"href":"https:\/\/nordicmart.andreevmaster.com\/sv\/wp-json\/wp\/v2\/product_brand?post=13085"},{"taxonomy":"product_cat","embeddable":true,"href":"https:\/\/nordicmart.andreevmaster.com\/sv\/wp-json\/wp\/v2\/product_cat?post=13085"},{"taxonomy":"product_tag","embeddable":true,"href":"https:\/\/nordicmart.andreevmaster.com\/sv\/wp-json\/wp\/v2\/product_tag?post=13085"}],"curies":[{"name":"wp","href":"https:\/\/api.w.org\/{rel}","templated":true}]}}