{"id":13083,"date":"2026-02-27T00:16:28","date_gmt":"2026-02-27T00:16:28","guid":{"rendered":"https:\/\/nordicmart.andreevmaster.com\/product\/vasagle-koksvagn-i-industriell-stil-pa-hjul\/"},"modified":"2026-02-27T08:10:02","modified_gmt":"2026-02-27T08:10:02","slug":"vasagle-koksvagn-i-industriell-stil-pa-hjul","status":"publish","type":"product","link":"https:\/\/nordicmart.andreevmaster.com\/sv\/produkt\/vasagle-koksvagn-i-industriell-stil-pa-hjul\/","title":{"rendered":"VASAGLE k\u00f6ksvagn i industriell stil p\u00e5 hjul"},"content":{"rendered":"<p>Produktdetaljer: &#8211; F\u00e4rg: Vintagebrun-svart &#8211; Material: St\u00e5l, sp\u00e5nskiva &#8211; Storlek: 119 x 45 x 91 cm (L x B x H) &#8211; Vikt: 24,5 kg &#8211; Max. statisk belastningskapacitet p\u00e5 ytan: 25 kg &#8211; Max. statisk belastningskapacitet p\u00e5 den mellersta hyllan: 15 kg &#8211; Max. statisk belastningskapacitet p\u00e5 den nedersta hyllan: 15 kg Leveransomfattning: &#8211; 1 x k\u00f6ks\u00f6 &#8211; 1 x tillbeh\u00f6rspaket &#8211; 1 x tippskydd &#8211; 1 x bruksanvisning<\/p>\n","protected":false},"excerpt":{"rendered":"<p>VASAGLE k\u00f6kshylla, k\u00f6ksvagn, multifunktionshylla, k\u00f6ks\u00f6, med 3 hyllplan och 2 l\u00e5dor, handduksh\u00e4ngare, kryddhylla, 119 x 45 x 91 cm, vintagebrun-svart KKI003B01<\/p>\n","protected":false},"featured_media":41265,"comment_status":"open","ping_status":"closed","template":"","meta":[],"product_brand":[],"product_cat":[33],"product_tag":[],"class_list":{"0":"post-13083","1":"product","2":"type-product","3":"status-publish","4":"has-post-thumbnail","6":"product_cat-okategoriserad","8":"first","9":"instock","10":"shipping-taxable","11":"purchasable","12":"product-type-simple"},"_links":{"self":[{"href":"https:\/\/nordicmart.andreevmaster.com\/sv\/wp-json\/wp\/v2\/product\/13083","targetHints":{"allow":["GET"]}}],"collection":[{"href":"https:\/\/nordicmart.andreevmaster.com\/sv\/wp-json\/wp\/v2\/product"}],"about":[{"href":"https:\/\/nordicmart.andreevmaster.com\/sv\/wp-json\/wp\/v2\/types\/product"}],"replies":[{"embeddable":true,"href":"https:\/\/nordicmart.andreevmaster.com\/sv\/wp-json\/wp\/v2\/comments?post=13083"}],"wp:featuredmedia":[{"embeddable":true,"href":"https:\/\/nordicmart.andreevmaster.com\/sv\/wp-json\/wp\/v2\/media\/41265"}],"wp:attachment":[{"href":"https:\/\/nordicmart.andreevmaster.com\/sv\/wp-json\/wp\/v2\/media?parent=13083"}],"wp:term":[{"taxonomy":"product_brand","embeddable":true,"href":"https:\/\/nordicmart.andreevmaster.com\/sv\/wp-json\/wp\/v2\/product_brand?post=13083"},{"taxonomy":"product_cat","embeddable":true,"href":"https:\/\/nordicmart.andreevmaster.com\/sv\/wp-json\/wp\/v2\/product_cat?post=13083"},{"taxonomy":"product_tag","embeddable":true,"href":"https:\/\/nordicmart.andreevmaster.com\/sv\/wp-json\/wp\/v2\/product_tag?post=13083"}],"curies":[{"name":"wp","href":"https:\/\/api.w.org\/{rel}","templated":true}]}}