{"id":13082,"date":"2026-02-27T00:16:28","date_gmt":"2026-02-27T00:16:28","guid":{"rendered":"https:\/\/nordicmart.andreevmaster.com\/product\/vasagle-kokshylla-i-industriell-stil-med-krokar\/"},"modified":"2026-02-27T08:10:02","modified_gmt":"2026-02-27T08:10:02","slug":"vasagle-kokshylla-i-industriell-stil-med-krokar","status":"publish","type":"product","link":"https:\/\/nordicmart.andreevmaster.com\/sv\/produkt\/vasagle-kokshylla-i-industriell-stil-med-krokar\/","title":{"rendered":"VASAGLE k\u00f6kshylla i industriell stil med krokar"},"content":{"rendered":"<p>Produktdetaljer: &#8211; F\u00e4rg: Vintagebrun-svart &#8211; Material: Sp\u00e5nskiva, st\u00e5l &#8211; Storlek: 80 x 40 x 90 cm (L x B x H) &#8211; Vikt: 11,8 kg &#8211; Max. statisk belastningskapacitet f\u00f6r den \u00f6vre hyllan: 20 kg &#8211; Max. statisk belastningskapacitet f\u00f6r den mellersta hyllan: 15 kg &#8211; Max. statisk belastningskapacitet f\u00f6r den nedre hyllan: 15 kg Leveransomfattning:- 1 x k\u00f6kshylla &#8211; 1 x tillbeh\u00f6rspaket &#8211; 1 x tippskydd &#8211; 1 x bruksanvisning VASAGLE Anm\u00e4rkningar: &#8211; Produktens maximala statiska belastningskapacitet \u00e4r 50 kg. \u00d6verskrid inte denna maximala vikt.<\/p>\n","protected":false},"excerpt":{"rendered":"<p>VASAGLE k\u00f6kshylla, mikrov\u00e5gsugnshylla, k\u00f6ks\u00f6, stativhylla, metallstativ, 3 hyllplan, \u00f6ppen, 6 krokar, multifunktionshylla, 80 x 40 x 90 cm, industridesign, vintagebrun-svart KKI002B01<\/p>\n","protected":false},"featured_media":41264,"comment_status":"open","ping_status":"closed","template":"","meta":[],"product_brand":[],"product_cat":[33],"product_tag":[],"class_list":{"0":"post-13082","1":"product","2":"type-product","3":"status-publish","4":"has-post-thumbnail","6":"product_cat-okategoriserad","8":"first","9":"instock","10":"shipping-taxable","11":"purchasable","12":"product-type-simple"},"_links":{"self":[{"href":"https:\/\/nordicmart.andreevmaster.com\/sv\/wp-json\/wp\/v2\/product\/13082","targetHints":{"allow":["GET"]}}],"collection":[{"href":"https:\/\/nordicmart.andreevmaster.com\/sv\/wp-json\/wp\/v2\/product"}],"about":[{"href":"https:\/\/nordicmart.andreevmaster.com\/sv\/wp-json\/wp\/v2\/types\/product"}],"replies":[{"embeddable":true,"href":"https:\/\/nordicmart.andreevmaster.com\/sv\/wp-json\/wp\/v2\/comments?post=13082"}],"wp:featuredmedia":[{"embeddable":true,"href":"https:\/\/nordicmart.andreevmaster.com\/sv\/wp-json\/wp\/v2\/media\/41264"}],"wp:attachment":[{"href":"https:\/\/nordicmart.andreevmaster.com\/sv\/wp-json\/wp\/v2\/media?parent=13082"}],"wp:term":[{"taxonomy":"product_brand","embeddable":true,"href":"https:\/\/nordicmart.andreevmaster.com\/sv\/wp-json\/wp\/v2\/product_brand?post=13082"},{"taxonomy":"product_cat","embeddable":true,"href":"https:\/\/nordicmart.andreevmaster.com\/sv\/wp-json\/wp\/v2\/product_cat?post=13082"},{"taxonomy":"product_tag","embeddable":true,"href":"https:\/\/nordicmart.andreevmaster.com\/sv\/wp-json\/wp\/v2\/product_tag?post=13082"}],"curies":[{"name":"wp","href":"https:\/\/api.w.org\/{rel}","templated":true}]}}