{"id":13078,"date":"2026-02-27T00:16:27","date_gmt":"2026-02-27T00:16:27","guid":{"rendered":"https:\/\/nordicmart.andreevmaster.com\/product\/songmics-nischhylla-med-hjul-rullvagn-med-4-lador-smal\/"},"modified":"2026-02-27T08:10:01","modified_gmt":"2026-02-27T08:10:01","slug":"songmics-nischhylla-med-hjul-rullvagn-med-4-lador-smal","status":"publish","type":"product","link":"https:\/\/nordicmart.andreevmaster.com\/sv\/produkt\/songmics-nischhylla-med-hjul-rullvagn-med-4-lador-smal\/","title":{"rendered":"SONGMICS Nischhylla med hjul, rullvagn med 4 l\u00e5dor, smal"},"content":{"rendered":"<p>Du vet inte l\u00e4ngre var du ska g\u00f6ra av dina badrums- eller k\u00f6ksredskap och ditt kontor liknar en berg av staplade dokument \u2013 men egentligen har du ju inte l\u00e4ngre plats i dessa rum?Det smala 17 cm breda plastst\u00e4llet fr\u00e5n SONGMICS passar perfekt i alla nischer och ger mycket f\u00f6rvaringsutrymme i vardagsrummet, badrummet, k\u00f6ket eller kontoret utan att ta upp f\u00f6r mycket plats. Stor kapacitet: I de 4 djupa l\u00e5dorna kan du till exempel f\u00f6rvara mat, drycker, bakningsingredienser, badartiklar, dekorationsartiklar, kontorsmaterial eller andra saker. Utnyttja utrymmet i din bostad effektivt! Smart och praktisk design: Den smarta stoppmekanismen ser till att l\u00e5dorna inte kan dras ut helt. Tillverkad av vattent\u00e5lig PP och kan d\u00e4rf\u00f6r anv\u00e4ndas i badrummet, k\u00e4llaren, tv\u00e4ttstugan eller k\u00f6ket.Tack vare den enkla och tydliga designen passar nischhyllan perfekt in i dina lokaler. Produktdetaljer: F\u00e4rg: Vitgr\u00e5 Material: PP-plast (polypropen) Totalstorlek: 45 x 17 x 83 cm (D x B x H) Innerm\u00e5tt per l\u00e5da: 44,5 x 13 x 18,5 cm (D x B x H) Vikt: 4,6 kg Leveransomfattning: 1 x nischhylla med hjul 1 x bruksanvisning SONGICs anvisningar:Montera eller demontera inte produkten flera g\u00e5nger f\u00f6r att undvika skador.<\/p>\n","protected":false},"excerpt":{"rendered":"<p>SONGMICS Nischhylla med hjul, smal rullvagn med 4 l\u00e5dor, mobil, utdragbar, badrumshylla, k\u00f6kssk\u00e5p med hjul, PP-plast, platsbesparande, 45 x 17 x 84 cm, vit-gr\u00e5 KFR008G01<\/p>\n","protected":false},"featured_media":41261,"comment_status":"open","ping_status":"closed","template":"","meta":[],"product_brand":[],"product_cat":[33],"product_tag":[],"class_list":{"0":"post-13078","1":"product","2":"type-product","3":"status-publish","4":"has-post-thumbnail","6":"product_cat-okategoriserad","8":"first","9":"instock","10":"shipping-taxable","11":"purchasable","12":"product-type-simple"},"_links":{"self":[{"href":"https:\/\/nordicmart.andreevmaster.com\/sv\/wp-json\/wp\/v2\/product\/13078","targetHints":{"allow":["GET"]}}],"collection":[{"href":"https:\/\/nordicmart.andreevmaster.com\/sv\/wp-json\/wp\/v2\/product"}],"about":[{"href":"https:\/\/nordicmart.andreevmaster.com\/sv\/wp-json\/wp\/v2\/types\/product"}],"replies":[{"embeddable":true,"href":"https:\/\/nordicmart.andreevmaster.com\/sv\/wp-json\/wp\/v2\/comments?post=13078"}],"wp:featuredmedia":[{"embeddable":true,"href":"https:\/\/nordicmart.andreevmaster.com\/sv\/wp-json\/wp\/v2\/media\/41261"}],"wp:attachment":[{"href":"https:\/\/nordicmart.andreevmaster.com\/sv\/wp-json\/wp\/v2\/media?parent=13078"}],"wp:term":[{"taxonomy":"product_brand","embeddable":true,"href":"https:\/\/nordicmart.andreevmaster.com\/sv\/wp-json\/wp\/v2\/product_brand?post=13078"},{"taxonomy":"product_cat","embeddable":true,"href":"https:\/\/nordicmart.andreevmaster.com\/sv\/wp-json\/wp\/v2\/product_cat?post=13078"},{"taxonomy":"product_tag","embeddable":true,"href":"https:\/\/nordicmart.andreevmaster.com\/sv\/wp-json\/wp\/v2\/product_tag?post=13078"}],"curies":[{"name":"wp","href":"https:\/\/api.w.org\/{rel}","templated":true}]}}