{"id":13077,"date":"2026-02-27T00:16:27","date_gmt":"2026-02-27T00:16:27","guid":{"rendered":"https:\/\/nordicmart.andreevmaster.com\/product\/songmics-rullbar-forvaringshylla\/"},"modified":"2026-02-27T08:10:01","modified_gmt":"2026-02-27T08:10:01","slug":"songmics-rullbar-forvaringshylla","status":"publish","type":"product","link":"https:\/\/nordicmart.andreevmaster.com\/sv\/produkt\/songmics-rullbar-forvaringshylla\/","title":{"rendered":"SONGMICS rullbar f\u00f6rvaringshylla"},"content":{"rendered":"<p>Irriterar det dig ocks\u00e5 att det alltid \u00e4r f\u00f6r lite plats i ditt hem? Denna smala f\u00f6rvaringstorn fr\u00e5n SONGMICS med m\u00e5tten 45 x 17 x 91 cm passar perfekt i varje lucka och skapar f\u00f6rvaringsutrymme som du aldrig visste fanns.Stor f\u00f6rvaringskapacitet 4 hyllplan erbjuder mycket f\u00f6rvaringsutrymme f\u00f6r livsmedel, drycker, duschartiklar eller kontors- och bakvaror. Tack vare den \u00f6ppna designen ser du alla f\u00f6rem\u00e5l du beh\u00f6ver med ett \u00f6gonkast. Allt f\u00f6r din bekv\u00e4mlighet De olika avst\u00e5nden mellan hyllplan \u00e4r utformade f\u00f6r flaskor eller duschlotions med olika h\u00f6jd. Den \u00f6versta hyllan ligger p\u00e5 en idealisk h\u00f6jd f\u00f6r f\u00f6rvaring av ofta anv\u00e4nda f\u00f6rem\u00e5l, s\u00e5 att du inte beh\u00f6ver b\u00f6ja dig.M\u00e5ngsidig f\u00f6rvaringshylla Med sina rena linjer och enkla design passar denna attraktiva hylla enkelt in i alla hem. Slitsar i hyllplanet hj\u00e4lper till att leda bort vatten och h\u00e5lla f\u00f6rem\u00e5len torra, vilket g\u00f6r den idealisk f\u00f6r badrum, k\u00f6k, tv\u00e4ttstuga och k\u00e4llare. Best\u00e4ll din rullbara f\u00f6rvaringstorn fr\u00e5n SONGMICS och utnyttja utrymmet i din bostad perfekt i framtiden! Produktdetaljer:- F\u00e4rg: vit &#8211; Material: PP-plast &#8211; Produktstorlek: 45 x 91 x 17 cm (B x H x D) &#8211; Vikt: 2,5 kg &#8211; Belastningskapacitet: 20 kg Leveransomfattning: &#8211; 1 x nischhylla &#8211; 1 x bruksanvisning (DE, EN, FR, ES, IT) SONGMICS Anm\u00e4rkningar:- Montera eller demontera inte produkten flera g\u00e5nger f\u00f6r att undvika skador. &#8211; H\u00e5ll produkten borta fr\u00e5n ant\u00e4ndningsk\u00e4llor. Produktbeskrivning<\/p>\n","protected":false},"excerpt":{"rendered":"<p>SONGMICS nischhylla, rullbar f\u00f6rvaringshylla, smal rullvagn, 4-v\u00e5ningshylla i plast, med hjul, f\u00f6r k\u00f6k och badrum, 45 x 91 x 17 cm (B x H x D), vit KFR10WT<\/p>\n","protected":false},"featured_media":41260,"comment_status":"open","ping_status":"closed","template":"","meta":[],"product_brand":[],"product_cat":[33],"product_tag":[],"class_list":{"0":"post-13077","1":"product","2":"type-product","3":"status-publish","4":"has-post-thumbnail","6":"product_cat-okategoriserad","8":"first","9":"instock","10":"shipping-taxable","11":"purchasable","12":"product-type-simple"},"_links":{"self":[{"href":"https:\/\/nordicmart.andreevmaster.com\/sv\/wp-json\/wp\/v2\/product\/13077","targetHints":{"allow":["GET"]}}],"collection":[{"href":"https:\/\/nordicmart.andreevmaster.com\/sv\/wp-json\/wp\/v2\/product"}],"about":[{"href":"https:\/\/nordicmart.andreevmaster.com\/sv\/wp-json\/wp\/v2\/types\/product"}],"replies":[{"embeddable":true,"href":"https:\/\/nordicmart.andreevmaster.com\/sv\/wp-json\/wp\/v2\/comments?post=13077"}],"wp:featuredmedia":[{"embeddable":true,"href":"https:\/\/nordicmart.andreevmaster.com\/sv\/wp-json\/wp\/v2\/media\/41260"}],"wp:attachment":[{"href":"https:\/\/nordicmart.andreevmaster.com\/sv\/wp-json\/wp\/v2\/media?parent=13077"}],"wp:term":[{"taxonomy":"product_brand","embeddable":true,"href":"https:\/\/nordicmart.andreevmaster.com\/sv\/wp-json\/wp\/v2\/product_brand?post=13077"},{"taxonomy":"product_cat","embeddable":true,"href":"https:\/\/nordicmart.andreevmaster.com\/sv\/wp-json\/wp\/v2\/product_cat?post=13077"},{"taxonomy":"product_tag","embeddable":true,"href":"https:\/\/nordicmart.andreevmaster.com\/sv\/wp-json\/wp\/v2\/product_tag?post=13077"}],"curies":[{"name":"wp","href":"https:\/\/api.w.org\/{rel}","templated":true}]}}