{"id":13076,"date":"2026-02-27T00:16:27","date_gmt":"2026-02-27T00:16:27","guid":{"rendered":"https:\/\/nordicmart.andreevmaster.com\/product\/songmics-nischhylla-pa-hjul-med-3-fack\/"},"modified":"2026-02-27T08:10:01","modified_gmt":"2026-02-27T08:10:01","slug":"songmics-nischhylla-pa-hjul-med-3-fack","status":"publish","type":"product","link":"https:\/\/nordicmart.andreevmaster.com\/sv\/produkt\/songmics-nischhylla-pa-hjul-med-3-fack\/","title":{"rendered":"SONGMICS nischhylla p\u00e5 hjul med 3 fack"},"content":{"rendered":"<p>Smal hylla f\u00f6r h\u00f6rn och nischer: Med en bredd p\u00e5 17 cm passar hyllan i h\u00f6rn och nischer och erbjuder gott om plats. Med enkla hjul kan den snabbt flyttas fram och tillbaka och med det robusta materialet h\u00e5ller den i flera \u00e5r i k\u00f6ket, badrummet, k\u00e4llaren eller f\u00f6rr\u00e5det.Mycket utrymme i f\u00f6rvaringsfacken: 3 f\u00f6rvaringsfack med en h\u00f6jd p\u00e5 33,8 cm och 22,8 cm. S\u00e5 \u00e4ven st\u00f6rre livsmedel, b\u00f6cker eller badrumstillbeh\u00f6r f\u00e5r plats i hyllan. Robust hylla p\u00e5 hjul: De enkla 4 hjulen g\u00f6r att hyllan bara kan skjutas fram och tillbaka, vilket g\u00f6r den enkel att hantera och f\u00f6rhindrar att hyllan fastnar. Tack vare PP-plasten \u00e4r det mycket robust och l\u00e4ttsk\u00f6tt, eftersom det enkelt kan tv\u00e4ttas med vatten.Produktdetaljer: F\u00e4rg: vit Material: PP-plast Produktm\u00e5tt: 45 x 17 x 68,5 cm (B x D x H) Vikt: 1,75 kg Belastbarhet: 15 kg Leveransomfattning: 1 x nischhylla 1 x bruksanvisning (DE, EN, IT, FR, ES) SONGMICS Anm\u00e4rkningar:Vi rekommenderar att du placerar detta hyllsystem i en nisch av l\u00e4mplig storlek f\u00f6r att \u00f6ka stabiliteten. Du undviker skador p\u00e5 hyllsystemet och s\u00e4kerst\u00e4ller att kopplingsdelarna sitter ordentligt fast om du INTE monterar och demonterar produkten flera g\u00e5nger. H\u00e5ll hyllsystemet borta fr\u00e5n v\u00e4rmek\u00e4llor f\u00f6r att undvika skador.<\/p>\n","protected":false},"excerpt":{"rendered":"<p>SONGMICS nischvagn smal i vitt med 3 f\u00f6rvaringsfack nischsk\u00e5p med hjul f\u00f6r k\u00f6k badrum k\u00e4llare 17 cm bred KFR09WT<\/p>\n","protected":false},"featured_media":41259,"comment_status":"open","ping_status":"closed","template":"","meta":[],"product_brand":[],"product_cat":[33],"product_tag":[],"class_list":{"0":"post-13076","1":"product","2":"type-product","3":"status-publish","4":"has-post-thumbnail","6":"product_cat-okategoriserad","8":"first","9":"instock","10":"shipping-taxable","11":"purchasable","12":"product-type-simple"},"_links":{"self":[{"href":"https:\/\/nordicmart.andreevmaster.com\/sv\/wp-json\/wp\/v2\/product\/13076","targetHints":{"allow":["GET"]}}],"collection":[{"href":"https:\/\/nordicmart.andreevmaster.com\/sv\/wp-json\/wp\/v2\/product"}],"about":[{"href":"https:\/\/nordicmart.andreevmaster.com\/sv\/wp-json\/wp\/v2\/types\/product"}],"replies":[{"embeddable":true,"href":"https:\/\/nordicmart.andreevmaster.com\/sv\/wp-json\/wp\/v2\/comments?post=13076"}],"wp:featuredmedia":[{"embeddable":true,"href":"https:\/\/nordicmart.andreevmaster.com\/sv\/wp-json\/wp\/v2\/media\/41259"}],"wp:attachment":[{"href":"https:\/\/nordicmart.andreevmaster.com\/sv\/wp-json\/wp\/v2\/media?parent=13076"}],"wp:term":[{"taxonomy":"product_brand","embeddable":true,"href":"https:\/\/nordicmart.andreevmaster.com\/sv\/wp-json\/wp\/v2\/product_brand?post=13076"},{"taxonomy":"product_cat","embeddable":true,"href":"https:\/\/nordicmart.andreevmaster.com\/sv\/wp-json\/wp\/v2\/product_cat?post=13076"},{"taxonomy":"product_tag","embeddable":true,"href":"https:\/\/nordicmart.andreevmaster.com\/sv\/wp-json\/wp\/v2\/product_tag?post=13076"}],"curies":[{"name":"wp","href":"https:\/\/api.w.org\/{rel}","templated":true}]}}