{"id":13075,"date":"2026-02-27T00:16:26","date_gmt":"2026-02-27T00:16:26","guid":{"rendered":"https:\/\/nordicmart.andreevmaster.com\/product\/songmics-nischhylla-med-4-lador-nischhylla-med-hjul-och-4-lador\/"},"modified":"2026-02-27T08:10:01","modified_gmt":"2026-02-27T08:10:01","slug":"songmics-nischhylla-med-4-lador-nischhylla-med-hjul-och-4-lador","status":"publish","type":"product","link":"https:\/\/nordicmart.andreevmaster.com\/sv\/produkt\/songmics-nischhylla-med-4-lador-nischhylla-med-hjul-och-4-lador\/","title":{"rendered":"SONGMICS nischhylla med 4 l\u00e5dor Nischhylla med hjul och 4 l\u00e5dor"},"content":{"rendered":"<p>Beskrivning:  Du vet inte var du ska g\u00f6ra av dina badrums- eller k\u00f6ksredskap och ditt kontor liknar en berg av staplade dokument \u2013 men egentligen har du inte l\u00e4ngre plats i dessa utrymmen? Det smala 17 cm breda plastst\u00e4llet fr\u00e5n SONGMICS passar perfekt i alla nischer och ger mycket f\u00f6rvaringsutrymme i vardagsrummet, badrummet, k\u00f6ket eller kontoret utan att ta upp f\u00f6r mycket plats. Stor kapacitet I de fyra djupa l\u00e5dorna kan du till exempel f\u00f6rvara livsmedel, drycker, bakningsingredienser, badrumsartiklar, dekorationsartiklar, kontorsmaterial eller andra saker. Utnyttja utrymmet i din bostad effektivt! Smart och praktisk design  \u2013 Den smarta stoppmekanismen ser till att l\u00e5dorna inte kan dras ut helt. &#8211; Tillverkad av vattent\u00e5ligt PP och kan d\u00e4rf\u00f6r anv\u00e4ndas i badrummet, k\u00e4llaren, tv\u00e4ttstugan eller k\u00f6ket. &#8211; Tack vare den enkla och tydliga designen passar nischhyllan perfekt in i dina rum.Produktdetaljer: &#8211; F\u00e4rg: Vit &#8211; Material: PP (polypropen) &#8211; Storlek: 45 x 17 x 84 cm (L x B x H) &#8211; Vikt: 4,6 kg Leveransomfattning: &#8211; 1 x nischhylla med hjul &#8211; 1 x bruksanvisning (DE, EN, FR, ES, IT) SONGMICS Anm\u00e4rkningar:- Montera eller demontera inte denna produkt f\u00f6r ofta f\u00f6r att undvika skador. &#8211; Placera inte produkten i n\u00e4rheten av ant\u00e4ndningsk\u00e4llor.<\/p>\n","protected":false},"excerpt":{"rendered":"<p>SONGMICS mobil nischhylla, smal rullvagn med 4 l\u00e5dor, utdragbar f\u00f6rvaringsvagn, badrumshylla, k\u00f6kssk\u00e5p med avtagbara hjul, PP, platsbesparande, 45 x 17 x 84 cm, vit KFR08WT<\/p>\n","protected":false},"featured_media":0,"comment_status":"open","ping_status":"closed","template":"","meta":[],"product_brand":[],"product_cat":[33],"product_tag":[],"class_list":{"0":"post-13075","1":"product","2":"type-product","3":"status-publish","5":"product_cat-okategoriserad","7":"first","8":"instock","9":"shipping-taxable","10":"purchasable","11":"product-type-simple"},"_links":{"self":[{"href":"https:\/\/nordicmart.andreevmaster.com\/sv\/wp-json\/wp\/v2\/product\/13075","targetHints":{"allow":["GET"]}}],"collection":[{"href":"https:\/\/nordicmart.andreevmaster.com\/sv\/wp-json\/wp\/v2\/product"}],"about":[{"href":"https:\/\/nordicmart.andreevmaster.com\/sv\/wp-json\/wp\/v2\/types\/product"}],"replies":[{"embeddable":true,"href":"https:\/\/nordicmart.andreevmaster.com\/sv\/wp-json\/wp\/v2\/comments?post=13075"}],"wp:attachment":[{"href":"https:\/\/nordicmart.andreevmaster.com\/sv\/wp-json\/wp\/v2\/media?parent=13075"}],"wp:term":[{"taxonomy":"product_brand","embeddable":true,"href":"https:\/\/nordicmart.andreevmaster.com\/sv\/wp-json\/wp\/v2\/product_brand?post=13075"},{"taxonomy":"product_cat","embeddable":true,"href":"https:\/\/nordicmart.andreevmaster.com\/sv\/wp-json\/wp\/v2\/product_cat?post=13075"},{"taxonomy":"product_tag","embeddable":true,"href":"https:\/\/nordicmart.andreevmaster.com\/sv\/wp-json\/wp\/v2\/product_tag?post=13075"}],"curies":[{"name":"wp","href":"https:\/\/api.w.org\/{rel}","templated":true}]}}