{"id":13074,"date":"2026-02-27T00:16:26","date_gmt":"2026-02-27T00:16:26","guid":{"rendered":"https:\/\/nordicmart.andreevmaster.com\/product\/songmics-nischhylla-med-hjul-vit-brun\/"},"modified":"2026-02-27T08:10:00","modified_gmt":"2026-02-27T08:10:00","slug":"songmics-nischhylla-med-hjul-vit-brun","status":"publish","type":"product","link":"https:\/\/nordicmart.andreevmaster.com\/sv\/produkt\/songmics-nischhylla-med-hjul-vit-brun\/","title":{"rendered":"SONGMICS nischhylla med hjul Vit-brun"},"content":{"rendered":"<p>Produktdetaljer: F\u00e4rg: Vit Material: PP (polypropen) Storlek: 45 x 17 x 63 cm (L x B x H)Vikt: 3,5 kgLeveransomfattning:1 x nischhylla med hjul1 x bruksanvisning (DE, EN, FR, ES, IT)SONGMICS Anm\u00e4rkningar:Montera eller demontera inte denna produkt f\u00f6r ofta f\u00f6r att undvika skador.Placera inte produkten i n\u00e4rheten av ant\u00e4ndningsk\u00e4llor.<\/p>\n","protected":false},"excerpt":{"rendered":"<p>SONGMICS nischhylla med hjul, rullvagn med 3 l\u00e5dor, smal, utdragbar, mobil, badrumshylla med hjul, k\u00f6kssk\u00e5p, PP-plast, platsbesparande, 45 x 17 x 63 cm, vit-brun KFR07WT<\/p>\n","protected":false},"featured_media":41258,"comment_status":"open","ping_status":"closed","template":"","meta":[],"product_brand":[],"product_cat":[33],"product_tag":[],"class_list":{"0":"post-13074","1":"product","2":"type-product","3":"status-publish","4":"has-post-thumbnail","6":"product_cat-okategoriserad","8":"first","9":"instock","10":"shipping-taxable","11":"purchasable","12":"product-type-simple"},"_links":{"self":[{"href":"https:\/\/nordicmart.andreevmaster.com\/sv\/wp-json\/wp\/v2\/product\/13074","targetHints":{"allow":["GET"]}}],"collection":[{"href":"https:\/\/nordicmart.andreevmaster.com\/sv\/wp-json\/wp\/v2\/product"}],"about":[{"href":"https:\/\/nordicmart.andreevmaster.com\/sv\/wp-json\/wp\/v2\/types\/product"}],"replies":[{"embeddable":true,"href":"https:\/\/nordicmart.andreevmaster.com\/sv\/wp-json\/wp\/v2\/comments?post=13074"}],"wp:featuredmedia":[{"embeddable":true,"href":"https:\/\/nordicmart.andreevmaster.com\/sv\/wp-json\/wp\/v2\/media\/41258"}],"wp:attachment":[{"href":"https:\/\/nordicmart.andreevmaster.com\/sv\/wp-json\/wp\/v2\/media?parent=13074"}],"wp:term":[{"taxonomy":"product_brand","embeddable":true,"href":"https:\/\/nordicmart.andreevmaster.com\/sv\/wp-json\/wp\/v2\/product_brand?post=13074"},{"taxonomy":"product_cat","embeddable":true,"href":"https:\/\/nordicmart.andreevmaster.com\/sv\/wp-json\/wp\/v2\/product_cat?post=13074"},{"taxonomy":"product_tag","embeddable":true,"href":"https:\/\/nordicmart.andreevmaster.com\/sv\/wp-json\/wp\/v2\/product_tag?post=13074"}],"curies":[{"name":"wp","href":"https:\/\/api.w.org\/{rel}","templated":true}]}}