{"id":13073,"date":"2026-02-27T00:16:26","date_gmt":"2026-02-27T00:16:26","guid":{"rendered":"https:\/\/nordicmart.andreevmaster.com\/product\/songmics-nischhylla-3-fack-2-lador\/"},"modified":"2026-02-27T08:10:00","modified_gmt":"2026-02-27T08:10:00","slug":"songmics-nischhylla-3-fack-2-lador","status":"publish","type":"product","link":"https:\/\/nordicmart.andreevmaster.com\/sv\/produkt\/songmics-nischhylla-3-fack-2-lador\/","title":{"rendered":"SONGMICS nischhylla 3 fack 2 l\u00e5dor"},"content":{"rendered":"<p>Smal hylla f\u00f6r h\u00f6rn och nischer Med en bredd p\u00e5 17 cm passar hyllan i h\u00f6rn och nischer och erbjuder gott om plats. Med enkla hjul kan det snabbt flyttas fram och tillbaka och med det robusta materialet h\u00e5ller det i flera \u00e5r i k\u00f6ket, badrummet, k\u00e4llaren eller f\u00f6rr\u00e5det. Mycket utrymme i f\u00f6rvaringsfack och l\u00e5dor \u00d6verst finns 3 f\u00f6rvaringsfack med en h\u00f6jd p\u00e5 33,8 cm och 22,8 cm. S\u00e5 \u00e4ven st\u00f6rre livsmedel, b\u00f6cker eller badrumstillbeh\u00f6r f\u00e5r plats i hyllan. Nedan finns 2 l\u00e5dor med ett enkelt handtag och l\u00e5s s\u00e5 att de inte kan falla ut. Robust hylla med hjul De enkla 4 hjulen g\u00f6r att hyllan bara kan skjutas fram och tillbaka, vilket g\u00f6r den enkel att hantera och f\u00f6rhindrar att den fastnar. Tack vare PP-plasten \u00e4r den mycket robust och l\u00e4ttsk\u00f6tt, eftersom den enkelt kan tv\u00e4ttas med vatten. Produktdetaljer:- F\u00e4rg: vit &#8211; Material: PP-plast &#8211; Produktstorlek: 45 x 17 x 106,5 cm (B x H x D) &#8211; Vikt: 4,2 kg Leveransomfattning: &#8211; 1 x nischhylla &#8211; 1 x bruksanvisning (DE, EN, FR, ES, IT) SONGMICS Anm\u00e4rkningar:- Montera eller demontera inte produkten flera g\u00e5nger f\u00f6r att undvika skador. &#8211; Du undviker skador p\u00e5 hyllan och s\u00e4kerst\u00e4ller en fast f\u00f6rbindelse mellan kopplingsdelarna om du INTE monterar och demonterar produkten flera g\u00e5nger. &#8211; H\u00e5ll hyllan borta fr\u00e5n v\u00e4rmek\u00e4llor f\u00f6r att undvika skador.<\/p>\n","protected":false},"excerpt":{"rendered":"<p>SONGMICS nischvagn, smal, med 3 f\u00f6rvaringsfack och 2 l\u00e5dor, nischsk\u00e5p med hjul, f\u00f6r k\u00f6k, badrum och k\u00e4llare, 17 cm bred, vit KFR06WT<\/p>\n","protected":false},"featured_media":41257,"comment_status":"open","ping_status":"closed","template":"","meta":[],"product_brand":[],"product_cat":[33],"product_tag":[],"class_list":{"0":"post-13073","1":"product","2":"type-product","3":"status-publish","4":"has-post-thumbnail","6":"product_cat-okategoriserad","8":"first","9":"instock","10":"shipping-taxable","11":"purchasable","12":"product-type-simple"},"_links":{"self":[{"href":"https:\/\/nordicmart.andreevmaster.com\/sv\/wp-json\/wp\/v2\/product\/13073","targetHints":{"allow":["GET"]}}],"collection":[{"href":"https:\/\/nordicmart.andreevmaster.com\/sv\/wp-json\/wp\/v2\/product"}],"about":[{"href":"https:\/\/nordicmart.andreevmaster.com\/sv\/wp-json\/wp\/v2\/types\/product"}],"replies":[{"embeddable":true,"href":"https:\/\/nordicmart.andreevmaster.com\/sv\/wp-json\/wp\/v2\/comments?post=13073"}],"wp:featuredmedia":[{"embeddable":true,"href":"https:\/\/nordicmart.andreevmaster.com\/sv\/wp-json\/wp\/v2\/media\/41257"}],"wp:attachment":[{"href":"https:\/\/nordicmart.andreevmaster.com\/sv\/wp-json\/wp\/v2\/media?parent=13073"}],"wp:term":[{"taxonomy":"product_brand","embeddable":true,"href":"https:\/\/nordicmart.andreevmaster.com\/sv\/wp-json\/wp\/v2\/product_brand?post=13073"},{"taxonomy":"product_cat","embeddable":true,"href":"https:\/\/nordicmart.andreevmaster.com\/sv\/wp-json\/wp\/v2\/product_cat?post=13073"},{"taxonomy":"product_tag","embeddable":true,"href":"https:\/\/nordicmart.andreevmaster.com\/sv\/wp-json\/wp\/v2\/product_tag?post=13073"}],"curies":[{"name":"wp","href":"https:\/\/api.w.org\/{rel}","templated":true}]}}