{"id":13072,"date":"2026-02-27T00:16:26","date_gmt":"2026-02-27T00:16:26","guid":{"rendered":"https:\/\/nordicmart.andreevmaster.com\/product\/songmics-nischhylla-pa-hjul-4-lador\/"},"modified":"2026-02-27T08:10:00","modified_gmt":"2026-02-27T08:10:00","slug":"songmics-nischhylla-pa-hjul-4-lador","status":"publish","type":"product","link":"https:\/\/nordicmart.andreevmaster.com\/sv\/produkt\/songmics-nischhylla-pa-hjul-4-lador\/","title":{"rendered":"SONGMICS nischhylla p\u00e5 hjul 4 l\u00e5dor"},"content":{"rendered":"<p>Det l\u00e4ttsk\u00f6tta nischhyllan i PP-plast i vitt utseende med 4 l\u00e5dor \u00e4r en mycket praktisk l\u00f6sning f\u00f6r tr\u00e5nga och kompakta k\u00f6k eller badrum!  Tack vare de genomskinliga l\u00e5dorna kan man l\u00e4tt se vad som finns i dem, och om kryddor eller andra v\u00e4tskor skulle spillas ut, smetar\/l\u00e4cker de inte ner p\u00e5 golvet eller de nedre facken, utan fl\u00e4ckarna kan enkelt och snabbt tv\u00e4ttas bort med vatten. Ett extra lock medf\u00f6ljer, s\u00e5 att du kan dela upp hyllan i tv\u00e5 delar och anv\u00e4nda dem separat. Antalet l\u00e5dor kan ocks\u00e5 kombineras efter \u00f6nskem\u00e5l. Produktdetaljer: &#8211; M\u00e5tt: 18 x 84,5 x 46 cm (B x H x D) &#8211; F\u00f6rpackningsm\u00e5tt: 52 x 46 x 46,5 cm &#8211; Material: PP-plast &#8211; F\u00e4rg: vit &#8211; Max. belastbarhet per hyllplan: 2,5 kg &#8211; Nettovikt: 4,9 kg Leveransomfattning: &#8211; 1 x nischhylla &#8211; 2 x lock &#8211; 4 x sv\u00e4ngbara hjul Anvisningar &#8211; F\u00f6r b\u00e4ttre stabilitet rekommenderas att produkten placeras i en nisch. &#8211; F\u00f6rvara inte f\u00f6r tunga f\u00f6rem\u00e5l i l\u00e5dorna f\u00f6r att undvika att de faller ut n\u00e4r du drar ut dem.<\/p>\n","protected":false},"excerpt":{"rendered":"<p>SONGMICS rullvagn med 4 l\u00e5dor, nischhylla med 4 niv\u00e5er, 2 delar, kan anv\u00e4ndas separat, k\u00f6kshylla, badrumshylla, stativhylla, universalvagn med hjul, 84,5 cm h\u00f6g, vit KFR05W<\/p>\n","protected":false},"featured_media":41256,"comment_status":"open","ping_status":"closed","template":"","meta":[],"product_brand":[],"product_cat":[33],"product_tag":[],"class_list":{"0":"post-13072","1":"product","2":"type-product","3":"status-publish","4":"has-post-thumbnail","6":"product_cat-okategoriserad","8":"first","9":"instock","10":"shipping-taxable","11":"purchasable","12":"product-type-simple"},"_links":{"self":[{"href":"https:\/\/nordicmart.andreevmaster.com\/sv\/wp-json\/wp\/v2\/product\/13072","targetHints":{"allow":["GET"]}}],"collection":[{"href":"https:\/\/nordicmart.andreevmaster.com\/sv\/wp-json\/wp\/v2\/product"}],"about":[{"href":"https:\/\/nordicmart.andreevmaster.com\/sv\/wp-json\/wp\/v2\/types\/product"}],"replies":[{"embeddable":true,"href":"https:\/\/nordicmart.andreevmaster.com\/sv\/wp-json\/wp\/v2\/comments?post=13072"}],"wp:featuredmedia":[{"embeddable":true,"href":"https:\/\/nordicmart.andreevmaster.com\/sv\/wp-json\/wp\/v2\/media\/41256"}],"wp:attachment":[{"href":"https:\/\/nordicmart.andreevmaster.com\/sv\/wp-json\/wp\/v2\/media?parent=13072"}],"wp:term":[{"taxonomy":"product_brand","embeddable":true,"href":"https:\/\/nordicmart.andreevmaster.com\/sv\/wp-json\/wp\/v2\/product_brand?post=13072"},{"taxonomy":"product_cat","embeddable":true,"href":"https:\/\/nordicmart.andreevmaster.com\/sv\/wp-json\/wp\/v2\/product_cat?post=13072"},{"taxonomy":"product_tag","embeddable":true,"href":"https:\/\/nordicmart.andreevmaster.com\/sv\/wp-json\/wp\/v2\/product_tag?post=13072"}],"curies":[{"name":"wp","href":"https:\/\/api.w.org\/{rel}","templated":true}]}}