{"id":13071,"date":"2026-02-27T00:16:26","date_gmt":"2026-02-27T00:16:26","guid":{"rendered":"https:\/\/nordicmart.andreevmaster.com\/product\/songmics-smalt-stativ-med-4-fack-pa-hjul\/"},"modified":"2026-02-27T08:10:00","modified_gmt":"2026-02-27T08:10:00","slug":"songmics-smalt-stativ-med-4-fack-pa-hjul","status":"publish","type":"product","link":"https:\/\/nordicmart.andreevmaster.com\/sv\/produkt\/songmics-smalt-stativ-med-4-fack-pa-hjul\/","title":{"rendered":"SONGMICS smalt stativ med 4 fack p\u00e5 hjul"},"content":{"rendered":"<p>\u00c4r du alltid irriterad \u00f6ver r\u00f6ran? Songmics nischhylla \u00e4r den perfekta l\u00f6sningen  f\u00f6r dig, s\u00e5 att du kan f\u00e5 ordning i ditt hem igen. Den passar perfekt i nischer i k\u00f6ket, badrummet, vardagsrummet, sovrummet  osv. Och \u00e4nd\u00e5 f\u00e5r du plats med mycket, t.ex. flaskor, snacks, reng\u00f6rings- eller diskmedel,  sopp\u00e5sar, schampo, medicin och andra vardagsartiklar. Materialet  \u00e4r av h\u00f6g kvalitet, robust, milj\u00f6v\u00e4nligt och inte skadligt f\u00f6r h\u00e4lsan.  Hos Songmics k\u00f6per du h\u00f6gkvalitativa artiklar med bra pris\/prestanda-f\u00f6rh\u00e5llande. Produktdetaljer:  &#8211; M\u00e5tt: 54,5 x 102,5 x 12,7 cm (B x H x D) &#8211; Vikt: 1,9 kg &#8211; V\u00e4ggtjocklek: 2,44 mm &#8211; F\u00e4rg: vit Leveransomfattning: &#8211; 4 x korg &#8211; 4 x rulle &#8211; 2 x lock &#8211; 6 x sidov\u00e4gg<\/p>\n","protected":false},"excerpt":{"rendered":"<p>SONGMICS Nischhylla med 4 hyllplan, k\u00f6kshylla, badrumshylla, stativhylla, universalvagn med hjul, 102,5 cm h\u00f6g, vit KFR04W<\/p>\n","protected":false},"featured_media":41255,"comment_status":"open","ping_status":"closed","template":"","meta":[],"product_brand":[],"product_cat":[33],"product_tag":[],"class_list":{"0":"post-13071","1":"product","2":"type-product","3":"status-publish","4":"has-post-thumbnail","6":"product_cat-okategoriserad","8":"first","9":"instock","10":"shipping-taxable","11":"purchasable","12":"product-type-simple"},"_links":{"self":[{"href":"https:\/\/nordicmart.andreevmaster.com\/sv\/wp-json\/wp\/v2\/product\/13071","targetHints":{"allow":["GET"]}}],"collection":[{"href":"https:\/\/nordicmart.andreevmaster.com\/sv\/wp-json\/wp\/v2\/product"}],"about":[{"href":"https:\/\/nordicmart.andreevmaster.com\/sv\/wp-json\/wp\/v2\/types\/product"}],"replies":[{"embeddable":true,"href":"https:\/\/nordicmart.andreevmaster.com\/sv\/wp-json\/wp\/v2\/comments?post=13071"}],"wp:featuredmedia":[{"embeddable":true,"href":"https:\/\/nordicmart.andreevmaster.com\/sv\/wp-json\/wp\/v2\/media\/41255"}],"wp:attachment":[{"href":"https:\/\/nordicmart.andreevmaster.com\/sv\/wp-json\/wp\/v2\/media?parent=13071"}],"wp:term":[{"taxonomy":"product_brand","embeddable":true,"href":"https:\/\/nordicmart.andreevmaster.com\/sv\/wp-json\/wp\/v2\/product_brand?post=13071"},{"taxonomy":"product_cat","embeddable":true,"href":"https:\/\/nordicmart.andreevmaster.com\/sv\/wp-json\/wp\/v2\/product_cat?post=13071"},{"taxonomy":"product_tag","embeddable":true,"href":"https:\/\/nordicmart.andreevmaster.com\/sv\/wp-json\/wp\/v2\/product_tag?post=13071"}],"curies":[{"name":"wp","href":"https:\/\/api.w.org\/{rel}","templated":true}]}}